{"id":1471,"date":"2022-08-16T06:08:27","date_gmt":"2022-08-16T04:08:27","guid":{"rendered":"https:\/\/www.ranc-ramarin.hr\/winery\/"},"modified":"2026-01-04T12:18:12","modified_gmt":"2026-01-04T11:18:12","slug":"winery","status":"publish","type":"page","link":"https:\/\/www.ranc-ramarin.hr\/en\/winery\/","title":{"rendered":"Winery"},"content":{"rendered":"<div class=\"wpb-content-wrapper\"><p>[vc_row][vc_column][\/vc_column][\/vc_row][vc_row][vc_column][vc_column_text css=&#8221;&#8221;]Step inside our winery! Here, you can discover a rich tradition and taste premium wines crafted with care and passion for viticulture. <\/p>\n<p>Our winery is located in a beautiful setting surrounded by Slavonian fields, forests, and the lakes of the Ranch, creating an idyllic atmosphere for enjoying premium wines. Our oenologists will guide you through a selection of wine varieties and reveal the secrets behind their production process. <\/p>\n<p data-start=\"290\" data-end=\"487\">Visitors can take part in a variety of activities, from wine tastings and vineyard tours to grape harvesting. We also organize wine dinners with carefully selected dishes that perfectly complement our wines. For those seeking a unique and authentic tourist experience, a visit to Ramarin Winery is the perfect choice.  <\/p>\n<p>[\/vc_column_text][\/vc_column][\/vc_row][vc_row css=&#8221;.vc_custom_1739191176680{padding-top: 30px !important;padding-bottom: 30px !important;}&#8221;][vc_column]<div id=\"cz_70080\" class=\"cz_70080 cz_title clr cz_title_pos_inline\"><div class=\"cz_title_content\"><div class=\"cz_wpe_content\"><h2>How did the whole story of Ramarin wines come about?<\/h2>\n<\/div><\/div><\/div><div class=\"cz_gap clr  hide_on_tablet hide_on_mobile\" style=\"height: 50px\"><\/div><div class=\"cz_gap show_on_tablet clr  show_only_tablet\" style=\"height: 20px\"><\/div><div class=\"cz_gap show_on_mobile clr\" style=\"height: 13px\"><\/div>[\/vc_column][\/vc_row][vc_row equal_height=&#8221;yes&#8221; content_placement=&#8221;middle&#8221;][vc_column width=&#8221;1\/2&#8243;]<div id=\"cz_104476\" class=\"cz_104476 cz_image clr cz_image_no_fx center_on_mobile\"><div class=\"\" ><div class=\"cz_image_in\"><div class=\"cz_main_image\"><img decoding=\"async\" width=\"2560\" height=\"1704\" src=\"data:image\/svg+xml,%3Csvg%20xmlns%3D&#39;http%3A%2F%2Fwww.w3.org%2F2000%2Fsvg&#39;%20width=&#39;2560&#39;%20height=&#39;1704&#39;%20viewBox%3D&#39;0%200%202560%201704&#39;%2F%3E\" data-czlz data-src=\"https:\/\/www.ranc-ramarin.hr\/wp-content\/uploads\/2022\/08\/ASO_0529-scaled-1.jpg\" class=\"attachment-full\" alt=\"\" title=\"ASO_0529-scaled\" data-srcset=\"https:\/\/www.ranc-ramarin.hr\/wp-content\/uploads\/2022\/08\/ASO_0529-scaled-1.jpg 2560w, https:\/\/www.ranc-ramarin.hr\/wp-content\/uploads\/2022\/08\/ASO_0529-scaled-1-300x200.jpg 300w, https:\/\/www.ranc-ramarin.hr\/wp-content\/uploads\/2022\/08\/ASO_0529-scaled-1-1024x682.jpg 1024w, https:\/\/www.ranc-ramarin.hr\/wp-content\/uploads\/2022\/08\/ASO_0529-scaled-1-768x511.jpg 768w, https:\/\/www.ranc-ramarin.hr\/wp-content\/uploads\/2022\/08\/ASO_0529-scaled-1-1536x1022.jpg 1536w, https:\/\/www.ranc-ramarin.hr\/wp-content\/uploads\/2022\/08\/ASO_0529-scaled-1-2048x1363.jpg 2048w, https:\/\/www.ranc-ramarin.hr\/wp-content\/uploads\/2022\/08\/ASO_0529-scaled-1-600x399.jpg 600w\" data-sizes=\"(max-width: 2560px) 100vw, 2560px\"><\/div><\/div><\/div><\/div>[\/vc_column][vc_column width=&#8221;1\/2&#8243;][vc_column_text css=&#8221;&#8221;]<\/p>\n<p data-start=\"62\" data-end=\"261\">Our vineyard is located in the village of Kloko\u010devik, just a five-minute drive from the ranch. This area has been renowned since the time of the ancient Romans, who planted vineyards here and produced their favorite beverage \u2013 wine. <\/p>\n<p data-start=\"263\" data-end=\"455\">The soil of Kloko\u010devik is exceptionally fertile, thanks to the Pannonian Sea that once covered this area. The vineyard lies along the 45th parallel, where conditions are nearly ideal for growing grapevines.  <\/p>\n<p>[\/vc_column_text][\/vc_column][\/vc_row][vc_row equal_height=&#8221;yes&#8221; content_placement=&#8221;middle&#8221;][vc_column width=&#8221;1\/2&#8243;][vc_column_text css=&#8221;&#8221;]<\/p>\n<div class=\"kc-elm kc-css-206110 kc_text_block\">\n<p data-start=\"457\" data-end=\"607\">The vineyard covers an area of 1.6 hectares, of which 1.2 hectares are planted with a total of 5,000 vines: 3,000 Traminer vines, 1,000 Gra\u0161evina, and 1,000 Pinot Noir. The carefully selected grape varieties were planted out of the owner\u2019s love for his wife, who has a fondness for the sweet notes of wine.<\/p>\n<div class=\"kc-elm kc-css-206110 kc_text_block\">\n<p>It is interesting to note that our vineyard lies along the 45.3rd parallel, the same latitude that is home to some of the world\u2019s most renowned wine regions, such as Piedmont, the Rh\u00f4ne Valley, Bordeaux, and Oregon.<\/p>\n<\/div>\n<p>Winery visits can be booked a few days in advance by calling +385 91 549 2237 or by sending an inquiry to info@ranc-ramarin.hr.<br \/>Minimum number of guests: 4. <\/p>\n<p>Winery Manager: Josip Galovi\u0107<\/p>\n<\/div>\n<p>[\/vc_column_text][\/vc_column][vc_column width=&#8221;1\/2&#8243;]<div id=\"cz_95688\" class=\"cz_95688 cz_image clr cz_image_no_fx center_on_mobile\"><div class=\"\" ><div class=\"cz_image_in\"><div class=\"cz_main_image\"><img decoding=\"async\" width=\"1024\" height=\"768\" src=\"data:image\/svg+xml,%3Csvg%20xmlns%3D&#39;http%3A%2F%2Fwww.w3.org%2F2000%2Fsvg&#39;%20width=&#39;1024&#39;%20height=&#39;768&#39;%20viewBox%3D&#39;0%200%201024%20768&#39;%2F%3E\" data-czlz data-src=\"https:\/\/www.ranc-ramarin.hr\/wp-content\/uploads\/2022\/08\/vinograd.jpg\" class=\"attachment-full\" alt=\"Vinarija Ran\u010d Ramarin u Gar\u010dinu - pogled na vinograd na suncu\" title=\"vinograd\" data-srcset=\"https:\/\/www.ranc-ramarin.hr\/wp-content\/uploads\/2022\/08\/vinograd.jpg 1024w, https:\/\/www.ranc-ramarin.hr\/wp-content\/uploads\/2022\/08\/vinograd-300x225.jpg 300w, https:\/\/www.ranc-ramarin.hr\/wp-content\/uploads\/2022\/08\/vinograd-768x576.jpg 768w, https:\/\/www.ranc-ramarin.hr\/wp-content\/uploads\/2022\/08\/vinograd-600x450.jpg 600w\" data-sizes=\"(max-width: 1024px) 100vw, 1024px\" \/><\/div><\/div><\/div><\/div>[\/vc_column][\/vc_row][vc_row css=&#8221;.vc_custom_1660638068727{margin-top: 35px !important;margin-bottom: 35px !important;}&#8221;][vc_column width=&#8221;1\/2&#8243;]<div id=\"cz_70327\" class=\"cz_70327 cz_image clr cz_image_no_fx center_on_mobile\"><div class=\"\" ><div class=\"cz_image_in\"><div class=\"cz_main_image\"><img decoding=\"async\" width=\"1816\" height=\"2420\" src=\"data:image\/svg+xml,%3Csvg%20xmlns%3D&#39;http%3A%2F%2Fwww.w3.org%2F2000%2Fsvg&#39;%20width=&#39;1816&#39;%20height=&#39;2420&#39;%20viewBox%3D&#39;0%200%201816%202420&#39;%2F%3E\" data-czlz data-src=\"https:\/\/www.ranc-ramarin.hr\/wp-content\/uploads\/2022\/08\/traminac.jpg\" class=\"attachment-full\" alt=\"Vinarija Ran\u010d Ramarin Gar\u010din i \u010da\u0161a traminca\" title=\"traminac\" data-srcset=\"https:\/\/www.ranc-ramarin.hr\/wp-content\/uploads\/2022\/08\/traminac.jpg 1816w, https:\/\/www.ranc-ramarin.hr\/wp-content\/uploads\/2022\/08\/traminac-225x300.jpg 225w, https:\/\/www.ranc-ramarin.hr\/wp-content\/uploads\/2022\/08\/traminac-768x1023.jpg 768w, https:\/\/www.ranc-ramarin.hr\/wp-content\/uploads\/2022\/08\/traminac-1153x1536.jpg 1153w, https:\/\/www.ranc-ramarin.hr\/wp-content\/uploads\/2022\/08\/traminac-1537x2048.jpg 1537w, https:\/\/www.ranc-ramarin.hr\/wp-content\/uploads\/2022\/08\/traminac-600x800.jpg 600w\" data-sizes=\"(max-width: 1816px) 100vw, 1816px\" \/><\/div><\/div><\/div><\/div>[\/vc_column][vc_column width=&#8221;1\/2&#8243;]<div id=\"cz_93001\" class=\"cz_93001 cz_image clr cz_image_no_fx center_on_mobile\"><div class=\"\" ><div class=\"cz_image_in\"><div class=\"cz_main_image\"><img decoding=\"async\" width=\"1201\" height=\"1600\" src=\"data:image\/svg+xml,%3Csvg%20xmlns%3D&#39;http%3A%2F%2Fwww.w3.org%2F2000%2Fsvg&#39;%20width=&#39;1201&#39;%20height=&#39;1600&#39;%20viewBox%3D&#39;0%200%201201%201600&#39;%2F%3E\" data-czlz data-src=\"https:\/\/www.ranc-ramarin.hr\/wp-content\/uploads\/2022\/08\/vino.jpg\" class=\"attachment-full\" alt=\"Vinarija Ran\u010d Ramarin Gar\u010din i \u010da\u0161a bijelog vina\" title=\"vino\" data-srcset=\"https:\/\/www.ranc-ramarin.hr\/wp-content\/uploads\/2022\/08\/vino.jpg 1201w, https:\/\/www.ranc-ramarin.hr\/wp-content\/uploads\/2022\/08\/vino-225x300.jpg 225w, https:\/\/www.ranc-ramarin.hr\/wp-content\/uploads\/2022\/08\/vino-769x1024.jpg 769w, https:\/\/www.ranc-ramarin.hr\/wp-content\/uploads\/2022\/08\/vino-768x1023.jpg 768w, https:\/\/www.ranc-ramarin.hr\/wp-content\/uploads\/2022\/08\/vino-1153x1536.jpg 1153w, https:\/\/www.ranc-ramarin.hr\/wp-content\/uploads\/2022\/08\/vino-600x799.jpg 600w\" data-sizes=\"(max-width: 1201px) 100vw, 1201px\" \/><\/div><\/div><\/div><\/div>[\/vc_column][\/vc_row][vc_row][vc_column]<div class=\"codevz-page-content-element\"><div data-cz-style='.vc_custom_1660740476395{background-color: #bb9458 !important;}.vc_custom_1660740307274{background-image: url(https:\/\/ranc-ramarin.hr\/wp-content\/uploads\/2022\/08\/Ranc_Ramarin_143.jpg?id=215) !important;background-position: center !important;background-repeat: no-repeat !important;background-size: cover !important;}'>[vc_row full_width=\"stretch_row_content_no_spaces\" equal_height=\"yes\" content_placement=\"middle\" css=\".vc_custom_1660740476395{background-color: #bb9458 !important;}\"][vc_column width=\"1\/2\" css=\".vc_custom_1660740307274{background-image: url(https:\/\/ranc-ramarin.hr\/wp-content\/uploads\/2022\/08\/Ranc_Ramarin_143.jpg?id=215) !important;background-position: center !important;background-repeat: no-repeat !important;background-size: cover !important;}\"]<div class=\"cz_gap clr  hide_on_tablet hide_on_mobile\" style=\"height: 350px\"><\/div><div class=\"cz_gap show_on_tablet clr  show_only_tablet\" style=\"height: 150px\"><\/div><div class=\"cz_gap show_on_mobile clr\" style=\"height: 100px\"><\/div>[\/vc_column][vc_column width=\"1\/2\" el_class=\"cta_text\"]<div class=\"cz_eqh cz_content_box_parent_fx  \"><div id=\"cz_100451\" class=\"cz_100451 cz_content_box clr\"><div class=\"cz_box_front clr\"><div class=\"cz_box_front_inner clr \"><span><\/span><div>[vc_column_text]\r\n<h2>Feel free to contact us for any questions.<\/h2>\r\n[\/vc_column_text][vc_column_text css=\"\"]<a class=\"nazovi\" href=\"tel:+385915492237\">Call us<\/a> <a class=\"poslaji\" href=\"mailto:info@ranc-ramarin.hr\">Send an enquiry<\/a>[\/vc_column_text]<\/div><\/div><\/div><\/div><\/div>[\/vc_column][\/vc_row]<\/div><\/div>[\/vc_column][\/vc_row]<\/p>\n<\/div>","protected":false},"excerpt":{"rendered":"<p>[vc_row][vc_column][\/vc_column][\/vc_row][vc_row][vc_column][vc_column_text css=&#8221;&#8221;]Step inside our winery! Here, you can discover a rich &#8230; <\/p>\n","protected":false},"author":123,"featured_media":0,"parent":0,"menu_order":0,"comment_status":"closed","ping_status":"closed","template":"","meta":{"footnotes":""},"class_list":["post-1471","page","type-page","status-publish","hentry"],"_links":{"self":[{"href":"https:\/\/www.ranc-ramarin.hr\/en\/wp-json\/wp\/v2\/pages\/1471","targetHints":{"allow":["GET"]}}],"collection":[{"href":"https:\/\/www.ranc-ramarin.hr\/en\/wp-json\/wp\/v2\/pages"}],"about":[{"href":"https:\/\/www.ranc-ramarin.hr\/en\/wp-json\/wp\/v2\/types\/page"}],"author":[{"embeddable":true,"href":"https:\/\/www.ranc-ramarin.hr\/en\/wp-json\/wp\/v2\/users\/123"}],"replies":[{"embeddable":true,"href":"https:\/\/www.ranc-ramarin.hr\/en\/wp-json\/wp\/v2\/comments?post=1471"}],"version-history":[{"count":7,"href":"https:\/\/www.ranc-ramarin.hr\/en\/wp-json\/wp\/v2\/pages\/1471\/revisions"}],"predecessor-version":[{"id":3367,"href":"https:\/\/www.ranc-ramarin.hr\/en\/wp-json\/wp\/v2\/pages\/1471\/revisions\/3367"}],"wp:attachment":[{"href":"https:\/\/www.ranc-ramarin.hr\/en\/wp-json\/wp\/v2\/media?parent=1471"}],"curies":[{"name":"wp","href":"https:\/\/api.w.org\/{rel}","templated":true}]}}