{"id":3646,"date":"2025-04-08T15:38:44","date_gmt":"2025-04-08T13:38:44","guid":{"rendered":"https:\/\/www.ranc-ramarin.hr\/tisch-reservieren\/"},"modified":"2026-02-21T16:57:29","modified_gmt":"2026-02-21T15:57:29","slug":"tisch-reservieren","status":"publish","type":"page","link":"https:\/\/www.ranc-ramarin.hr\/de\/tisch-reservieren\/","title":{"rendered":"Tisch reservieren"},"content":{"rendered":"<div class=\"wpb-content-wrapper\"><p>[vc_row css=&#8220;.vc_custom_1744119563259{padding-top: 40px !important;padding-bottom: 40px !important;}&#8220;][vc_column]<div id=\"cz_18171\" class=\"cz_18171 cz_gradient_title\"><div class=\"cz_wpe_content\"><h2 style=\"font-size: 60px; font-weight: bold; text-align: left;\"><strong>Rezervacija stola<\/strong><\/h2>\n<\/div><\/div><div class=\"cz_gap clr  hide_on_tablet hide_on_mobile\" style=\"height: 36px\"><\/div><div class=\"cz_gap show_on_tablet clr  show_only_tablet\" style=\"height: 25px\"><\/div><div class=\"cz_gap show_on_mobile clr\" style=\"height: 22px\"><\/div>[vc_column_text css=&#8220;&#8220;]Einen Tisch im Restaurant der Ranch Ramarin k\u00f6nnen Sie ganz einfach telefonisch unter <strong data-start=\"78\" data-end=\"94\">(+385) 91 549 2237 <\/strong>oder \u00fcber die <strong data-start=\"105\" data-end=\"124\">Ramarin Loyalty App<\/strong> reservieren.<\/p>\n<p>Bei jedem Verzehr von Speisen und Getr\u00e4nken sammeln Sie Punkte, die Sie sp\u00e4ter gegen Rabatte und Pr\u00e4mien einl\u00f6sen k\u00f6nnen. Die Punkte bringen Ihnen Vorteile f\u00fcr verschiedene Aktivit\u00e4ten auf der Ranch \u2013 vom Reiten \u00fcber Sportangebote bis hin zu anderen Erlebnissen, die wir anbieten.[\/vc_column_text][\/vc_column][\/vc_row]<\/p>\n<\/div>","protected":false},"excerpt":{"rendered":"<p>[vc_row css=&#8220;.vc_custom_1744119563259{padding-top: 40px !important;padding-bottom: 40px !important;}&#8220;][vc_column][vc_column_text css=&#8220;&#8220;]Einen Tisch im Restaurant der &#8230; <\/p>\n","protected":false},"author":3,"featured_media":0,"parent":0,"menu_order":0,"comment_status":"closed","ping_status":"closed","template":"","meta":{"footnotes":""},"class_list":["post-3646","page","type-page","status-publish","hentry"],"_links":{"self":[{"href":"https:\/\/www.ranc-ramarin.hr\/de\/wp-json\/wp\/v2\/pages\/3646","targetHints":{"allow":["GET"]}}],"collection":[{"href":"https:\/\/www.ranc-ramarin.hr\/de\/wp-json\/wp\/v2\/pages"}],"about":[{"href":"https:\/\/www.ranc-ramarin.hr\/de\/wp-json\/wp\/v2\/types\/page"}],"author":[{"embeddable":true,"href":"https:\/\/www.ranc-ramarin.hr\/de\/wp-json\/wp\/v2\/users\/3"}],"replies":[{"embeddable":true,"href":"https:\/\/www.ranc-ramarin.hr\/de\/wp-json\/wp\/v2\/comments?post=3646"}],"version-history":[{"count":2,"href":"https:\/\/www.ranc-ramarin.hr\/de\/wp-json\/wp\/v2\/pages\/3646\/revisions"}],"predecessor-version":[{"id":3648,"href":"https:\/\/www.ranc-ramarin.hr\/de\/wp-json\/wp\/v2\/pages\/3646\/revisions\/3648"}],"wp:attachment":[{"href":"https:\/\/www.ranc-ramarin.hr\/de\/wp-json\/wp\/v2\/media?parent=3646"}],"curies":[{"name":"wp","href":"https:\/\/api.w.org\/{rel}","templated":true}]}}