{"id":3619,"date":"2022-08-16T14:37:06","date_gmt":"2022-08-16T12:37:06","guid":{"rendered":"https:\/\/www.ranc-ramarin.hr\/ladestation-fuer-elektroautos\/"},"modified":"2026-02-21T12:54:49","modified_gmt":"2026-02-21T11:54:49","slug":"ladestation-fuer-elektroautos","status":"publish","type":"page","link":"https:\/\/www.ranc-ramarin.hr\/de\/ladestation-fuer-elektroautos\/","title":{"rendered":"Ladestation f\u00fcr Elektroautos"},"content":{"rendered":"<div class=\"wpb-content-wrapper\"><p>[vc_row][vc_column][vc_column_text css=&#8220;&#8220;]<\/p>\n<h2 style=\"text-align: center\">Auf unserer Ranch haben wir Ladestationen f\u00fcr Elektroautos eingerichtet, um eine gr\u00fcnere Zukunft zu unterst\u00fctzen. <!-- notionvc: 138b9fd6-90d8-4657-910a-11fa46bc09ab --><\/h2>\n<p>[\/vc_column_text][vc_column_text css=&#8220;&#8220;]<\/p>\n<p data-start=\"58\" data-end=\"209\">Von Anfang an pflegen wir umweltfreundliches Wirtschaften und Achtsamkeit gegen\u00fcber der Natur. Daher war der n\u00e4chste logische Schritt, Ladestationen f\u00fcr Elektrofahrzeuge einzuf\u00fchren.<\/p>\n<p data-start=\"211\" data-end=\"337\">Eine gr\u00fcne Zukunft ist uns sehr wichtig, und wir m\u00f6chten, dass Sie sich auf der Ranch entspannt und unbeschwert f\u00fchlen, w\u00e4hrend Sie <a href=\"https:\/\/www.ranc-ramarin.hr\/de\/restaurant-ramarin\/\">all unsere Einrichtungen genie\u00dfen<\/a>.<\/p>\n<p data-start=\"339\" data-end=\"523\">Es stehen zwei Schnellladestationen zur Verf\u00fcgung, die Ihr Auto in nur wenigen Stunden vollst\u00e4ndig aufladen. Nach dem Laden k\u00f6nnen Sie Ihr Fahrzeug auf den ger\u00e4umigen Parkplatz nur wenige Meter entfernt umstellen. <\/p>\n<p>[\/vc_column_text]<div id=\"cz_89695\" class=\"cz_89695 cz_gradient_title\"><div class=\"cz_wpe_content\"><h3 style=\"font-weight: bold;text-align: center\"><a href=\"https:\/\/www.plugshare.com\/hr\" target=\"_blank\" rel=\"noopener\"><strong>Popis punionica za elektri\u010dna vozila<\/strong><\/a><\/h3>\n<\/div><\/div><div class=\"cz_gap clr \" style=\"height: 50px\"><\/div>[\/vc_column][\/vc_row][vc_row][vc_column]<div id=\"cz_79414\" class=\"cz_79414 cz_image clr cz_image_no_fx center_on_mobile\"><div class=\"\" ><div class=\"cz_image_in\"><div class=\"cz_main_image\"><img decoding=\"async\" width=\"2048\" height=\"1365\" src=\"data:image\/svg+xml,%3Csvg%20xmlns%3D&#39;http%3A%2F%2Fwww.w3.org%2F2000%2Fsvg&#39;%20width=&#39;2048&#39;%20height=&#39;1365&#39;%20viewBox%3D&#39;0%200%202048%201365&#39;%2F%3E\" data-czlz data-src=\"https:\/\/www.ranc-ramarin.hr\/wp-content\/uploads\/2024\/07\/ramarin-elektricne-punionice-auto-3.jpeg\" class=\"attachment-full\" alt=\"Punionica za elektri\u010dne automobile\" title=\"Ladestation f\u00fcr Elektroautos\" data-srcset=\"https:\/\/www.ranc-ramarin.hr\/wp-content\/uploads\/2024\/07\/ramarin-elektricne-punionice-auto-3.jpeg 2048w, https:\/\/www.ranc-ramarin.hr\/wp-content\/uploads\/2024\/07\/ramarin-elektricne-punionice-auto-3-300x200.jpeg 300w, https:\/\/www.ranc-ramarin.hr\/wp-content\/uploads\/2024\/07\/ramarin-elektricne-punionice-auto-3-1024x683.jpeg 1024w, https:\/\/www.ranc-ramarin.hr\/wp-content\/uploads\/2024\/07\/ramarin-elektricne-punionice-auto-3-768x512.jpeg 768w, https:\/\/www.ranc-ramarin.hr\/wp-content\/uploads\/2024\/07\/ramarin-elektricne-punionice-auto-3-1536x1024.jpeg 1536w, https:\/\/www.ranc-ramarin.hr\/wp-content\/uploads\/2024\/07\/ramarin-elektricne-punionice-auto-3-600x400.jpeg 600w\" data-sizes=\"(max-width: 2048px) 100vw, 2048px\" \/><\/div><\/div><\/div><\/div><div class=\"cz_gap clr \" style=\"height: 50px\"><\/div>[\/vc_column][\/vc_row][vc_row][vc_column]<div class=\"cz_gap clr  hide_on_tablet hide_on_mobile\" style=\"height: 75px\"><\/div><div class=\"cz_gap show_on_tablet clr  show_only_tablet\" style=\"height: 55px\"><\/div><div class=\"cz_gap show_on_mobile clr\" style=\"height: 35px\"><\/div><div class=\"codevz-page-content-element\"><div data-cz-style='.vc_custom_1660740476395{background-color: #bb9458 !important;}.vc_custom_1660740307274{background-image: url(https:\/\/ranc-ramarin.hr\/wp-content\/uploads\/2022\/08\/Ranc_Ramarin_143.jpg?id=215) !important;background-position: center !important;background-repeat: no-repeat !important;background-size: cover !important;}'>[vc_row full_width=\"stretch_row_content_no_spaces\" equal_height=\"yes\" content_placement=\"middle\" css=\".vc_custom_1660740476395{background-color: #bb9458 !important;}\"][vc_column width=\"1\/2\" css=\".vc_custom_1660740307274{background-image: url(https:\/\/ranc-ramarin.hr\/wp-content\/uploads\/2022\/08\/Ranc_Ramarin_143.jpg?id=215) !important;background-position: center !important;background-repeat: no-repeat !important;background-size: cover !important;}\"]<div class=\"cz_gap clr  hide_on_tablet hide_on_mobile\" style=\"height: 350px\"><\/div><div class=\"cz_gap show_on_tablet clr  show_only_tablet\" style=\"height: 150px\"><\/div><div class=\"cz_gap show_on_mobile clr\" style=\"height: 100px\"><\/div>[\/vc_column][vc_column width=\"1\/2\" el_class=\"cta_text\"]<div class=\"cz_eqh cz_content_box_parent_fx  \"><div id=\"cz_100451\" class=\"cz_100451 cz_content_box clr\"><div class=\"cz_box_front clr\"><div class=\"cz_box_front_inner clr \"><span><\/span><div>[vc_column_text]\r\n<h2>Kontaktieren Sie uns f\u00fcr weitere Informationen<\/h2>\r\n[\/vc_column_text][vc_column_text css=\"\"]<a class=\"nazovi\" href=\"tel:+385915492237\">Rufen Sie uns an<\/a> <a class=\"poslaji\" href=\"mailto:info@ranc-ramarin.hr\">Senden Sie eine Anfrage<\/a>[\/vc_column_text]<\/div><\/div><\/div><\/div><\/div>[\/vc_column][\/vc_row]<\/div><\/div>[\/vc_column][\/vc_row]<\/p>\n<\/div>","protected":false},"excerpt":{"rendered":"<p>[vc_row][vc_column][vc_column_text css=&#8220;&#8220;] Auf unserer Ranch haben wir Ladestationen f\u00fcr Elektroautos eingerichtet, &#8230; <\/p>\n","protected":false},"author":123,"featured_media":0,"parent":0,"menu_order":0,"comment_status":"closed","ping_status":"closed","template":"","meta":{"footnotes":""},"class_list":["post-3619","page","type-page","status-publish","hentry"],"_links":{"self":[{"href":"https:\/\/www.ranc-ramarin.hr\/de\/wp-json\/wp\/v2\/pages\/3619","targetHints":{"allow":["GET"]}}],"collection":[{"href":"https:\/\/www.ranc-ramarin.hr\/de\/wp-json\/wp\/v2\/pages"}],"about":[{"href":"https:\/\/www.ranc-ramarin.hr\/de\/wp-json\/wp\/v2\/types\/page"}],"author":[{"embeddable":true,"href":"https:\/\/www.ranc-ramarin.hr\/de\/wp-json\/wp\/v2\/users\/123"}],"replies":[{"embeddable":true,"href":"https:\/\/www.ranc-ramarin.hr\/de\/wp-json\/wp\/v2\/comments?post=3619"}],"version-history":[{"count":4,"href":"https:\/\/www.ranc-ramarin.hr\/de\/wp-json\/wp\/v2\/pages\/3619\/revisions"}],"predecessor-version":[{"id":3623,"href":"https:\/\/www.ranc-ramarin.hr\/de\/wp-json\/wp\/v2\/pages\/3619\/revisions\/3623"}],"wp:attachment":[{"href":"https:\/\/www.ranc-ramarin.hr\/de\/wp-json\/wp\/v2\/media?parent=3619"}],"curies":[{"name":"wp","href":"https:\/\/api.w.org\/{rel}","templated":true}]}}