{"id":3604,"date":"2024-01-18T12:45:27","date_gmt":"2024-01-18T11:45:27","guid":{"rendered":"https:\/\/www.ranc-ramarin.hr\/projekte\/"},"modified":"2026-02-21T12:44:01","modified_gmt":"2026-02-21T11:44:01","slug":"projekte","status":"publish","type":"page","link":"https:\/\/www.ranc-ramarin.hr\/de\/projekte\/","title":{"rendered":"Projekte"},"content":{"rendered":"<div class=\"wpb-content-wrapper\"><p>[vc_row full_width=&#8220;stretch_row&#8220; css=&#8220;.vc_custom_1498841417972{background-color: #f5f5f5 !important;}&#8220;][vc_column]<div class=\"cz_gap clr \" style=\"height: 80px\"><\/div><div id=\"cz_103938\" class=\"cz_103938 cz_title clr cz_title_pos_inline\"><div class=\"cz_title_shape shape_text cz_shape_1\">PROJEKTI<\/div><div class=\"cz_title_content\"><span class=\"cz_line_side_solo\">_<\/span><div class=\"cz_wpe_content\"><h3><span style=\"font-size: 40px\">Projekte<\/span><\/h3>\n<p>Projekte, die wir durchgef\u00fchrt haben oder derzeit durchf\u00fchren<\/p>\n<\/div><\/div><\/div><div class=\"cz_gap clr \" style=\"height: 40px\"><\/div>[\/vc_column][\/vc_row][vc_row][vc_column]<div class=\"cz_gap clr \" style=\"height: 100px\"><\/div>[\/vc_column][\/vc_row][vc_row][vc_column]<div id=\"cz_58130\" class=\"cz_58130 cz_title clr cz_title_pos_inline\"><div class=\"cz_title_content\"><span class=\"cz_line_side_solo\">_<\/span><div class=\"cz_wpe_content\"><h2>Ramarin Ranch \u2013 St\u00e4rkung der Gesch\u00e4ftsnachhaltigkeit durch gr\u00fcne und digitale Transformation<\/h2>\n<p>Projektkennzeichen: NPOO.C1.6.R1-I2.01-V1.0011<\/p>\n<\/div><\/div><\/div>[\/vc_column][\/vc_row][vc_row][vc_column][vc_single_image image=&#8220;1823&#8243; img_size=&#8220;full&#8220; alignment=&#8220;center&#8220;][vc_column_text]<strong>Projektziel:<\/strong><\/p>\n<p>Ziel des Projekts ist die gr\u00fcne und digitale Transformation, die Entwicklung eines nachhaltigen Ganzjahresbetriebs, die St\u00e4rkung der Widerstandsf\u00e4higkeit und die qualitativ hochwertige Positionierung der Ramarin Ranch auf den HR- und EU-Tourismusm\u00e4rkten durch die Entwicklung von Tourismusprodukten mit hohem Mehrwert und Investitionen in umweltfreundliche Prozesse.<\/p>\n<p>Das Projekt umfasst Investitionen in das Diffuse Hotel und zus\u00e4tzliche Einrichtungen, Investitionen in die gr\u00fcne Transformation (Ressourcen- und Energieeffizienz, Kreislaufwirtschaft, erneuerbare Energien), digitale Transformation sowie die Entwicklung digitaler und gr\u00fcner Kompetenzen.<\/p>\n<p>Das Projekt tr\u00e4gt zum nachhaltigen und CO\u2082-armen Wachstum eines hochwertigen Tourismus in weniger entwickelten Touristengebieten (ITR4) bei und st\u00e4rkt die soziale Nachhaltigkeit durch die Schaffung von Arbeitspl\u00e4tzen in den lokalen Gemeinden \u2013 GAR\u010cIN (unterst\u00fctztes Gebiet).<\/p>\n<p><strong>Erwartete Projektergebnisse:<\/strong><\/p>\n<p>R1. INVESTITIONEN IN MASSNAHMEN DER GR\u00dcNEN TRANSFORMATION ABGESCHLOSSEN<br \/>A. Investition in Bau und Ausstattung des Diffuse Hotels abgeschlossen<br \/>B. Investition in erneuerbare Energien abgeschlossen<br \/>C. Investition in zus\u00e4tzliche Hoteleinrichtungen abgeschlossen<br \/>D. Investition in L\u00f6sungen zur Reduzierung von Lebensmittelabf\u00e4llen und Plastikverbrauch abgeschlossen<br \/>E. Investition in gr\u00fcne Kompetenzen abgeschlossen <\/p>\n<p>R2. INVESTITIONEN IN MASSNAHMEN DER DIGITALEN TRANSFORMATION ABGESCHLOSSEN<br \/>Investitionen in die Einf\u00fchrung von IKT-L\u00f6sungen, digitalen Technologien, Gesch\u00e4ftsmodellen und digitalen Kompetenzen abgeschlossen, um die digitale Transformation des Betriebs zu erreichen. <\/p>\n<p>R3. PROJEKT ERFOLGREICH DURCHGEF\u00dcHRT UND DER \u00d6FFENTLICHKEIT PR\u00c4SENTIERT<br \/>Projektziele innerhalb des geplanten Budgets und Zeitrahmens erreicht. <\/p>\n<p><strong>Gesamtprojektwert<\/strong>: 3.350.061,06 \u20ac<br \/><strong>Gesamtkosten f\u00f6rderf\u00e4hig:<\/strong> 3.139.619,89 \u20ac<br \/><strong>EU-Kofinanzierung<\/strong>: 2.184.438,80 \u20ac<\/p>\n<p>Projektzeitraum: 01.07.2023 \u2013 30.06.2025 <\/p>\n<p>Kontaktperson: Renato Samard\u017ei\u0107, Gesch\u00e4ftsf\u00fchrer<\/p>\n<p><strong>Links:<\/strong> <a href=\"https:\/\/fondovieu.gov.hr\/\" target=\"_blank\" rel=\"noopener\">https:\/\/fondovieu.gov.hr\/<\/a>[\/vc_column_text][\/vc_column][\/vc_row][vc_row][vc_column][\/vc_column][\/vc_row][vc_row css=&#8220;.vc_custom_1705579660462{padding-top: 60px !important;}&#8220;][vc_column]<div id=\"cz_66731\" class=\"cz_66731 cz_title clr cz_title_pos_inline\"><div class=\"cz_title_content\"><span class=\"cz_line_side_solo\">_<\/span><div class=\"cz_wpe_content\"><h2>Bau des Restaurants<\/h2>\n<p>Programm f\u00fcr l\u00e4ndliche Entwicklung<\/p>\n<\/div><\/div><\/div>[\/vc_column][\/vc_row][vc_row][vc_column][vc_single_image image=&#8220;1081&#8243; img_size=&#8220;full&#8220;][\/vc_column][\/vc_row]<\/p>\n<\/div>","protected":false},"excerpt":{"rendered":"<p>[vc_row full_width=&#8220;stretch_row&#8220; css=&#8220;.vc_custom_1498841417972{background-color: #f5f5f5 !important;}&#8220;][vc_column][\/vc_column][\/vc_row][vc_row][vc_column][\/vc_column][\/vc_row][vc_row][vc_column][\/vc_column][\/vc_row][vc_row][vc_column][vc_single_image image=&#8220;1823&#8243; img_size=&#8220;full&#8220; alignment=&#8220;center&#8220;][vc_column_text]Projektziel: Ziel des Projekts &#8230; <\/p>\n","protected":false},"author":3,"featured_media":0,"parent":0,"menu_order":0,"comment_status":"closed","ping_status":"closed","template":"","meta":{"footnotes":""},"class_list":["post-3604","page","type-page","status-publish","hentry"],"_links":{"self":[{"href":"https:\/\/www.ranc-ramarin.hr\/de\/wp-json\/wp\/v2\/pages\/3604","targetHints":{"allow":["GET"]}}],"collection":[{"href":"https:\/\/www.ranc-ramarin.hr\/de\/wp-json\/wp\/v2\/pages"}],"about":[{"href":"https:\/\/www.ranc-ramarin.hr\/de\/wp-json\/wp\/v2\/types\/page"}],"author":[{"embeddable":true,"href":"https:\/\/www.ranc-ramarin.hr\/de\/wp-json\/wp\/v2\/users\/3"}],"replies":[{"embeddable":true,"href":"https:\/\/www.ranc-ramarin.hr\/de\/wp-json\/wp\/v2\/comments?post=3604"}],"version-history":[{"count":5,"href":"https:\/\/www.ranc-ramarin.hr\/de\/wp-json\/wp\/v2\/pages\/3604\/revisions"}],"predecessor-version":[{"id":3609,"href":"https:\/\/www.ranc-ramarin.hr\/de\/wp-json\/wp\/v2\/pages\/3604\/revisions\/3609"}],"wp:attachment":[{"href":"https:\/\/www.ranc-ramarin.hr\/de\/wp-json\/wp\/v2\/media?parent=3604"}],"curies":[{"name":"wp","href":"https:\/\/api.w.org\/{rel}","templated":true}]}}