{"id":2003,"date":"2024-04-09T14:32:01","date_gmt":"2024-04-09T12:32:01","guid":{"rendered":"https:\/\/www.ranc-ramarin.hr\/hochzeitssaal\/"},"modified":"2026-02-22T12:52:39","modified_gmt":"2026-02-22T11:52:39","slug":"hochzeitssaal","status":"publish","type":"page","link":"https:\/\/www.ranc-ramarin.hr\/de\/hochzeitssaal\/","title":{"rendered":"Hochzeiten"},"content":{"rendered":"<div class=\"wpb-content-wrapper\"><p>[vc_row][vc_column width=&#8220;2\/3&#8243;][vc_column_text]Unser Bankettsaal mit einer Kapazit\u00e4t von bis zu 300 Personen ist der perfekte Ort f\u00fcr jede besondere Feier. Hier wurde jedes Detail sorgf\u00e4ltig entworfen, um eine Atmosph\u00e4re zu schaffen, die Ihnen f\u00fcr immer in Erinnerung bleiben wird. Ob Sie eine traditionelle Zeremonie oder eine moderne Party planen, unser Saal bietet Ihnen die Flexibilit\u00e4t und Eleganz, um alle Erwartungen zu erf\u00fcllen. Die Halle ist von viel Gr\u00fcn, Natur und Seen umgeben und manchmal werden Sie von Ranchtieren besucht. Das macht unseren Ballsaal anders und spezieller!<\/p>\n<p>Unser Saal bietet mehr als nur Platz und kann an verschiedene Aktivit\u00e4ten angepasst werden, darunter Gesch\u00e4ftskonferenzen, Seminare, Teambuilding und andere Gesch\u00e4ftsveranstaltungen. Es ist mit modernster Technik ausgestattet und der LED-Bildschirm (Abmessungen 3\u00d72 m2) erm\u00f6glicht eine professionelle Ansprache der Veranstalter. Neben gesch\u00e4ftlichen Feiern ist unser Saal auch ein idealer Ort f\u00fcr private Feiern wie Taufen, Konfirmationen, Kommunionen und andere Familienfeiern.<\/p>\n<p>Ihr besonderer Anlass verdient einen besonderen Ort. Lassen Sie uns Ihnen helfen, ein unvergessliches Ereignis zu gestalten, das Ihr Leben pr\u00e4gen wird. Kontaktieren Sie uns noch heute, um Ihren Termin zu reservieren und Ihre Reise zur perfekten Feier zu beginnen.[\/vc_column_text][\/vc_column][vc_column width=&#8220;1\/3&#8243; css=&#8220;.vc_custom_1712675785967{padding-right: 20px !important;padding-left: 20px !important;}&#8220;][\/vc_column][\/vc_row][vc_row][vc_column]<div id=\"cz_105082\" class=\"cz_grid_p cz_105082\"><div class=\"cz_grid cz_grid_1 clr cz_justified cz_grid_1_no_title cz_grid_1_mid tac cz_grid_two_columns_on_mobile\"><div class=\"cz_grid_item \"><div><a class=\"cz_grid_link \" href=\"https:\/\/www.ranc-ramarin.hr\/wp-content\/uploads\/2024\/04\/ranc-ramarin-sala-vjencanje-1.jpeg\" data-xtra-lightbox><img decoding=\"async\" width=\"1620\" height=\"1080\" src=\"data:image\/svg+xml,%3Csvg%20xmlns%3D&#39;http%3A%2F%2Fwww.w3.org%2F2000%2Fsvg&#39;%20width=&#39;1620&#39;%20height=&#39;1080&#39;%20viewBox%3D&#39;0%200%201620%201080&#39;%2F%3E\" data-czlz data-src=\"https:\/\/www.ranc-ramarin.hr\/wp-content\/uploads\/2024\/04\/ranc-ramarin-sala-vjencanje-1.jpeg\" class=\"attachment-full\" alt=\"Sve\u010dana dvorana u Slavoniji blizu Slavonskog Broda - Ran\u010d Ramarin\" title=\"ranc-ramarin-sala-vjencanje-1\" data-srcset=\"https:\/\/www.ranc-ramarin.hr\/wp-content\/uploads\/2024\/04\/ranc-ramarin-sala-vjencanje-1.jpeg 1620w, https:\/\/www.ranc-ramarin.hr\/wp-content\/uploads\/2024\/04\/ranc-ramarin-sala-vjencanje-1-300x200.jpeg 300w, https:\/\/www.ranc-ramarin.hr\/wp-content\/uploads\/2024\/04\/ranc-ramarin-sala-vjencanje-1-1024x683.jpeg 1024w, https:\/\/www.ranc-ramarin.hr\/wp-content\/uploads\/2024\/04\/ranc-ramarin-sala-vjencanje-1-768x512.jpeg 768w, https:\/\/www.ranc-ramarin.hr\/wp-content\/uploads\/2024\/04\/ranc-ramarin-sala-vjencanje-1-1536x1024.jpeg 1536w, https:\/\/www.ranc-ramarin.hr\/wp-content\/uploads\/2024\/04\/ranc-ramarin-sala-vjencanje-1-600x400.jpeg 600w\" data-sizes=\"(max-width: 1620px) 100vw, 1620px\" \/><div class=\"cz_grid_details\"><i class=\"fa fa-search cz_grid_icon\"><\/i><\/div><\/a><\/div><\/div><div class=\"cz_grid_item \"><div><a class=\"cz_grid_link \" href=\"https:\/\/www.ranc-ramarin.hr\/wp-content\/uploads\/2024\/04\/ranc-ramarin-sala-vjencanje-2.jpeg\" data-xtra-lightbox><img decoding=\"async\" width=\"2000\" height=\"934\" src=\"data:image\/svg+xml,%3Csvg%20xmlns%3D&#39;http%3A%2F%2Fwww.w3.org%2F2000%2Fsvg&#39;%20width=&#39;2000&#39;%20height=&#39;934&#39;%20viewBox%3D&#39;0%200%202000%20934&#39;%2F%3E\" data-czlz data-src=\"https:\/\/www.ranc-ramarin.hr\/wp-content\/uploads\/2024\/04\/ranc-ramarin-sala-vjencanje-2.jpeg\" class=\"attachment-full\" alt=\"Sve\u010dana dvorana Slavonija Ran\u010d Ramarin\" title=\"ranc-ramarin-sala-vjencanje-2\" data-srcset=\"https:\/\/www.ranc-ramarin.hr\/wp-content\/uploads\/2024\/04\/ranc-ramarin-sala-vjencanje-2.jpeg 2000w, https:\/\/www.ranc-ramarin.hr\/wp-content\/uploads\/2024\/04\/ranc-ramarin-sala-vjencanje-2-300x140.jpeg 300w, https:\/\/www.ranc-ramarin.hr\/wp-content\/uploads\/2024\/04\/ranc-ramarin-sala-vjencanje-2-1024x478.jpeg 1024w, https:\/\/www.ranc-ramarin.hr\/wp-content\/uploads\/2024\/04\/ranc-ramarin-sala-vjencanje-2-768x359.jpeg 768w, https:\/\/www.ranc-ramarin.hr\/wp-content\/uploads\/2024\/04\/ranc-ramarin-sala-vjencanje-2-1536x717.jpeg 1536w, https:\/\/www.ranc-ramarin.hr\/wp-content\/uploads\/2024\/04\/ranc-ramarin-sala-vjencanje-2-600x280.jpeg 600w\" data-sizes=\"(max-width: 2000px) 100vw, 2000px\" \/><div class=\"cz_grid_details\"><i class=\"fa fa-search cz_grid_icon\"><\/i><\/div><\/a><\/div><\/div><div class=\"cz_grid_item \"><div><a class=\"cz_grid_link \" href=\"https:\/\/www.ranc-ramarin.hr\/wp-content\/uploads\/2024\/04\/ranc-ramarin-sala-vjencanje-3.jpeg\" data-xtra-lightbox><img decoding=\"async\" width=\"934\" height=\"2000\" src=\"data:image\/svg+xml,%3Csvg%20xmlns%3D&#39;http%3A%2F%2Fwww.w3.org%2F2000%2Fsvg&#39;%20width=&#39;934&#39;%20height=&#39;2000&#39;%20viewBox%3D&#39;0%200%20934%202000&#39;%2F%3E\" data-czlz data-src=\"https:\/\/www.ranc-ramarin.hr\/wp-content\/uploads\/2024\/04\/ranc-ramarin-sala-vjencanje-3.jpeg\" class=\"attachment-full\" alt=\"\" title=\"ranc-ramarin-sala-vjencanje-3\" data-srcset=\"https:\/\/www.ranc-ramarin.hr\/wp-content\/uploads\/2024\/04\/ranc-ramarin-sala-vjencanje-3.jpeg 934w, https:\/\/www.ranc-ramarin.hr\/wp-content\/uploads\/2024\/04\/ranc-ramarin-sala-vjencanje-3-140x300.jpeg 140w, https:\/\/www.ranc-ramarin.hr\/wp-content\/uploads\/2024\/04\/ranc-ramarin-sala-vjencanje-3-478x1024.jpeg 478w, https:\/\/www.ranc-ramarin.hr\/wp-content\/uploads\/2024\/04\/ranc-ramarin-sala-vjencanje-3-768x1645.jpeg 768w, https:\/\/www.ranc-ramarin.hr\/wp-content\/uploads\/2024\/04\/ranc-ramarin-sala-vjencanje-3-717x1536.jpeg 717w, https:\/\/www.ranc-ramarin.hr\/wp-content\/uploads\/2024\/04\/ranc-ramarin-sala-vjencanje-3-600x1285.jpeg 600w\" data-sizes=\"(max-width: 934px) 100vw, 934px\"><div class=\"cz_grid_details\"><i class=\"fa fa-search cz_grid_icon\"><\/i><\/div><\/a><\/div><\/div><div class=\"cz_grid_item \"><div><a class=\"cz_grid_link \" href=\"https:\/\/www.ranc-ramarin.hr\/wp-content\/uploads\/2024\/04\/ranc-ramarin-sala-vjencanje-4.jpeg\" data-xtra-lightbox><img decoding=\"async\" width=\"1620\" height=\"1080\" src=\"data:image\/svg+xml,%3Csvg%20xmlns%3D&#39;http%3A%2F%2Fwww.w3.org%2F2000%2Fsvg&#39;%20width=&#39;1620&#39;%20height=&#39;1080&#39;%20viewBox%3D&#39;0%200%201620%201080&#39;%2F%3E\" data-czlz data-src=\"https:\/\/www.ranc-ramarin.hr\/wp-content\/uploads\/2024\/04\/ranc-ramarin-sala-vjencanje-4.jpeg\" class=\"attachment-full\" alt=\"\" title=\"ranc-ramarin-sala-vjencanje-4\" data-srcset=\"https:\/\/www.ranc-ramarin.hr\/wp-content\/uploads\/2024\/04\/ranc-ramarin-sala-vjencanje-4.jpeg 1620w, https:\/\/www.ranc-ramarin.hr\/wp-content\/uploads\/2024\/04\/ranc-ramarin-sala-vjencanje-4-300x200.jpeg 300w, https:\/\/www.ranc-ramarin.hr\/wp-content\/uploads\/2024\/04\/ranc-ramarin-sala-vjencanje-4-1024x683.jpeg 1024w, https:\/\/www.ranc-ramarin.hr\/wp-content\/uploads\/2024\/04\/ranc-ramarin-sala-vjencanje-4-768x512.jpeg 768w, https:\/\/www.ranc-ramarin.hr\/wp-content\/uploads\/2024\/04\/ranc-ramarin-sala-vjencanje-4-1536x1024.jpeg 1536w, https:\/\/www.ranc-ramarin.hr\/wp-content\/uploads\/2024\/04\/ranc-ramarin-sala-vjencanje-4-600x400.jpeg 600w\" data-sizes=\"(max-width: 1620px) 100vw, 1620px\"><div class=\"cz_grid_details\"><i class=\"fa fa-search cz_grid_icon\"><\/i><\/div><\/a><\/div><\/div><div class=\"cz_grid_item \"><div><a class=\"cz_grid_link \" href=\"https:\/\/www.ranc-ramarin.hr\/wp-content\/uploads\/2024\/04\/ranc-ramarin-sala-vjencanje-5.jpeg\" data-xtra-lightbox><img decoding=\"async\" width=\"2048\" height=\"922\" src=\"data:image\/svg+xml,%3Csvg%20xmlns%3D&#39;http%3A%2F%2Fwww.w3.org%2F2000%2Fsvg&#39;%20width=&#39;2048&#39;%20height=&#39;922&#39;%20viewBox%3D&#39;0%200%202048%20922&#39;%2F%3E\" data-czlz data-src=\"https:\/\/www.ranc-ramarin.hr\/wp-content\/uploads\/2024\/04\/ranc-ramarin-sala-vjencanje-5.jpeg\" class=\"attachment-full\" alt=\"\" title=\"ranc-ramarin-sala-vjencanje-5\" data-srcset=\"https:\/\/www.ranc-ramarin.hr\/wp-content\/uploads\/2024\/04\/ranc-ramarin-sala-vjencanje-5.jpeg 2048w, https:\/\/www.ranc-ramarin.hr\/wp-content\/uploads\/2024\/04\/ranc-ramarin-sala-vjencanje-5-300x135.jpeg 300w, https:\/\/www.ranc-ramarin.hr\/wp-content\/uploads\/2024\/04\/ranc-ramarin-sala-vjencanje-5-1024x461.jpeg 1024w, https:\/\/www.ranc-ramarin.hr\/wp-content\/uploads\/2024\/04\/ranc-ramarin-sala-vjencanje-5-768x346.jpeg 768w, https:\/\/www.ranc-ramarin.hr\/wp-content\/uploads\/2024\/04\/ranc-ramarin-sala-vjencanje-5-1536x692.jpeg 1536w, https:\/\/www.ranc-ramarin.hr\/wp-content\/uploads\/2024\/04\/ranc-ramarin-sala-vjencanje-5-600x270.jpeg 600w\" data-sizes=\"(max-width: 2048px) 100vw, 2048px\"><div class=\"cz_grid_details\"><i class=\"fa fa-search cz_grid_icon\"><\/i><\/div><\/a><\/div><\/div><div class=\"cz_grid_item \"><div><a class=\"cz_grid_link \" href=\"https:\/\/www.ranc-ramarin.hr\/wp-content\/uploads\/2024\/04\/ranc-ramarin-sala-vjencanje-6.jpeg\" data-xtra-lightbox><img decoding=\"async\" width=\"1599\" height=\"1066\" src=\"data:image\/svg+xml,%3Csvg%20xmlns%3D&#39;http%3A%2F%2Fwww.w3.org%2F2000%2Fsvg&#39;%20width=&#39;1599&#39;%20height=&#39;1066&#39;%20viewBox%3D&#39;0%200%201599%201066&#39;%2F%3E\" data-czlz data-src=\"https:\/\/www.ranc-ramarin.hr\/wp-content\/uploads\/2024\/04\/ranc-ramarin-sala-vjencanje-6.jpeg\" class=\"attachment-full\" alt=\"\" title=\"ranc-ramarin-sala-vjencanje-6\" data-srcset=\"https:\/\/www.ranc-ramarin.hr\/wp-content\/uploads\/2024\/04\/ranc-ramarin-sala-vjencanje-6.jpeg 1599w, https:\/\/www.ranc-ramarin.hr\/wp-content\/uploads\/2024\/04\/ranc-ramarin-sala-vjencanje-6-300x200.jpeg 300w, https:\/\/www.ranc-ramarin.hr\/wp-content\/uploads\/2024\/04\/ranc-ramarin-sala-vjencanje-6-1024x683.jpeg 1024w, https:\/\/www.ranc-ramarin.hr\/wp-content\/uploads\/2024\/04\/ranc-ramarin-sala-vjencanje-6-768x512.jpeg 768w, https:\/\/www.ranc-ramarin.hr\/wp-content\/uploads\/2024\/04\/ranc-ramarin-sala-vjencanje-6-1536x1024.jpeg 1536w, https:\/\/www.ranc-ramarin.hr\/wp-content\/uploads\/2024\/04\/ranc-ramarin-sala-vjencanje-6-600x400.jpeg 600w\" data-sizes=\"(max-width: 1599px) 100vw, 1599px\"><div class=\"cz_grid_details\"><i class=\"fa fa-search cz_grid_icon\"><\/i><\/div><\/a><\/div><\/div><div class=\"cz_grid_item \"><div><a class=\"cz_grid_link \" href=\"https:\/\/www.ranc-ramarin.hr\/wp-content\/uploads\/2024\/04\/ranc-ramarin-sala-vjencanje-7.jpeg\" data-xtra-lightbox><img decoding=\"async\" width=\"2048\" height=\"922\" src=\"data:image\/svg+xml,%3Csvg%20xmlns%3D&#39;http%3A%2F%2Fwww.w3.org%2F2000%2Fsvg&#39;%20width=&#39;2048&#39;%20height=&#39;922&#39;%20viewBox%3D&#39;0%200%202048%20922&#39;%2F%3E\" data-czlz data-src=\"https:\/\/www.ranc-ramarin.hr\/wp-content\/uploads\/2024\/04\/ranc-ramarin-sala-vjencanje-7.jpeg\" class=\"attachment-full\" alt=\"\" title=\"ranc-ramarin-sala-vjencanje-7\" data-srcset=\"https:\/\/www.ranc-ramarin.hr\/wp-content\/uploads\/2024\/04\/ranc-ramarin-sala-vjencanje-7.jpeg 2048w, https:\/\/www.ranc-ramarin.hr\/wp-content\/uploads\/2024\/04\/ranc-ramarin-sala-vjencanje-7-300x135.jpeg 300w, https:\/\/www.ranc-ramarin.hr\/wp-content\/uploads\/2024\/04\/ranc-ramarin-sala-vjencanje-7-1024x461.jpeg 1024w, https:\/\/www.ranc-ramarin.hr\/wp-content\/uploads\/2024\/04\/ranc-ramarin-sala-vjencanje-7-768x346.jpeg 768w, https:\/\/www.ranc-ramarin.hr\/wp-content\/uploads\/2024\/04\/ranc-ramarin-sala-vjencanje-7-1536x692.jpeg 1536w, https:\/\/www.ranc-ramarin.hr\/wp-content\/uploads\/2024\/04\/ranc-ramarin-sala-vjencanje-7-600x270.jpeg 600w\" data-sizes=\"(max-width: 2048px) 100vw, 2048px\"><div class=\"cz_grid_details\"><i class=\"fa fa-search cz_grid_icon\"><\/i><\/div><\/a><\/div><\/div><div class=\"cz_grid_item \"><div><a class=\"cz_grid_link \" href=\"https:\/\/www.ranc-ramarin.hr\/wp-content\/uploads\/2024\/04\/ranc-ramarin-sala-vjencanje-8.jpeg\" data-xtra-lightbox><img decoding=\"async\" width=\"1620\" height=\"1080\" src=\"data:image\/svg+xml,%3Csvg%20xmlns%3D&#39;http%3A%2F%2Fwww.w3.org%2F2000%2Fsvg&#39;%20width=&#39;1620&#39;%20height=&#39;1080&#39;%20viewBox%3D&#39;0%200%201620%201080&#39;%2F%3E\" data-czlz data-src=\"https:\/\/www.ranc-ramarin.hr\/wp-content\/uploads\/2024\/04\/ranc-ramarin-sala-vjencanje-8.jpeg\" class=\"attachment-full\" alt=\"\" title=\"ranc-ramarin-sala-vjencanje-8\" data-srcset=\"https:\/\/www.ranc-ramarin.hr\/wp-content\/uploads\/2024\/04\/ranc-ramarin-sala-vjencanje-8.jpeg 1620w, https:\/\/www.ranc-ramarin.hr\/wp-content\/uploads\/2024\/04\/ranc-ramarin-sala-vjencanje-8-300x200.jpeg 300w, https:\/\/www.ranc-ramarin.hr\/wp-content\/uploads\/2024\/04\/ranc-ramarin-sala-vjencanje-8-1024x683.jpeg 1024w, https:\/\/www.ranc-ramarin.hr\/wp-content\/uploads\/2024\/04\/ranc-ramarin-sala-vjencanje-8-768x512.jpeg 768w, https:\/\/www.ranc-ramarin.hr\/wp-content\/uploads\/2024\/04\/ranc-ramarin-sala-vjencanje-8-1536x1024.jpeg 1536w, https:\/\/www.ranc-ramarin.hr\/wp-content\/uploads\/2024\/04\/ranc-ramarin-sala-vjencanje-8-600x400.jpeg 600w\" data-sizes=\"(max-width: 1620px) 100vw, 1620px\"><div class=\"cz_grid_details\"><i class=\"fa fa-search cz_grid_icon\"><\/i><\/div><\/a><\/div><\/div><div class=\"cz_grid_item \"><div><a class=\"cz_grid_link \" href=\"https:\/\/www.ranc-ramarin.hr\/wp-content\/uploads\/2024\/04\/ranc-ramarin-sala-vjencanje-9.jpeg\" data-xtra-lightbox><img decoding=\"async\" width=\"2048\" height=\"922\" src=\"data:image\/svg+xml,%3Csvg%20xmlns%3D&#39;http%3A%2F%2Fwww.w3.org%2F2000%2Fsvg&#39;%20width=&#39;2048&#39;%20height=&#39;922&#39;%20viewBox%3D&#39;0%200%202048%20922&#39;%2F%3E\" data-czlz data-src=\"https:\/\/www.ranc-ramarin.hr\/wp-content\/uploads\/2024\/04\/ranc-ramarin-sala-vjencanje-9.jpeg\" class=\"attachment-full\" alt=\"\" title=\"ranc-ramarin-sala-vjencanje-9\" data-srcset=\"https:\/\/www.ranc-ramarin.hr\/wp-content\/uploads\/2024\/04\/ranc-ramarin-sala-vjencanje-9.jpeg 2048w, https:\/\/www.ranc-ramarin.hr\/wp-content\/uploads\/2024\/04\/ranc-ramarin-sala-vjencanje-9-300x135.jpeg 300w, https:\/\/www.ranc-ramarin.hr\/wp-content\/uploads\/2024\/04\/ranc-ramarin-sala-vjencanje-9-1024x461.jpeg 1024w, https:\/\/www.ranc-ramarin.hr\/wp-content\/uploads\/2024\/04\/ranc-ramarin-sala-vjencanje-9-768x346.jpeg 768w, https:\/\/www.ranc-ramarin.hr\/wp-content\/uploads\/2024\/04\/ranc-ramarin-sala-vjencanje-9-1536x692.jpeg 1536w, https:\/\/www.ranc-ramarin.hr\/wp-content\/uploads\/2024\/04\/ranc-ramarin-sala-vjencanje-9-600x270.jpeg 600w\" data-sizes=\"(max-width: 2048px) 100vw, 2048px\"><div class=\"cz_grid_details\"><i class=\"fa fa-search cz_grid_icon\"><\/i><\/div><\/a><\/div><\/div><div class=\"cz_grid_item \"><div><a class=\"cz_grid_link \" href=\"https:\/\/www.ranc-ramarin.hr\/wp-content\/uploads\/2024\/04\/ranc-ramarin-sala-vjencanje-10.jpeg\" data-xtra-lightbox><img decoding=\"async\" width=\"1599\" height=\"1066\" src=\"data:image\/svg+xml,%3Csvg%20xmlns%3D&#39;http%3A%2F%2Fwww.w3.org%2F2000%2Fsvg&#39;%20width=&#39;1599&#39;%20height=&#39;1066&#39;%20viewBox%3D&#39;0%200%201599%201066&#39;%2F%3E\" data-czlz data-src=\"https:\/\/www.ranc-ramarin.hr\/wp-content\/uploads\/2024\/04\/ranc-ramarin-sala-vjencanje-10.jpeg\" class=\"attachment-full\" alt=\"\" title=\"ranc-ramarin-sala-vjencanje-10\" data-srcset=\"https:\/\/www.ranc-ramarin.hr\/wp-content\/uploads\/2024\/04\/ranc-ramarin-sala-vjencanje-10.jpeg 1599w, https:\/\/www.ranc-ramarin.hr\/wp-content\/uploads\/2024\/04\/ranc-ramarin-sala-vjencanje-10-300x200.jpeg 300w, https:\/\/www.ranc-ramarin.hr\/wp-content\/uploads\/2024\/04\/ranc-ramarin-sala-vjencanje-10-1024x683.jpeg 1024w, https:\/\/www.ranc-ramarin.hr\/wp-content\/uploads\/2024\/04\/ranc-ramarin-sala-vjencanje-10-768x512.jpeg 768w, https:\/\/www.ranc-ramarin.hr\/wp-content\/uploads\/2024\/04\/ranc-ramarin-sala-vjencanje-10-1536x1024.jpeg 1536w, https:\/\/www.ranc-ramarin.hr\/wp-content\/uploads\/2024\/04\/ranc-ramarin-sala-vjencanje-10-600x400.jpeg 600w\" data-sizes=\"(max-width: 1599px) 100vw, 1599px\"><div class=\"cz_grid_details\"><i class=\"fa fa-search cz_grid_icon\"><\/i><\/div><\/a><\/div><\/div><div class=\"cz_grid_item \"><div><a class=\"cz_grid_link \" href=\"https:\/\/www.ranc-ramarin.hr\/wp-content\/uploads\/2024\/04\/ranc-ramarin-sala-vjencanje-11.jpeg\" data-xtra-lightbox><img decoding=\"async\" width=\"934\" height=\"2000\" src=\"data:image\/svg+xml,%3Csvg%20xmlns%3D&#39;http%3A%2F%2Fwww.w3.org%2F2000%2Fsvg&#39;%20width=&#39;934&#39;%20height=&#39;2000&#39;%20viewBox%3D&#39;0%200%20934%202000&#39;%2F%3E\" data-czlz data-src=\"https:\/\/www.ranc-ramarin.hr\/wp-content\/uploads\/2024\/04\/ranc-ramarin-sala-vjencanje-11.jpeg\" class=\"attachment-full\" alt=\"\" title=\"ranc-ramarin-sala-vjencanje-11\" data-srcset=\"https:\/\/www.ranc-ramarin.hr\/wp-content\/uploads\/2024\/04\/ranc-ramarin-sala-vjencanje-11.jpeg 934w, https:\/\/www.ranc-ramarin.hr\/wp-content\/uploads\/2024\/04\/ranc-ramarin-sala-vjencanje-11-140x300.jpeg 140w, https:\/\/www.ranc-ramarin.hr\/wp-content\/uploads\/2024\/04\/ranc-ramarin-sala-vjencanje-11-478x1024.jpeg 478w, https:\/\/www.ranc-ramarin.hr\/wp-content\/uploads\/2024\/04\/ranc-ramarin-sala-vjencanje-11-768x1645.jpeg 768w, https:\/\/www.ranc-ramarin.hr\/wp-content\/uploads\/2024\/04\/ranc-ramarin-sala-vjencanje-11-717x1536.jpeg 717w, https:\/\/www.ranc-ramarin.hr\/wp-content\/uploads\/2024\/04\/ranc-ramarin-sala-vjencanje-11-600x1285.jpeg 600w\" data-sizes=\"(max-width: 934px) 100vw, 934px\"><div class=\"cz_grid_details\"><i class=\"fa fa-search cz_grid_icon\"><\/i><\/div><\/a><\/div><\/div><div class=\"cz_grid_item \"><div><a class=\"cz_grid_link \" href=\"https:\/\/www.ranc-ramarin.hr\/wp-content\/uploads\/2024\/04\/ranc-ramarin-sala-vjencanje-12.jpeg\" data-xtra-lightbox><img decoding=\"async\" width=\"1599\" height=\"1066\" src=\"data:image\/svg+xml,%3Csvg%20xmlns%3D&#39;http%3A%2F%2Fwww.w3.org%2F2000%2Fsvg&#39;%20width=&#39;1599&#39;%20height=&#39;1066&#39;%20viewBox%3D&#39;0%200%201599%201066&#39;%2F%3E\" data-czlz data-src=\"https:\/\/www.ranc-ramarin.hr\/wp-content\/uploads\/2024\/04\/ranc-ramarin-sala-vjencanje-12.jpeg\" class=\"attachment-full\" alt=\"\" title=\"ranc-ramarin-sala-vjencanje-12\" data-srcset=\"https:\/\/www.ranc-ramarin.hr\/wp-content\/uploads\/2024\/04\/ranc-ramarin-sala-vjencanje-12.jpeg 1599w, https:\/\/www.ranc-ramarin.hr\/wp-content\/uploads\/2024\/04\/ranc-ramarin-sala-vjencanje-12-300x200.jpeg 300w, https:\/\/www.ranc-ramarin.hr\/wp-content\/uploads\/2024\/04\/ranc-ramarin-sala-vjencanje-12-1024x683.jpeg 1024w, https:\/\/www.ranc-ramarin.hr\/wp-content\/uploads\/2024\/04\/ranc-ramarin-sala-vjencanje-12-768x512.jpeg 768w, https:\/\/www.ranc-ramarin.hr\/wp-content\/uploads\/2024\/04\/ranc-ramarin-sala-vjencanje-12-1536x1024.jpeg 1536w, https:\/\/www.ranc-ramarin.hr\/wp-content\/uploads\/2024\/04\/ranc-ramarin-sala-vjencanje-12-600x400.jpeg 600w\" data-sizes=\"(max-width: 1599px) 100vw, 1599px\"><div class=\"cz_grid_details\"><i class=\"fa fa-search cz_grid_icon\"><\/i><\/div><\/a><\/div><\/div><div class=\"cz_grid_item \"><div><a class=\"cz_grid_link \" href=\"https:\/\/www.ranc-ramarin.hr\/wp-content\/uploads\/2024\/04\/ranc-ramarin-sala-vjencanje-13.jpeg\" data-xtra-lightbox><img decoding=\"async\" width=\"1620\" height=\"1080\" src=\"data:image\/svg+xml,%3Csvg%20xmlns%3D&#39;http%3A%2F%2Fwww.w3.org%2F2000%2Fsvg&#39;%20width=&#39;1620&#39;%20height=&#39;1080&#39;%20viewBox%3D&#39;0%200%201620%201080&#39;%2F%3E\" data-czlz data-src=\"https:\/\/www.ranc-ramarin.hr\/wp-content\/uploads\/2024\/04\/ranc-ramarin-sala-vjencanje-13.jpeg\" class=\"attachment-full\" alt=\"\" title=\"ranc-ramarin-sala-vjencanje-13\" data-srcset=\"https:\/\/www.ranc-ramarin.hr\/wp-content\/uploads\/2024\/04\/ranc-ramarin-sala-vjencanje-13.jpeg 1620w, https:\/\/www.ranc-ramarin.hr\/wp-content\/uploads\/2024\/04\/ranc-ramarin-sala-vjencanje-13-300x200.jpeg 300w, https:\/\/www.ranc-ramarin.hr\/wp-content\/uploads\/2024\/04\/ranc-ramarin-sala-vjencanje-13-1024x683.jpeg 1024w, https:\/\/www.ranc-ramarin.hr\/wp-content\/uploads\/2024\/04\/ranc-ramarin-sala-vjencanje-13-768x512.jpeg 768w, https:\/\/www.ranc-ramarin.hr\/wp-content\/uploads\/2024\/04\/ranc-ramarin-sala-vjencanje-13-1536x1024.jpeg 1536w, https:\/\/www.ranc-ramarin.hr\/wp-content\/uploads\/2024\/04\/ranc-ramarin-sala-vjencanje-13-600x400.jpeg 600w\" data-sizes=\"(max-width: 1620px) 100vw, 1620px\"><div class=\"cz_grid_details\"><i class=\"fa fa-search cz_grid_icon\"><\/i><\/div><\/a><\/div><\/div><div class=\"cz_grid_item \"><div><a class=\"cz_grid_link \" href=\"https:\/\/www.ranc-ramarin.hr\/wp-content\/uploads\/2024\/04\/ranc-ramarin-sala-vjencanje-14.jpeg\" data-xtra-lightbox><img decoding=\"async\" width=\"1599\" height=\"1066\" src=\"data:image\/svg+xml,%3Csvg%20xmlns%3D&#39;http%3A%2F%2Fwww.w3.org%2F2000%2Fsvg&#39;%20width=&#39;1599&#39;%20height=&#39;1066&#39;%20viewBox%3D&#39;0%200%201599%201066&#39;%2F%3E\" data-czlz data-src=\"https:\/\/www.ranc-ramarin.hr\/wp-content\/uploads\/2024\/04\/ranc-ramarin-sala-vjencanje-14.jpeg\" class=\"attachment-full\" alt=\"\" title=\"ranc-ramarin-sala-vjencanje-14\" data-srcset=\"https:\/\/www.ranc-ramarin.hr\/wp-content\/uploads\/2024\/04\/ranc-ramarin-sala-vjencanje-14.jpeg 1599w, https:\/\/www.ranc-ramarin.hr\/wp-content\/uploads\/2024\/04\/ranc-ramarin-sala-vjencanje-14-300x200.jpeg 300w, https:\/\/www.ranc-ramarin.hr\/wp-content\/uploads\/2024\/04\/ranc-ramarin-sala-vjencanje-14-1024x683.jpeg 1024w, https:\/\/www.ranc-ramarin.hr\/wp-content\/uploads\/2024\/04\/ranc-ramarin-sala-vjencanje-14-768x512.jpeg 768w, https:\/\/www.ranc-ramarin.hr\/wp-content\/uploads\/2024\/04\/ranc-ramarin-sala-vjencanje-14-1536x1024.jpeg 1536w, https:\/\/www.ranc-ramarin.hr\/wp-content\/uploads\/2024\/04\/ranc-ramarin-sala-vjencanje-14-600x400.jpeg 600w\" data-sizes=\"(max-width: 1599px) 100vw, 1599px\"><div class=\"cz_grid_details\"><i class=\"fa fa-search cz_grid_icon\"><\/i><\/div><\/a><\/div><\/div><div class=\"cz_grid_item \"><div><a class=\"cz_grid_link \" href=\"https:\/\/www.ranc-ramarin.hr\/wp-content\/uploads\/2024\/04\/ranc-ramarin-sala-vjencanje-15.jpeg\" data-xtra-lightbox><img decoding=\"async\" width=\"922\" height=\"2048\" src=\"data:image\/svg+xml,%3Csvg%20xmlns%3D&#39;http%3A%2F%2Fwww.w3.org%2F2000%2Fsvg&#39;%20width=&#39;922&#39;%20height=&#39;2048&#39;%20viewBox%3D&#39;0%200%20922%202048&#39;%2F%3E\" data-czlz data-src=\"https:\/\/www.ranc-ramarin.hr\/wp-content\/uploads\/2024\/04\/ranc-ramarin-sala-vjencanje-15.jpeg\" class=\"attachment-full\" alt=\"\" title=\"ranc-ramarin-sala-vjencanje-15\" data-srcset=\"https:\/\/www.ranc-ramarin.hr\/wp-content\/uploads\/2024\/04\/ranc-ramarin-sala-vjencanje-15.jpeg 922w, https:\/\/www.ranc-ramarin.hr\/wp-content\/uploads\/2024\/04\/ranc-ramarin-sala-vjencanje-15-135x300.jpeg 135w, https:\/\/www.ranc-ramarin.hr\/wp-content\/uploads\/2024\/04\/ranc-ramarin-sala-vjencanje-15-461x1024.jpeg 461w, https:\/\/www.ranc-ramarin.hr\/wp-content\/uploads\/2024\/04\/ranc-ramarin-sala-vjencanje-15-768x1706.jpeg 768w, https:\/\/www.ranc-ramarin.hr\/wp-content\/uploads\/2024\/04\/ranc-ramarin-sala-vjencanje-15-692x1536.jpeg 692w, https:\/\/www.ranc-ramarin.hr\/wp-content\/uploads\/2024\/04\/ranc-ramarin-sala-vjencanje-15-600x1333.jpeg 600w\" data-sizes=\"(max-width: 922px) 100vw, 922px\"><div class=\"cz_grid_details\"><i class=\"fa fa-search cz_grid_icon\"><\/i><\/div><\/a><\/div><\/div><\/div><\/div>[\/vc_column][\/vc_row]<\/p>\n<\/div>","protected":false},"excerpt":{"rendered":"<p>[vc_row][vc_column width=&#8220;2\/3&#8243;][vc_column_text]Unser Bankettsaal mit einer Kapazit\u00e4t von bis zu 300 Personen &#8230; <\/p>\n","protected":false},"author":3,"featured_media":0,"parent":0,"menu_order":0,"comment_status":"closed","ping_status":"closed","template":"","meta":{"footnotes":""},"class_list":["post-2003","page","type-page","status-publish","hentry"],"_links":{"self":[{"href":"https:\/\/www.ranc-ramarin.hr\/de\/wp-json\/wp\/v2\/pages\/2003","targetHints":{"allow":["GET"]}}],"collection":[{"href":"https:\/\/www.ranc-ramarin.hr\/de\/wp-json\/wp\/v2\/pages"}],"about":[{"href":"https:\/\/www.ranc-ramarin.hr\/de\/wp-json\/wp\/v2\/types\/page"}],"author":[{"embeddable":true,"href":"https:\/\/www.ranc-ramarin.hr\/de\/wp-json\/wp\/v2\/users\/3"}],"replies":[{"embeddable":true,"href":"https:\/\/www.ranc-ramarin.hr\/de\/wp-json\/wp\/v2\/comments?post=2003"}],"version-history":[{"count":1,"href":"https:\/\/www.ranc-ramarin.hr\/de\/wp-json\/wp\/v2\/pages\/2003\/revisions"}],"predecessor-version":[{"id":3675,"href":"https:\/\/www.ranc-ramarin.hr\/de\/wp-json\/wp\/v2\/pages\/2003\/revisions\/3675"}],"wp:attachment":[{"href":"https:\/\/www.ranc-ramarin.hr\/de\/wp-json\/wp\/v2\/media?parent=2003"}],"curies":[{"name":"wp","href":"https:\/\/api.w.org\/{rel}","templated":true}]}}