{"id":1588,"date":"2022-08-16T11:14:48","date_gmt":"2022-08-16T09:14:48","guid":{"rendered":"https:\/\/www.ranc-ramarin.hr\/?page_id=1588"},"modified":"2026-02-21T17:02:16","modified_gmt":"2026-02-21T16:02:16","slug":"bungalow","status":"publish","type":"page","link":"https:\/\/www.ranc-ramarin.hr\/de\/unterkunft\/bungalow\/","title":{"rendered":"Bungalow"},"content":{"rendered":"<div class=\"wpb-content-wrapper\"><p>[vc_row][vc_column][vc_row_inner][vc_column_inner][vc_column_text css=&#8220;&#8220;]<span style=\"font-weight: 400;\">Eine \u00dcbernachtung in der N\u00e4he von Slavonski Brod, fernab vom st\u00e4dtischen Trubel, wo die Natur und die Tiere der Ranch eine idyllische Atmosph\u00e4re f\u00fcr Erholung schaffen. Der Bungalow ist die ideale Wahl f\u00fcr alle, die eine Unterkunft in der Natur suchen \u2013 in ruhiger Umgebung und mit einem ausgepr\u00e4gten Gef\u00fchl von Privatsph\u00e4re.  <\/span><\/p>\n<p><span style=\"font-weight: 400;\">Abseits vom L\u00e4rm und dennoch in unmittelbarer N\u00e4he zu allen Aktivit\u00e4ten und Dienstleistungen, die die Ranch bietet. Dies ist die perfekte Gelegenheit, einen Hauch von l\u00e4ndlichem Tourismus in Slawonien zu erleben und eine Unterkunft zu genie\u00dfen, die alles f\u00fcr einen erholsamen Aufenthalt bietet. <\/span><\/p>\n<p>Der Bungalow ist 30 m\u00b2 gro\u00df und verf\u00fcgt \u00fcber ein Doppelbett + 1 zus\u00e4tzliches ausziehbares Bett, ein Badezimmer mit Duschkabine, TV, Internet, Mini-K\u00fchlschrank, WLAN, Klimaanlage, Terrasse und einen herrlichen Blick auf die nahegelegenen Seen. <span style=\"font-weight: 400;\">So k\u00f6nnen Sie sich entspannen und die Natur ungest\u00f6rt genie\u00dfen.<\/span><\/p>\n<p>Die anderen Bungalows sind ebenfalls weit genug entfernt, sodass Sie ein Gef\u00fchl von Privatsph\u00e4re haben. Ein Aufenthalt im Bungalow erm\u00f6glicht Ihnen, die Natur auf eine v\u00f6llig neue Weise zu erleben. Erwachen Sie mit den Ger\u00e4uschen der V\u00f6gel, atmen Sie die frische Luft ein und genie\u00dfen Sie die nat\u00fcrliche Umgebung, die Ihnen Ruhe und Entspannung schenkt.  <\/p>\n<p><span style=\"font-weight: 400;\">W\u00e4hrend Ihres Aufenthalts auf unserer Ranch k\u00f6nnen Sie in unserem Restaurant traditionelle slawonische Spezialit\u00e4ten probieren, <a href=\"https:\/\/www.ranc-ramarin.hr\/de\/padel-pickleball-und-tennis\/\">Tennis, Padel, Pickleball oder Minigolf spielen<\/a>, <a href=\"https:\/\/www.ranc-ramarin.hr\/de\/reiten\/\">reiten <\/a>oder sogar <a href=\"https:\/\/www.ranc-ramarin.hr\/de\/flugplatz\/\">einen Rundflug mit dem Flugzeug erleben<\/a>.<\/span>[\/vc_column_text][vc_column_text css=&#8220;&#8220;]<em><strong>M\u00f6chten Sie umgeben von Ruhe und Natur aufwachen? Unsere Bungalows sind die ideale Unterkunft f\u00fcr Sie! <\/strong><\/em>[\/vc_column_text][vc_btn title=&#8220;Reservieren Sie Ihre Unterkunft noch heute!&#8220; color=&#8220;mulled-wine&#8220; i_icon_fontawesome=&#8220;fas fa-bookmark&#8220; css=&#8220;&#8220; add_icon=&#8220;true&#8220; link=&#8220;url:https%3A%2F%2Fwww.ranc-ramarin.hr%2Fde%2Fkontakt%2F|title:Kontakt|&#8220;][\/vc_column_inner][\/vc_row_inner][vc_row_inner][vc_column_inner width=&#8220;1\/2&#8243; css=&#8220;.vc_custom_1739188018710{margin-top: 15px !important;margin-right: 15px !important;margin-bottom: 15px !important;margin-left: 15px !important;border-top-width: 3px !important;border-right-width: 3px !important;border-bottom-width: 3px !important;border-left-width: 3px !important;padding-top: 15px !important;padding-right: 15px !important;padding-bottom: 15px !important;padding-left: 15px !important;background-color: #FFF5E1 !important;border-left-style: solid !important;border-right-style: solid !important;border-top-style: solid !important;border-bottom-style: solid !important;border-radius: 4px !important;border-color: #DD9933 !important;}&#8220;][vc_column_text css=&#8220;&#8220;]<\/p>\n<h2><strong>Bungalows beinhalten:<\/strong><\/h2>\n<ul>\n<li><strong>Doppelbett<\/strong><\/li>\n<li><strong>Kleiderschrank<\/strong><\/li>\n<li><strong>TV<\/strong><\/li>\n<li><strong>Klimaanlage<\/strong><\/li>\n<li><strong>Badezimmer<\/strong><\/li>\n<li><strong>Nachttische<\/strong><\/li>\n<li><strong>Schreibtisch<\/strong><\/li>\n<li><strong>Minibar<\/strong><\/li>\n<li><strong>zus\u00e4tzliches ausziehbares Bett (Schublade)<\/strong><\/li>\n<\/ul>\n<p>[\/vc_column_text][\/vc_column_inner][vc_column_inner width=&#8220;1\/2&#8243; css=&#8220;.vc_custom_1739187996334{margin-top: 20px !important;margin-right: 20px !important;margin-bottom: 20px !important;margin-left: 20px !important;}&#8220;]<div id=\"cz_85482\" class=\"cz_85482 cz_title clr cz_title_pos_inline\"><div class=\"cz_title_content\"><div class=\"cz_wpe_content\"><p><strong>\u00dcBERNACHTUNG F\u00dcR ZWEI PERSONEN<\/strong><br \/>\n<strong>OHNE FR\u00dcHST\u00dcCK<\/strong><br \/>\n96,00 <span class=\"content-price\">EUR<\/span><\/p>\n<\/div><\/div><\/div><div class=\"cz_gap clr  hide_on_tablet hide_on_mobile\" style=\"height: 50px\"><\/div><div class=\"cz_gap show_on_tablet clr  show_only_tablet\" style=\"height: 20px\"><\/div><div class=\"cz_gap show_on_mobile clr\" style=\"height: 19px\"><\/div><strong><br \/><div id=\"cz_65871\" class=\"cz_65871 cz_title clr cz_title_pos_inline\"><div class=\"cz_title_content\"><div class=\"cz_wpe_content\"><p>\u00dcBERNACHTUNG MIT FR\u00dcHST\u00dcCK F\u00dcR ZWEI PERSONEN<br \/>\n<strong>(Fr\u00fchst\u00fcck pro Person: 15,00 EUR)<\/strong><br \/>\n126,00 <span class=\"content-price\">EUR<\/span><\/p>\n<\/div><\/div><\/div><\/strong><div class=\"cz_gap clr  hide_on_tablet hide_on_mobile\" style=\"height: 50px\"><\/div><div class=\"cz_gap show_on_tablet clr  show_only_tablet\" style=\"height: 20px\"><\/div><div class=\"cz_gap show_on_mobile clr\" style=\"height: 19px\"><\/div>[\/vc_column_inner][\/vc_row_inner][\/vc_column][\/vc_row][vc_row][vc_column]<div id=\"cz_37688\" class=\"cz_grid_p cz_37688\"><div class=\"cz_grid cz_grid_1 clr cz_justified cz_grid_1_no_title cz_grid_1_mid tac\"><div class=\"cz_grid_item \"><div><a class=\"cz_grid_link \" href=\"https:\/\/www.ranc-ramarin.hr\/wp-content\/uploads\/2023\/02\/ASO_0425-2-scaled.jpg\" data-xtra-lightbox><img decoding=\"async\" width=\"600\" height=\"399\" src=\"data:image\/svg+xml,%3Csvg%20xmlns%3D&#39;http%3A%2F%2Fwww.w3.org%2F2000%2Fsvg&#39;%20width=&#39;600&#39;%20height=&#39;399&#39;%20viewBox%3D&#39;0%200%20600%20399&#39;%2F%3E\" data-czlz data-src=\"https:\/\/www.ranc-ramarin.hr\/wp-content\/uploads\/2023\/02\/ASO_0425-2-600x399.jpg\" class=\"attachment-codevz_600_9999\" alt=\"\" title=\"Ran\u010d Ramarin Bungalov\" data-srcset=\"https:\/\/www.ranc-ramarin.hr\/wp-content\/uploads\/2023\/02\/ASO_0425-2-600x399.jpg 600w, https:\/\/www.ranc-ramarin.hr\/wp-content\/uploads\/2023\/02\/ASO_0425-2-300x200.jpg 300w, https:\/\/www.ranc-ramarin.hr\/wp-content\/uploads\/2023\/02\/ASO_0425-2-1024x682.jpg 1024w, https:\/\/www.ranc-ramarin.hr\/wp-content\/uploads\/2023\/02\/ASO_0425-2-768x511.jpg 768w, https:\/\/www.ranc-ramarin.hr\/wp-content\/uploads\/2023\/02\/ASO_0425-2-1536x1022.jpg 1536w, https:\/\/www.ranc-ramarin.hr\/wp-content\/uploads\/2023\/02\/ASO_0425-2-2048x1363.jpg 2048w\" data-sizes=\"(max-width: 600px) 100vw, 600px\"><div class=\"cz_grid_details\"><i class=\"fa fa-search cz_grid_icon\"><\/i><\/div><\/a><\/div><\/div><div class=\"cz_grid_item \"><div><a class=\"cz_grid_link \" href=\"https:\/\/www.ranc-ramarin.hr\/wp-content\/uploads\/2023\/02\/ASO_0468-2-scaled.jpg\" data-xtra-lightbox><img decoding=\"async\" width=\"600\" height=\"902\" src=\"data:image\/svg+xml,%3Csvg%20xmlns%3D&#39;http%3A%2F%2Fwww.w3.org%2F2000%2Fsvg&#39;%20width=&#39;600&#39;%20height=&#39;902&#39;%20viewBox%3D&#39;0%200%20600%20902&#39;%2F%3E\" data-czlz data-src=\"https:\/\/www.ranc-ramarin.hr\/wp-content\/uploads\/2023\/02\/ASO_0468-2-600x902.jpg\" class=\"attachment-codevz_600_9999\" alt=\"\" title=\"Ran\u010d Ramarin Bungalov\" data-srcset=\"https:\/\/www.ranc-ramarin.hr\/wp-content\/uploads\/2023\/02\/ASO_0468-2-600x902.jpg 600w, https:\/\/www.ranc-ramarin.hr\/wp-content\/uploads\/2023\/02\/ASO_0468-2-200x300.jpg 200w, https:\/\/www.ranc-ramarin.hr\/wp-content\/uploads\/2023\/02\/ASO_0468-2-681x1024.jpg 681w, https:\/\/www.ranc-ramarin.hr\/wp-content\/uploads\/2023\/02\/ASO_0468-2-768x1154.jpg 768w, https:\/\/www.ranc-ramarin.hr\/wp-content\/uploads\/2023\/02\/ASO_0468-2-1022x1536.jpg 1022w, https:\/\/www.ranc-ramarin.hr\/wp-content\/uploads\/2023\/02\/ASO_0468-2-1363x2048.jpg 1363w, https:\/\/www.ranc-ramarin.hr\/wp-content\/uploads\/2023\/02\/ASO_0468-2-scaled.jpg 1704w\" data-sizes=\"(max-width: 600px) 100vw, 600px\"><div class=\"cz_grid_details\"><i class=\"fa fa-search cz_grid_icon\"><\/i><\/div><\/a><\/div><\/div><div class=\"cz_grid_item \"><div><a class=\"cz_grid_link \" href=\"https:\/\/www.ranc-ramarin.hr\/wp-content\/uploads\/2023\/02\/ASO_0454-2-scaled.jpg\" data-xtra-lightbox><img decoding=\"async\" width=\"600\" height=\"399\" src=\"data:image\/svg+xml,%3Csvg%20xmlns%3D&#39;http%3A%2F%2Fwww.w3.org%2F2000%2Fsvg&#39;%20width=&#39;600&#39;%20height=&#39;399&#39;%20viewBox%3D&#39;0%200%20600%20399&#39;%2F%3E\" data-czlz data-src=\"https:\/\/www.ranc-ramarin.hr\/wp-content\/uploads\/2023\/02\/ASO_0454-2-600x399.jpg\" class=\"attachment-codevz_600_9999\" alt=\"\" title=\"Ran\u010d Ramarin Bungalov\" data-srcset=\"https:\/\/www.ranc-ramarin.hr\/wp-content\/uploads\/2023\/02\/ASO_0454-2-600x399.jpg 600w, https:\/\/www.ranc-ramarin.hr\/wp-content\/uploads\/2023\/02\/ASO_0454-2-300x200.jpg 300w, https:\/\/www.ranc-ramarin.hr\/wp-content\/uploads\/2023\/02\/ASO_0454-2-1024x682.jpg 1024w, https:\/\/www.ranc-ramarin.hr\/wp-content\/uploads\/2023\/02\/ASO_0454-2-768x511.jpg 768w, https:\/\/www.ranc-ramarin.hr\/wp-content\/uploads\/2023\/02\/ASO_0454-2-1536x1022.jpg 1536w, https:\/\/www.ranc-ramarin.hr\/wp-content\/uploads\/2023\/02\/ASO_0454-2-2048x1363.jpg 2048w\" data-sizes=\"(max-width: 600px) 100vw, 600px\"><div class=\"cz_grid_details\"><i class=\"fa fa-search cz_grid_icon\"><\/i><\/div><\/a><\/div><\/div><div class=\"cz_grid_item \"><div><a class=\"cz_grid_link \" href=\"https:\/\/www.ranc-ramarin.hr\/wp-content\/uploads\/2023\/02\/ASO_0451-2-scaled.jpg\" data-xtra-lightbox><img decoding=\"async\" width=\"600\" height=\"399\" src=\"data:image\/svg+xml,%3Csvg%20xmlns%3D&#39;http%3A%2F%2Fwww.w3.org%2F2000%2Fsvg&#39;%20width=&#39;600&#39;%20height=&#39;399&#39;%20viewBox%3D&#39;0%200%20600%20399&#39;%2F%3E\" data-czlz data-src=\"https:\/\/www.ranc-ramarin.hr\/wp-content\/uploads\/2023\/02\/ASO_0451-2-600x399.jpg\" class=\"attachment-codevz_600_9999\" alt=\"\" title=\"Ran\u010d Ramarin Bungalov\" data-srcset=\"https:\/\/www.ranc-ramarin.hr\/wp-content\/uploads\/2023\/02\/ASO_0451-2-600x399.jpg 600w, https:\/\/www.ranc-ramarin.hr\/wp-content\/uploads\/2023\/02\/ASO_0451-2-300x200.jpg 300w, https:\/\/www.ranc-ramarin.hr\/wp-content\/uploads\/2023\/02\/ASO_0451-2-1024x682.jpg 1024w, https:\/\/www.ranc-ramarin.hr\/wp-content\/uploads\/2023\/02\/ASO_0451-2-768x511.jpg 768w, https:\/\/www.ranc-ramarin.hr\/wp-content\/uploads\/2023\/02\/ASO_0451-2-1536x1022.jpg 1536w, https:\/\/www.ranc-ramarin.hr\/wp-content\/uploads\/2023\/02\/ASO_0451-2-2048x1363.jpg 2048w\" data-sizes=\"(max-width: 600px) 100vw, 600px\"><div class=\"cz_grid_details\"><i class=\"fa fa-search cz_grid_icon\"><\/i><\/div><\/a><\/div><\/div><div class=\"cz_grid_item \"><div><a class=\"cz_grid_link \" href=\"https:\/\/www.ranc-ramarin.hr\/wp-content\/uploads\/2023\/02\/ASO_0448-2-scaled.jpg\" data-xtra-lightbox><img decoding=\"async\" width=\"600\" height=\"399\" src=\"data:image\/svg+xml,%3Csvg%20xmlns%3D&#39;http%3A%2F%2Fwww.w3.org%2F2000%2Fsvg&#39;%20width=&#39;600&#39;%20height=&#39;399&#39;%20viewBox%3D&#39;0%200%20600%20399&#39;%2F%3E\" data-czlz data-src=\"https:\/\/www.ranc-ramarin.hr\/wp-content\/uploads\/2023\/02\/ASO_0448-2-600x399.jpg\" class=\"attachment-codevz_600_9999\" alt=\"\" title=\"Ran\u010d Ramarin Bungalov\" data-srcset=\"https:\/\/www.ranc-ramarin.hr\/wp-content\/uploads\/2023\/02\/ASO_0448-2-600x399.jpg 600w, https:\/\/www.ranc-ramarin.hr\/wp-content\/uploads\/2023\/02\/ASO_0448-2-300x200.jpg 300w, https:\/\/www.ranc-ramarin.hr\/wp-content\/uploads\/2023\/02\/ASO_0448-2-1024x682.jpg 1024w, https:\/\/www.ranc-ramarin.hr\/wp-content\/uploads\/2023\/02\/ASO_0448-2-768x511.jpg 768w, https:\/\/www.ranc-ramarin.hr\/wp-content\/uploads\/2023\/02\/ASO_0448-2-1536x1022.jpg 1536w, https:\/\/www.ranc-ramarin.hr\/wp-content\/uploads\/2023\/02\/ASO_0448-2-2048x1363.jpg 2048w\" data-sizes=\"(max-width: 600px) 100vw, 600px\"><div class=\"cz_grid_details\"><i class=\"fa fa-search cz_grid_icon\"><\/i><\/div><\/a><\/div><\/div><div class=\"cz_grid_item \"><div><a class=\"cz_grid_link \" href=\"https:\/\/www.ranc-ramarin.hr\/wp-content\/uploads\/2023\/02\/ASO_0490-scaled.jpg\" data-xtra-lightbox><img decoding=\"async\" width=\"600\" height=\"902\" src=\"data:image\/svg+xml,%3Csvg%20xmlns%3D&#39;http%3A%2F%2Fwww.w3.org%2F2000%2Fsvg&#39;%20width=&#39;600&#39;%20height=&#39;902&#39;%20viewBox%3D&#39;0%200%20600%20902&#39;%2F%3E\" data-czlz data-src=\"https:\/\/www.ranc-ramarin.hr\/wp-content\/uploads\/2023\/02\/ASO_0490-600x902.jpg\" class=\"attachment-codevz_600_9999\" alt=\"\" title=\"Ran\u010d Ramarin Bungalov\" data-srcset=\"https:\/\/www.ranc-ramarin.hr\/wp-content\/uploads\/2023\/02\/ASO_0490-600x902.jpg 600w, https:\/\/www.ranc-ramarin.hr\/wp-content\/uploads\/2023\/02\/ASO_0490-200x300.jpg 200w, https:\/\/www.ranc-ramarin.hr\/wp-content\/uploads\/2023\/02\/ASO_0490-681x1024.jpg 681w, https:\/\/www.ranc-ramarin.hr\/wp-content\/uploads\/2023\/02\/ASO_0490-768x1154.jpg 768w, https:\/\/www.ranc-ramarin.hr\/wp-content\/uploads\/2023\/02\/ASO_0490-1022x1536.jpg 1022w, https:\/\/www.ranc-ramarin.hr\/wp-content\/uploads\/2023\/02\/ASO_0490-1363x2048.jpg 1363w, https:\/\/www.ranc-ramarin.hr\/wp-content\/uploads\/2023\/02\/ASO_0490-scaled.jpg 1704w\" data-sizes=\"(max-width: 600px) 100vw, 600px\"><div class=\"cz_grid_details\"><i class=\"fa fa-search cz_grid_icon\"><\/i><\/div><\/a><\/div><\/div><div class=\"cz_grid_item \"><div><a class=\"cz_grid_link \" href=\"https:\/\/www.ranc-ramarin.hr\/wp-content\/uploads\/2023\/02\/ASO_0492-scaled.jpg\" data-xtra-lightbox><img decoding=\"async\" width=\"600\" height=\"399\" src=\"data:image\/svg+xml,%3Csvg%20xmlns%3D&#39;http%3A%2F%2Fwww.w3.org%2F2000%2Fsvg&#39;%20width=&#39;600&#39;%20height=&#39;399&#39;%20viewBox%3D&#39;0%200%20600%20399&#39;%2F%3E\" data-czlz data-src=\"https:\/\/www.ranc-ramarin.hr\/wp-content\/uploads\/2023\/02\/ASO_0492-600x399.jpg\" class=\"attachment-codevz_600_9999\" alt=\"\" title=\"Ran\u010d Ramarin Bungalov\" data-srcset=\"https:\/\/www.ranc-ramarin.hr\/wp-content\/uploads\/2023\/02\/ASO_0492-600x399.jpg 600w, https:\/\/www.ranc-ramarin.hr\/wp-content\/uploads\/2023\/02\/ASO_0492-300x200.jpg 300w, https:\/\/www.ranc-ramarin.hr\/wp-content\/uploads\/2023\/02\/ASO_0492-1024x682.jpg 1024w, https:\/\/www.ranc-ramarin.hr\/wp-content\/uploads\/2023\/02\/ASO_0492-768x511.jpg 768w, https:\/\/www.ranc-ramarin.hr\/wp-content\/uploads\/2023\/02\/ASO_0492-1536x1022.jpg 1536w, https:\/\/www.ranc-ramarin.hr\/wp-content\/uploads\/2023\/02\/ASO_0492-2048x1363.jpg 2048w\" data-sizes=\"(max-width: 600px) 100vw, 600px\"><div class=\"cz_grid_details\"><i class=\"fa fa-search cz_grid_icon\"><\/i><\/div><\/a><\/div><\/div><div class=\"cz_grid_item \"><div><a class=\"cz_grid_link \" href=\"https:\/\/www.ranc-ramarin.hr\/wp-content\/uploads\/2023\/02\/DJI_0096-copy.jpg\" data-xtra-lightbox><img decoding=\"async\" width=\"600\" height=\"449\" src=\"data:image\/svg+xml,%3Csvg%20xmlns%3D&#39;http%3A%2F%2Fwww.w3.org%2F2000%2Fsvg&#39;%20width=&#39;600&#39;%20height=&#39;449&#39;%20viewBox%3D&#39;0%200%20600%20449&#39;%2F%3E\" data-czlz data-src=\"https:\/\/www.ranc-ramarin.hr\/wp-content\/uploads\/2023\/02\/DJI_0096-copy-600x449.jpg\" class=\"attachment-codevz_600_9999\" alt=\"\" title=\"Ran\u010d Ramarin Bungalov\" data-srcset=\"https:\/\/www.ranc-ramarin.hr\/wp-content\/uploads\/2023\/02\/DJI_0096-copy-600x449.jpg 600w, https:\/\/www.ranc-ramarin.hr\/wp-content\/uploads\/2023\/02\/DJI_0096-copy-300x225.jpg 300w, https:\/\/www.ranc-ramarin.hr\/wp-content\/uploads\/2023\/02\/DJI_0096-copy-1024x767.jpg 1024w, https:\/\/www.ranc-ramarin.hr\/wp-content\/uploads\/2023\/02\/DJI_0096-copy-768x575.jpg 768w, https:\/\/www.ranc-ramarin.hr\/wp-content\/uploads\/2023\/02\/DJI_0096-copy-1536x1150.jpg 1536w, https:\/\/www.ranc-ramarin.hr\/wp-content\/uploads\/2023\/02\/DJI_0096-copy.jpg 2000w\" data-sizes=\"(max-width: 600px) 100vw, 600px\"><div class=\"cz_grid_details\"><i class=\"fa fa-search cz_grid_icon\"><\/i><\/div><\/a><\/div><\/div><div class=\"cz_grid_item \"><div><a class=\"cz_grid_link \" href=\"https:\/\/www.ranc-ramarin.hr\/wp-content\/uploads\/revslider\/ramarin\/ramarin_bungalov-17.jpg\" data-xtra-lightbox><img decoding=\"async\" width=\"600\" height=\"399\" src=\"data:image\/svg+xml,%3Csvg%20xmlns%3D&#39;http%3A%2F%2Fwww.w3.org%2F2000%2Fsvg&#39;%20width=&#39;600&#39;%20height=&#39;399&#39;%20viewBox%3D&#39;0%200%20600%20399&#39;%2F%3E\" data-czlz data-src=\"https:\/\/www.ranc-ramarin.hr\/wp-content\/uploads\/revslider\/ramarin\/ramarin_bungalov-17-600x399.jpg\" class=\"attachment-codevz_600_9999\" alt=\"\" title=\"ramarin_bungalov-17.jpg\" data-srcset=\"https:\/\/www.ranc-ramarin.hr\/wp-content\/uploads\/revslider\/ramarin\/ramarin_bungalov-17-600x399.jpg 600w, https:\/\/www.ranc-ramarin.hr\/wp-content\/uploads\/revslider\/ramarin\/ramarin_bungalov-17-300x200.jpg 300w, https:\/\/www.ranc-ramarin.hr\/wp-content\/uploads\/revslider\/ramarin\/ramarin_bungalov-17-1024x681.jpg 1024w, https:\/\/www.ranc-ramarin.hr\/wp-content\/uploads\/revslider\/ramarin\/ramarin_bungalov-17-768x511.jpg 768w, https:\/\/www.ranc-ramarin.hr\/wp-content\/uploads\/revslider\/ramarin\/ramarin_bungalov-17-1536x1021.jpg 1536w, https:\/\/www.ranc-ramarin.hr\/wp-content\/uploads\/revslider\/ramarin\/ramarin_bungalov-17.jpg 1600w\" data-sizes=\"(max-width: 600px) 100vw, 600px\"><div class=\"cz_grid_details\"><i class=\"fa fa-search cz_grid_icon\"><\/i><\/div><\/a><\/div><\/div><\/div><\/div>[\/vc_column][\/vc_row][vc_row][vc_column]<div class=\"codevz-page-content-element\"><div data-cz-style='.vc_custom_1660740476395{background-color: #bb9458 !important;}.vc_custom_1660740307274{background-image: url(https:\/\/ranc-ramarin.hr\/wp-content\/uploads\/2022\/08\/Ranc_Ramarin_143.jpg?id=215) !important;background-position: center !important;background-repeat: no-repeat !important;background-size: cover !important;}'>[vc_row full_width=\"stretch_row_content_no_spaces\" equal_height=\"yes\" content_placement=\"middle\" css=\".vc_custom_1660740476395{background-color: #bb9458 !important;}\"][vc_column width=\"1\/2\" css=\".vc_custom_1660740307274{background-image: url(https:\/\/ranc-ramarin.hr\/wp-content\/uploads\/2022\/08\/Ranc_Ramarin_143.jpg?id=215) !important;background-position: center !important;background-repeat: no-repeat !important;background-size: cover !important;}\"]<div class=\"cz_gap clr  hide_on_tablet hide_on_mobile\" style=\"height: 350px\"><\/div><div class=\"cz_gap show_on_tablet clr  show_only_tablet\" style=\"height: 150px\"><\/div><div class=\"cz_gap show_on_mobile clr\" style=\"height: 100px\"><\/div>[\/vc_column][vc_column width=\"1\/2\" el_class=\"cta_text\"]<div class=\"cz_eqh cz_content_box_parent_fx  \"><div id=\"cz_100451\" class=\"cz_100451 cz_content_box clr\"><div class=\"cz_box_front clr\"><div class=\"cz_box_front_inner clr \"><span><\/span><div>[vc_column_text]\r\n<h2>Kontaktieren Sie uns f\u00fcr weitere Informationen<\/h2>\r\n[\/vc_column_text][vc_column_text css=\"\"]<a class=\"nazovi\" href=\"tel:+385915492237\">Rufen Sie uns an<\/a> <a class=\"poslaji\" href=\"mailto:info@ranc-ramarin.hr\">Senden Sie eine Anfrage<\/a>[\/vc_column_text]<\/div><\/div><\/div><\/div><\/div>[\/vc_column][\/vc_row]<\/div><\/div>[\/vc_column][\/vc_row]<\/p>\n<\/div>","protected":false},"excerpt":{"rendered":"<p>[vc_row][vc_column][vc_row_inner][vc_column_inner][vc_column_text css=&#8220;&#8220;]Eine \u00dcbernachtung in der N\u00e4he von Slavonski Brod, fernab vom &#8230; <\/p>\n","protected":false},"author":123,"featured_media":0,"parent":1490,"menu_order":0,"comment_status":"closed","ping_status":"closed","template":"","meta":{"footnotes":""},"class_list":["post-1588","page","type-page","status-publish","hentry"],"_links":{"self":[{"href":"https:\/\/www.ranc-ramarin.hr\/de\/wp-json\/wp\/v2\/pages\/1588","targetHints":{"allow":["GET"]}}],"collection":[{"href":"https:\/\/www.ranc-ramarin.hr\/de\/wp-json\/wp\/v2\/pages"}],"about":[{"href":"https:\/\/www.ranc-ramarin.hr\/de\/wp-json\/wp\/v2\/types\/page"}],"author":[{"embeddable":true,"href":"https:\/\/www.ranc-ramarin.hr\/de\/wp-json\/wp\/v2\/users\/123"}],"replies":[{"embeddable":true,"href":"https:\/\/www.ranc-ramarin.hr\/de\/wp-json\/wp\/v2\/comments?post=1588"}],"version-history":[{"count":4,"href":"https:\/\/www.ranc-ramarin.hr\/de\/wp-json\/wp\/v2\/pages\/1588\/revisions"}],"predecessor-version":[{"id":3652,"href":"https:\/\/www.ranc-ramarin.hr\/de\/wp-json\/wp\/v2\/pages\/1588\/revisions\/3652"}],"up":[{"embeddable":true,"href":"https:\/\/www.ranc-ramarin.hr\/de\/wp-json\/wp\/v2\/pages\/1490"}],"wp:attachment":[{"href":"https:\/\/www.ranc-ramarin.hr\/de\/wp-json\/wp\/v2\/media?parent=1588"}],"curies":[{"name":"wp","href":"https:\/\/api.w.org\/{rel}","templated":true}]}}