{"id":1533,"date":"2022-08-16T06:08:04","date_gmt":"2022-08-16T04:08:04","guid":{"rendered":"https:\/\/www.ranc-ramarin.hr\/?page_id=1533"},"modified":"2026-02-03T16:53:41","modified_gmt":"2026-02-03T15:53:41","slug":"restaurant-ramarin","status":"publish","type":"page","link":"https:\/\/www.ranc-ramarin.hr\/de\/restaurant-ramarin\/","title":{"rendered":"Restaurant Ramarin"},"content":{"rendered":"<div class=\"wpb-content-wrapper\"><p>[vc_row][vc_column][vc_row_inner][vc_column_inner width=&#8220;2\/3&#8243;][vc_column_text css=&#8220;&#8220;]<\/p>\n<p data-start=\"134\" data-end=\"500\">Das Restaurant Ramarin bietet ein au\u00dfergew\u00f6hnliches kulinarisches Erlebnis in einem Ambiente, das Natur, Ruhe und authentisches slawonisches Flair vereint. Wir legen gro\u00dfen Wert darauf, unsere K\u00fcche auf frischen, lokal angebauten Zutaten aufzubauen, die sorgf\u00e4ltig ausgew\u00e4hlt werden, damit jedes Gericht h\u00f6chste Qualit\u00e4t und intensiven Geschmack bietet. <\/p>\n<p data-start=\"502\" data-end=\"688\">Besonders wird das Erlebnis durch die Spirituosen und Weine aus unserer eigenen Weinkellerei und Destillerie, die Sie in der entspannten Atmosph\u00e4re des Restaurants genie\u00dfen k\u00f6nnen, abgerundet \u2013 mit Blick auf sanfte H\u00fcgel, gr\u00fcne Weiden und die Seen, die die Ranch umgeben.<\/p>\n<p data-start=\"690\" data-end=\"1087\">Dies ist die ideale Wahl, um Ihre besonderen Momente zu feiern \u2013 von Geburtstagen, Taufen, Firmungen und Erstkommunionen bis hin zu Hochzeiten, Teambuilding-Events und gesch\u00e4ftlichen Zusammenk\u00fcnften. Das Restaurant erstreckt sich \u00fcber 280 m\u00b2 und bietet Platz f\u00fcr bis zu 120 G\u00e4ste, w\u00e4hrend die Weinkellerstube (Klet) mit bis zu 70 Sitzpl\u00e4tzen W\u00e4rme und Intimit\u00e4t f\u00fcr kleinere Feiern bietet. <\/p>\n<p data-start=\"1089\" data-end=\"1379\">Unser erfahrenes Team legt besonderen Wert auf jedes Detail der Organisation und richtet sich dabei nach den W\u00fcnschen und Bed\u00fcrfnissen unserer G\u00e4ste. Ihre Zufriedenheit hat f\u00fcr uns oberste Priorit\u00e4t, und unser Ziel ist es, jeden Moment als ein echtes slawonisches Erlebnis unvergesslich zu machen. <\/p>\n<p>[\/vc_column_text][\/vc_column_inner][vc_column_inner width=&#8220;1\/3&#8243; css=&#8220;.vc_custom_1739187021583{margin-top: 20px !important;margin-right: 20px !important;margin-bottom: 20px !important;margin-left: 20px !important;border-top-width: 3px !important;border-right-width: 3px !important;border-bottom-width: 3px !important;border-left-width: 3px !important;padding-top: 15px !important;padding-right: 15px !important;padding-bottom: 15px !important;padding-left: 15px !important;background-color: #FFF5E1 !important;border-left-style: solid !important;border-right-style: solid !important;border-top-style: solid !important;border-bottom-style: solid !important;border-radius: 3px !important;border-color: #DD9933 !important;}&#8220;][vc_column_text css=&#8220;.vc_custom_1767522851075{padding-top: 15px !important;padding-right: 15px !important;padding-bottom: 15px !important;padding-left: 15px !important;}&#8220;]<\/p>\n<h3>Ausgezeichnete K\u00f6che<\/h3>\n<p><span style=\"font-weight: 400;\">Unsere <strong>K\u00fcchenchefin Dajana <\/strong>hat das Sagen, wenn es um die K\u00fcche unseres Restaurants geht. Im Jahr 2024 gewann sie bei der Nationalen Kochmeisterschaft im Rahmen der Croatian Culinary Days die Silbermedaille. Dank ihrer Expertise bietet unsere Speisekarte heute eine gro\u00dfe Auswahl an Gerichten \u2013 von traditionellen Spezialit\u00e4ten bis hin zu modernen Fusion-Kreationen, die jeden Geschmack zufriedenstellen.   <\/span>[\/vc_column_text]<a href=\"https:\/\/www.ranc-ramarin.hr\/wp-content\/uploads\/2026\/02\/jelovnik2026.pdf\" title=\"Jelovnik\" aria-label=\"Jelovnik\"><div id=\"cz_72899\" class=\"cz_72899 services clr style1 left\"><div class=\"service_custom\"><i class=\"fas fa-book\"><\/i><\/div><div class=\"service_text\"><h3>PRELISTAJTE JELOVNIK<\/h3><div class=\"cz_wpe_content\"><\/div><\/div><\/div><\/a>[\/vc_column_inner][\/vc_row_inner][vc_row_inner][vc_column_inner width=&#8220;3\/3&#8243; css=&#8220;.vc_custom_1739187225212{padding-top: 25px !important;padding-right: 15px !important;padding-bottom: 15px !important;padding-left: 15px !important;background-color: #FFF5E1 !important;border-radius: 1px !important;border-color: #DD9933 !important;}&#8220;][vc_column_text css=&#8220;.vc_custom_1764491327223{padding-top: 15px !important;padding-right: 15px !important;padding-bottom: 15px !important;padding-left: 15px !important;}&#8220;]<\/p>\n<h3 style=\"text-align: center;\"><a href=\"https:\/\/www.ranc-ramarin.hr\/de\/loyalty-app\/\">Tisch Reservieren<\/a><\/h3>\n<p style=\"text-align: center;\">Sie k\u00f6nnen einen Tisch \u00fcber unsere <span style=\"text-decoration: underline;\"><strong><strong><a href=\"https:\/\/www.ranc-ramarin.hr\/de\/loyalty-app\/\">Online-Reservierungs-App<\/a><\/strong><\/strong><\/span> f\u00fcr eine schnelle und einfache Buchung reservieren oder unter der Nummer +385 91 549 2237 anrufen.<\/p>\n<p>[\/vc_column_text][vc_single_image image=&#8220;2979&#8243; img_size=&#8220;full&#8220; alignment=&#8220;center&#8220; onclick=&#8220;custom_link&#8220; css=&#8220;.vc_custom_1747733680159{margin-bottom: -15px !important;}&#8220; link=&#8220;https:\/\/www.ranc-ramarin.hr\/de\/loyalty-app\/&#8220;][\/vc_column_inner][\/vc_row_inner]<div class=\"cz_gap clr  hide_on_tablet hide_on_mobile\" style=\"height: 75px\"><\/div><div class=\"cz_gap show_on_tablet clr  show_only_tablet\" style=\"height: 55px\"><\/div><div class=\"cz_gap show_on_mobile clr\" style=\"height: 35px\"><\/div>[\/vc_column][\/vc_row][vc_row][vc_column]<div id=\"cz_90935\" class=\"cz_grid_p cz_90935\"><div class=\"cz_grid cz_grid_1 clr cz_metro_9 cz_grid_c6 cz_grid_1_no_hover cz_grid_1_mid tac\"><div class=\"cz_grid_item cz_grid_first\"><\/div><div class=\"cz_grid_item \"><div><a class=\"cz_grid_link \" href=\"https:\/\/www.ranc-ramarin.hr\/wp-content\/uploads\/2024\/03\/ranc-ramarin-restoran-4.jpeg\" data-xtra-lightbox><img decoding=\"async\" width=\"600\" height=\"600\" src=\"data:image\/svg+xml,%3Csvg%20xmlns%3D&#39;http%3A%2F%2Fwww.w3.org%2F2000%2Fsvg&#39;%20width=&#39;600&#39;%20height=&#39;600&#39;%20viewBox%3D&#39;0%200%20600%20600&#39;%2F%3E\" data-czlz data-src=\"https:\/\/www.ranc-ramarin.hr\/wp-content\/uploads\/2024\/03\/ranc-ramarin-restoran-4-600x600.jpeg\" class=\"attachment-codevz_600_600\" alt=\"\" title=\"ranc-ramarin-restoran-4\" data-srcset=\"https:\/\/www.ranc-ramarin.hr\/wp-content\/uploads\/2024\/03\/ranc-ramarin-restoran-4-600x600.jpeg 600w, https:\/\/www.ranc-ramarin.hr\/wp-content\/uploads\/2024\/03\/ranc-ramarin-restoran-4-150x150.jpeg 150w\" data-sizes=\"(max-width: 600px) 100vw, 600px\"><div class=\"cz_grid_details\"><i class=\"fa fa-search cz_grid_icon\"><\/i><\/div><\/a><\/div><\/div><div class=\"cz_grid_item \"><div><a class=\"cz_grid_link \" href=\"https:\/\/www.ranc-ramarin.hr\/wp-content\/uploads\/2024\/03\/ranc-ramarin-restoran-9.jpeg\" data-xtra-lightbox><img decoding=\"async\" width=\"600\" height=\"600\" src=\"data:image\/svg+xml,%3Csvg%20xmlns%3D&#39;http%3A%2F%2Fwww.w3.org%2F2000%2Fsvg&#39;%20width=&#39;600&#39;%20height=&#39;600&#39;%20viewBox%3D&#39;0%200%20600%20600&#39;%2F%3E\" data-czlz data-src=\"https:\/\/www.ranc-ramarin.hr\/wp-content\/uploads\/2024\/03\/ranc-ramarin-restoran-9-600x600.jpeg\" class=\"attachment-codevz_600_600\" alt=\"\" title=\"ranc-ramarin-restoran-9\" data-srcset=\"https:\/\/www.ranc-ramarin.hr\/wp-content\/uploads\/2024\/03\/ranc-ramarin-restoran-9-600x600.jpeg 600w, https:\/\/www.ranc-ramarin.hr\/wp-content\/uploads\/2024\/03\/ranc-ramarin-restoran-9-150x150.jpeg 150w\" data-sizes=\"(max-width: 600px) 100vw, 600px\"><div class=\"cz_grid_details\"><i class=\"fa fa-search cz_grid_icon\"><\/i><\/div><\/a><\/div><\/div><div class=\"cz_grid_item \"><div><a class=\"cz_grid_link \" href=\"https:\/\/www.ranc-ramarin.hr\/wp-content\/uploads\/2024\/03\/ranc-ramarin-restoran-10.jpg\" data-xtra-lightbox><img decoding=\"async\" width=\"600\" height=\"600\" src=\"data:image\/svg+xml,%3Csvg%20xmlns%3D&#39;http%3A%2F%2Fwww.w3.org%2F2000%2Fsvg&#39;%20width=&#39;600&#39;%20height=&#39;600&#39;%20viewBox%3D&#39;0%200%20600%20600&#39;%2F%3E\" data-czlz data-src=\"https:\/\/www.ranc-ramarin.hr\/wp-content\/uploads\/2024\/03\/ranc-ramarin-restoran-10-600x600.jpg\" class=\"attachment-codevz_600_600\" alt=\"\" title=\"ranc-ramarin-restoran-10\" data-srcset=\"https:\/\/www.ranc-ramarin.hr\/wp-content\/uploads\/2024\/03\/ranc-ramarin-restoran-10-600x600.jpg 600w, https:\/\/www.ranc-ramarin.hr\/wp-content\/uploads\/2024\/03\/ranc-ramarin-restoran-10-150x150.jpg 150w\" data-sizes=\"(max-width: 600px) 100vw, 600px\"><div class=\"cz_grid_details\"><i class=\"fa fa-search cz_grid_icon\"><\/i><\/div><\/a><\/div><\/div><div class=\"cz_grid_item \"><div><a class=\"cz_grid_link \" href=\"https:\/\/www.ranc-ramarin.hr\/wp-content\/uploads\/2024\/03\/ranc-ramarin-restoran-5.jpeg\" data-xtra-lightbox><img decoding=\"async\" width=\"600\" height=\"600\" src=\"data:image\/svg+xml,%3Csvg%20xmlns%3D&#39;http%3A%2F%2Fwww.w3.org%2F2000%2Fsvg&#39;%20width=&#39;600&#39;%20height=&#39;600&#39;%20viewBox%3D&#39;0%200%20600%20600&#39;%2F%3E\" data-czlz data-src=\"https:\/\/www.ranc-ramarin.hr\/wp-content\/uploads\/2024\/03\/ranc-ramarin-restoran-5-600x600.jpeg\" class=\"attachment-codevz_600_600\" alt=\"\" title=\"ranc-ramarin-restoran-5\" data-srcset=\"https:\/\/www.ranc-ramarin.hr\/wp-content\/uploads\/2024\/03\/ranc-ramarin-restoran-5-600x600.jpeg 600w, https:\/\/www.ranc-ramarin.hr\/wp-content\/uploads\/2024\/03\/ranc-ramarin-restoran-5-150x150.jpeg 150w\" data-sizes=\"(max-width: 600px) 100vw, 600px\"><div class=\"cz_grid_details\"><i class=\"fa fa-search cz_grid_icon\"><\/i><\/div><\/a><\/div><\/div><div class=\"cz_grid_item \"><div><a class=\"cz_grid_link \" href=\"https:\/\/www.ranc-ramarin.hr\/wp-content\/uploads\/2024\/03\/ranc-ramarin-restoran-6.jpeg\" data-xtra-lightbox><img decoding=\"async\" width=\"600\" height=\"600\" src=\"data:image\/svg+xml,%3Csvg%20xmlns%3D&#39;http%3A%2F%2Fwww.w3.org%2F2000%2Fsvg&#39;%20width=&#39;600&#39;%20height=&#39;600&#39;%20viewBox%3D&#39;0%200%20600%20600&#39;%2F%3E\" data-czlz data-src=\"https:\/\/www.ranc-ramarin.hr\/wp-content\/uploads\/2024\/03\/ranc-ramarin-restoran-6-600x600.jpeg\" class=\"attachment-codevz_600_600\" alt=\"\" title=\"ranc-ramarin-restoran-6\" data-srcset=\"https:\/\/www.ranc-ramarin.hr\/wp-content\/uploads\/2024\/03\/ranc-ramarin-restoran-6-600x600.jpeg 600w, https:\/\/www.ranc-ramarin.hr\/wp-content\/uploads\/2024\/03\/ranc-ramarin-restoran-6-150x150.jpeg 150w\" data-sizes=\"(max-width: 600px) 100vw, 600px\"><div class=\"cz_grid_details\"><i class=\"fa fa-search cz_grid_icon\"><\/i><\/div><\/a><\/div><\/div><div class=\"cz_grid_item \"><div><a class=\"cz_grid_link \" href=\"https:\/\/www.ranc-ramarin.hr\/wp-content\/uploads\/2024\/03\/ranc-ramarin-restoran-3.jpeg\" data-xtra-lightbox><img decoding=\"async\" width=\"600\" height=\"600\" src=\"data:image\/svg+xml,%3Csvg%20xmlns%3D&#39;http%3A%2F%2Fwww.w3.org%2F2000%2Fsvg&#39;%20width=&#39;600&#39;%20height=&#39;600&#39;%20viewBox%3D&#39;0%200%20600%20600&#39;%2F%3E\" data-czlz data-src=\"https:\/\/www.ranc-ramarin.hr\/wp-content\/uploads\/2024\/03\/ranc-ramarin-restoran-3-600x600.jpeg\" class=\"attachment-codevz_600_600\" alt=\"\" title=\"ranc-ramarin-restoran-3\" data-srcset=\"https:\/\/www.ranc-ramarin.hr\/wp-content\/uploads\/2024\/03\/ranc-ramarin-restoran-3-600x600.jpeg 600w, https:\/\/www.ranc-ramarin.hr\/wp-content\/uploads\/2024\/03\/ranc-ramarin-restoran-3-150x150.jpeg 150w\" data-sizes=\"(max-width: 600px) 100vw, 600px\"><div class=\"cz_grid_details\"><i class=\"fa fa-search cz_grid_icon\"><\/i><\/div><\/a><\/div><\/div><div class=\"cz_grid_item \"><div><a class=\"cz_grid_link \" href=\"https:\/\/www.ranc-ramarin.hr\/wp-content\/uploads\/2024\/03\/ranc-ramarin-restoran-7.jpeg\" data-xtra-lightbox><img decoding=\"async\" width=\"600\" height=\"600\" src=\"data:image\/svg+xml,%3Csvg%20xmlns%3D&#39;http%3A%2F%2Fwww.w3.org%2F2000%2Fsvg&#39;%20width=&#39;600&#39;%20height=&#39;600&#39;%20viewBox%3D&#39;0%200%20600%20600&#39;%2F%3E\" data-czlz data-src=\"https:\/\/www.ranc-ramarin.hr\/wp-content\/uploads\/2024\/03\/ranc-ramarin-restoran-7-600x600.jpeg\" class=\"attachment-codevz_600_600\" alt=\"\" title=\"ranc-ramarin-restoran-7\" data-srcset=\"https:\/\/www.ranc-ramarin.hr\/wp-content\/uploads\/2024\/03\/ranc-ramarin-restoran-7-600x600.jpeg 600w, https:\/\/www.ranc-ramarin.hr\/wp-content\/uploads\/2024\/03\/ranc-ramarin-restoran-7-150x150.jpeg 150w\" data-sizes=\"(max-width: 600px) 100vw, 600px\"><div class=\"cz_grid_details\"><i class=\"fa fa-search cz_grid_icon\"><\/i><\/div><\/a><\/div><\/div><div class=\"cz_grid_item \"><div><a class=\"cz_grid_link \" href=\"https:\/\/www.ranc-ramarin.hr\/wp-content\/uploads\/2024\/03\/ranc-ramarin-restoran-8.jpeg\" data-xtra-lightbox><img decoding=\"async\" width=\"600\" height=\"600\" src=\"data:image\/svg+xml,%3Csvg%20xmlns%3D&#39;http%3A%2F%2Fwww.w3.org%2F2000%2Fsvg&#39;%20width=&#39;600&#39;%20height=&#39;600&#39;%20viewBox%3D&#39;0%200%20600%20600&#39;%2F%3E\" data-czlz data-src=\"https:\/\/www.ranc-ramarin.hr\/wp-content\/uploads\/2024\/03\/ranc-ramarin-restoran-8-600x600.jpeg\" class=\"attachment-codevz_600_600\" alt=\"\" title=\"ranc-ramarin-restoran-8\" data-srcset=\"https:\/\/www.ranc-ramarin.hr\/wp-content\/uploads\/2024\/03\/ranc-ramarin-restoran-8-600x600.jpeg 600w, https:\/\/www.ranc-ramarin.hr\/wp-content\/uploads\/2024\/03\/ranc-ramarin-restoran-8-150x150.jpeg 150w\" data-sizes=\"(max-width: 600px) 100vw, 600px\"><div class=\"cz_grid_details\"><i class=\"fa fa-search cz_grid_icon\"><\/i><\/div><\/a><\/div><\/div><div class=\"cz_grid_item \"><div><a class=\"cz_grid_link \" href=\"https:\/\/www.ranc-ramarin.hr\/wp-content\/uploads\/2024\/03\/ranc-ramarin-restoran-12.jpeg\" data-xtra-lightbox><img decoding=\"async\" width=\"600\" height=\"600\" src=\"data:image\/svg+xml,%3Csvg%20xmlns%3D&#39;http%3A%2F%2Fwww.w3.org%2F2000%2Fsvg&#39;%20width=&#39;600&#39;%20height=&#39;600&#39;%20viewBox%3D&#39;0%200%20600%20600&#39;%2F%3E\" data-czlz data-src=\"https:\/\/www.ranc-ramarin.hr\/wp-content\/uploads\/2024\/03\/ranc-ramarin-restoran-12-600x600.jpeg\" class=\"attachment-codevz_600_600\" alt=\"\" title=\"ranc-ramarin-restoran-12\" data-srcset=\"https:\/\/www.ranc-ramarin.hr\/wp-content\/uploads\/2024\/03\/ranc-ramarin-restoran-12-600x600.jpeg 600w, https:\/\/www.ranc-ramarin.hr\/wp-content\/uploads\/2024\/03\/ranc-ramarin-restoran-12-150x150.jpeg 150w\" data-sizes=\"(max-width: 600px) 100vw, 600px\"><div class=\"cz_grid_details\"><i class=\"fa fa-search cz_grid_icon\"><\/i><\/div><\/a><\/div><\/div><div class=\"cz_grid_item \"><div><a class=\"cz_grid_link \" href=\"https:\/\/www.ranc-ramarin.hr\/wp-content\/uploads\/2024\/03\/ranc-ramarin-restoran-11.jpg\" data-xtra-lightbox><img decoding=\"async\" width=\"600\" height=\"600\" src=\"data:image\/svg+xml,%3Csvg%20xmlns%3D&#39;http%3A%2F%2Fwww.w3.org%2F2000%2Fsvg&#39;%20width=&#39;600&#39;%20height=&#39;600&#39;%20viewBox%3D&#39;0%200%20600%20600&#39;%2F%3E\" data-czlz data-src=\"https:\/\/www.ranc-ramarin.hr\/wp-content\/uploads\/2024\/03\/ranc-ramarin-restoran-11-600x600.jpg\" class=\"attachment-codevz_600_600\" alt=\"\" title=\"ranc-ramarin-restoran-11\" data-srcset=\"https:\/\/www.ranc-ramarin.hr\/wp-content\/uploads\/2024\/03\/ranc-ramarin-restoran-11-600x600.jpg 600w, https:\/\/www.ranc-ramarin.hr\/wp-content\/uploads\/2024\/03\/ranc-ramarin-restoran-11-150x150.jpg 150w\" data-sizes=\"(max-width: 600px) 100vw, 600px\"><div class=\"cz_grid_details\"><i class=\"fa fa-search cz_grid_icon\"><\/i><\/div><\/a><\/div><\/div><\/div><\/div><div class=\"cz_gap clr  hide_on_tablet hide_on_mobile\" style=\"height: 75px\"><\/div><div class=\"cz_gap show_on_tablet clr  show_only_tablet\" style=\"height: 55px\"><\/div><div class=\"cz_gap show_on_mobile clr\" style=\"height: 35px\"><\/div>[\/vc_column][\/vc_row][vc_row][vc_column]<div class=\"codevz-page-content-element\"><div data-cz-style='.vc_custom_1660740476395{background-color: #bb9458 !important;}.vc_custom_1660740307274{background-image: url(https:\/\/ranc-ramarin.hr\/wp-content\/uploads\/2022\/08\/Ranc_Ramarin_143.jpg?id=215) !important;background-position: center !important;background-repeat: no-repeat !important;background-size: cover !important;}'>[vc_row full_width=\"stretch_row_content_no_spaces\" equal_height=\"yes\" content_placement=\"middle\" css=\".vc_custom_1660740476395{background-color: #bb9458 !important;}\"][vc_column width=\"1\/2\" css=\".vc_custom_1660740307274{background-image: url(https:\/\/ranc-ramarin.hr\/wp-content\/uploads\/2022\/08\/Ranc_Ramarin_143.jpg?id=215) !important;background-position: center !important;background-repeat: no-repeat !important;background-size: cover !important;}\"]<div class=\"cz_gap clr  hide_on_tablet hide_on_mobile\" style=\"height: 350px\"><\/div><div class=\"cz_gap show_on_tablet clr  show_only_tablet\" style=\"height: 150px\"><\/div><div class=\"cz_gap show_on_mobile clr\" style=\"height: 100px\"><\/div>[\/vc_column][vc_column width=\"1\/2\" el_class=\"cta_text\"]<div class=\"cz_eqh cz_content_box_parent_fx  \"><div id=\"cz_100451\" class=\"cz_100451 cz_content_box clr\"><div class=\"cz_box_front clr\"><div class=\"cz_box_front_inner clr \"><span><\/span><div>[vc_column_text]\r\n<h2>Kontaktieren Sie uns f\u00fcr weitere Informationen<\/h2>\r\n[\/vc_column_text][vc_column_text css=\"\"]<a class=\"nazovi\" href=\"tel:+385915492237\">Rufen Sie uns an<\/a> <a class=\"poslaji\" href=\"mailto:info@ranc-ramarin.hr\">Senden Sie eine Anfrage<\/a>[\/vc_column_text]<\/div><\/div><\/div><\/div><\/div>[\/vc_column][\/vc_row]<\/div><\/div>[\/vc_column][\/vc_row]<\/p>\n<\/div>","protected":false},"excerpt":{"rendered":"<p>[vc_row][vc_column][vc_row_inner][vc_column_inner width=&#8220;2\/3&#8243;][vc_column_text css=&#8220;&#8220;] Das Restaurant Ramarin bietet ein au\u00dfergew\u00f6hnliches kulinarisches Erlebnis &#8230; <\/p>\n","protected":false},"author":123,"featured_media":0,"parent":0,"menu_order":0,"comment_status":"closed","ping_status":"closed","template":"","meta":{"footnotes":""},"class_list":["post-1533","page","type-page","status-publish","hentry"],"_links":{"self":[{"href":"https:\/\/www.ranc-ramarin.hr\/de\/wp-json\/wp\/v2\/pages\/1533","targetHints":{"allow":["GET"]}}],"collection":[{"href":"https:\/\/www.ranc-ramarin.hr\/de\/wp-json\/wp\/v2\/pages"}],"about":[{"href":"https:\/\/www.ranc-ramarin.hr\/de\/wp-json\/wp\/v2\/types\/page"}],"author":[{"embeddable":true,"href":"https:\/\/www.ranc-ramarin.hr\/de\/wp-json\/wp\/v2\/users\/123"}],"replies":[{"embeddable":true,"href":"https:\/\/www.ranc-ramarin.hr\/de\/wp-json\/wp\/v2\/comments?post=1533"}],"version-history":[{"count":9,"href":"https:\/\/www.ranc-ramarin.hr\/de\/wp-json\/wp\/v2\/pages\/1533\/revisions"}],"predecessor-version":[{"id":3510,"href":"https:\/\/www.ranc-ramarin.hr\/de\/wp-json\/wp\/v2\/pages\/1533\/revisions\/3510"}],"wp:attachment":[{"href":"https:\/\/www.ranc-ramarin.hr\/de\/wp-json\/wp\/v2\/media?parent=1533"}],"curies":[{"name":"wp","href":"https:\/\/api.w.org\/{rel}","templated":true}]}}