{"id":1523,"date":"2022-08-16T05:48:43","date_gmt":"2022-08-16T03:48:43","guid":{"rendered":"https:\/\/www.ranc-ramarin.hr\/?page_id=1523"},"modified":"2023-06-01T14:03:27","modified_gmt":"2023-06-01T12:03:27","slug":"schutz-personenbezogener-daten","status":"publish","type":"page","link":"https:\/\/www.ranc-ramarin.hr\/de\/schutz-personenbezogener-daten\/","title":{"rendered":"Schutz personenbezogener Daten"},"content":{"rendered":"\r\n<div id=\"main\">\r\n<div class=\"container\">\r\n<div id=\"content\" class=\"full-width\" role=\"main\"><article id=\"post-3375\" class=\"post-3375 page type-page status-publish hentry\">\r\n<ol>\r\n \t<li>Datenschutzerkl\u00e4rung<\/li>\r\n<\/ol>\r\nIhre Privatsph\u00e4re ist uns wichtig, und wir m\u00f6chten, dass Sie sich beim Besuch unserer Website sicher f\u00fchlen. Im Folgenden informieren wir Sie dar\u00fcber, zu welchen Zwecken wir personenbezogene Daten sammeln und verwenden und wie Sie diese Prozesse \u00fcberwachen und Ihre Rechte wahrnehmen k\u00f6nnen. Unsere Datenschutzerkl\u00e4rung k\u00f6nnen Sie jederzeit \u00fcber den Datenschutzlink am Ende unserer Webseite abrufen und ausdrucken.\r\n\r\nUnsere Informationssysteme sind durch technische und organisatorische Ma\u00dfnahmen gegen unbefugten Zugriff, \u00c4nderung oder Verbreitung Ihrer Daten sowie gegen Verlust oder L\u00f6schung gesch\u00fctzt.\r\n\r\nranc-ramarin.hr verwendet sogenannte &#8222;Cookies&#8220;. Im folgenden Text erfahren Sie mehr \u00fcber Cookies, wie wir sie verwenden und wie Sie sie kontrollieren k\u00f6nnen.\r\n\r\nDurch die Nutzung dieser Website stimmen Sie der Verwendung von Cookies gem\u00e4\u00df unserer Cookie-Benachrichtigung zu. Wenn Sie der Verwendung von Cookies nicht zustimmen, deaktivieren Sie sie bitte, indem Sie den Anweisungen im Abschnitt dieser Erkl\u00e4rung folgen, in dem wir den Opt-out-Prozess beschreiben, damit Cookies von dieser Website nicht mehr auf Ihrem Ger\u00e4t gespeichert werden.\r\n<ol start=\"2\">\r\n \t<li>Zwecke und rechtliche Grundlagen der Datenverarbeitung<\/li>\r\n<\/ol>\r\nW\u00e4hrend Ihres Besuchs auf der Website ranc-ramarin.hr erfassen wir bestimmte Arten von Informationen, die Ihren Betriebssystemnamen, den Browsertyp, die Art des Ger\u00e4ts, mit dem Sie unsere Website besuchen, usw. umfassen k\u00f6nnen. Wir verwenden diese Informationen, um unsere Website und Ihre Benutzererfahrung zu verbessern und verwenden sie ausschlie\u00dflich f\u00fcr diese Zwecke oder f\u00fcr unser eigenes Marketing. Die Daten werden nicht weitergegeben. Alle anderen Informationen, die Sie uns freiwillig \u00fcber unsere Kontaktseite oder durch Kommentieren unserer Artikel zur Verf\u00fcgung stellen, sind sicher.\r\n\r\nDie Verarbeitung erfolgt gem\u00e4\u00df der Allgemeinen Datenschutzverordnung und den kroatischen Gesetzen und Vorschriften.\r\n<ol start=\"3\">\r\n \t<li>Grundlegende Kontexte der Datenverarbeitung<\/li>\r\n<\/ol>\r\nZentrale Datenbank der Personen, die \u00fcber die Website Kontakt mit uns aufgenommen haben\r\n\r\nCookies und Webanalyse Direktmarketing\r\n<ol start=\"4\">\r\n \t<li>Zentrale Datenbank der Personen, die \u00fcber die Website Kontakt mit uns aufgenommen haben<\/li>\r\n<\/ol>\r\nWir speichern Ihre personenbezogenen Daten in unserer zentralen Datenbank, wenn Sie eine Anfrage stellen, ein Angebot anfordern oder an bestimmten Aktivit\u00e4ten auf unserer Website teilnehmen, wie z.B. die Anmeldung zum Newsletter, das Kommentieren von Artikeln, die Teilnahme an Workshops oder Konferenzen, die von uns organisiert werden. Je nach Art der Aktivit\u00e4t teilen Sie uns in der Regel Informationen wie Name, Nachname, E-Mail-Adresse, Telefonnummer oder andere Arten von Kontaktdaten mit.\r\n\r\nWir verarbeiten diese Daten soweit erforderlich zum Zweck des Abschlusses bzw. der Abwicklung eines Vertrages mit Ihnen sowie zur Erf\u00fcllung Ihrer sonstigen W\u00fcnsche. Die Datenverarbeitung erfolgt auch auf der Grundlage unserer berechtigten Interessen zur Verbesserung des Gesch\u00e4ftsbetriebs gem\u00e4\u00df den nachstehend erl\u00e4uterten Anweisungen. Die Daten stehen nur den Mitarbeitern zur Verf\u00fcgung, die sie zur Erf\u00fcllung ihrer Arbeit ben\u00f6tigen.\r\n\r\nF\u00fcr die Vertragsanbahnung und den Vertragsabschluss ben\u00f6tigen wir mindestens Ihren Vor- und Nachnamen sowie Ihre offizielle Anschrift, damit wir Sie identifizieren k\u00f6nnen. F\u00fcr die Angebotserstellung zum Zweck der Ausstellung von R1-Rechnungen an Handwerker und Selbstst\u00e4ndige ben\u00f6tigen wir eine OIB. Wenn Sie mit Karte bezahlen, verarbeiten wir Ihre Bankdaten sicher und vertraulich \u00fcber das Kartenzahlungsmodul PayWay.\r\n\r\nZur Durchsetzung unserer Anspr\u00fcche gegen\u00fcber den Banken (Kartenherausgebern) erhalten wir nach erfolgreicher Transaktion von den Plattformen WSpay\u2122 und PayWay folgende Daten: Vor- und Nachname des Karteninhabers, Anschrift und Kontaktnummer des Karteninhabers, E-Mail, IP-Adresse, Art der Kreditkarte (Maestro, Visa usw.), der Kartenaussteller (Bank), \u00fcber den die Transaktion durchgef\u00fchrt wurde, die Ratennummer f\u00fcr die autorisierte Transaktion, die maskierte Nummer der Karte, mit der die Zahlung durchgef\u00fchrt wurde, ob die Karte dem Kartenherausgeber geh\u00f6rt, \u00fcber den die Autorisierung durchgef\u00fchrt wurde, und die Autorisierungsnummer.\r\n\r\n5. Cookies und Webanalyse\r\n\r\nAuf unserer Website verwenden wir notwendige und funktionale Cookies, um bestimmte technische Funktionen zu erm\u00f6glichen und Ihnen so ein positives Benutzererlebnis zu erm\u00f6glichen. Wir verwenden analytische Cookies, die uns eine Webanalyse erm\u00f6glichen, d. h. eine Analyse der Nutzung unserer Seiten, die wir durchf\u00fchren, um die Qualit\u00e4t und den Inhalt der angebotenen Dienste zu verbessern, und wir verwenden Marketing-Cookies f\u00fcr den Einsatz von Remarketing in Display-Netzwerken und Werbung in sozialen Netzwerken.\r\n\r\nZur Verarbeitung dieser Daten zu Analysezwecken nutzen wir den Dienst Google Analytics. Gem\u00e4\u00df dem Vertrag mit uns verwendet Google diese Daten nicht f\u00fcr andere Zwecke und handelt als Auftragsverarbeiter ausschlie\u00dflich in unserem Auftrag. Entsprechend seiner Mitgliedschaft im sogenannten Privacy Shield (\u201ePrivacy Shield\u201c), ein Kooperationsprogramm zwischen der Europ\u00e4ischen Union (EU) und den Vereinigten Staaten von Amerika (USA), ergreift Google alle notwendigen Ma\u00dfnahmen zum Schutz der Daten. Der Dienstleister ist:\r\n\r\nGoogle LLC\r\n1600 Amphitheatre Pkwy\r\nMountain View, Kalifornien 94043, USA\r\n\r\nWeitere Informationen zum \u201ePrivacy Shield\u201c-Programm finden Sie auf der Website der Agentur f\u00fcr Datenschutz.\r\n\r\n&nbsp;\r\n\r\n<\/article><\/div>\r\n<\/div>\r\n<\/div>\r\n","protected":false},"excerpt":{"rendered":"<p>Datenschutzerkl\u00e4rung Ihre Privatsph\u00e4re ist uns wichtig, und wir m\u00f6chten, dass Sie &#8230; <\/p>\n","protected":false},"author":3,"featured_media":0,"parent":0,"menu_order":0,"comment_status":"closed","ping_status":"open","template":"","meta":{"footnotes":""},"class_list":["post-1523","page","type-page","status-publish","hentry"],"_links":{"self":[{"href":"https:\/\/www.ranc-ramarin.hr\/de\/wp-json\/wp\/v2\/pages\/1523","targetHints":{"allow":["GET"]}}],"collection":[{"href":"https:\/\/www.ranc-ramarin.hr\/de\/wp-json\/wp\/v2\/pages"}],"about":[{"href":"https:\/\/www.ranc-ramarin.hr\/de\/wp-json\/wp\/v2\/types\/page"}],"author":[{"embeddable":true,"href":"https:\/\/www.ranc-ramarin.hr\/de\/wp-json\/wp\/v2\/users\/3"}],"replies":[{"embeddable":true,"href":"https:\/\/www.ranc-ramarin.hr\/de\/wp-json\/wp\/v2\/comments?post=1523"}],"version-history":[{"count":0,"href":"https:\/\/www.ranc-ramarin.hr\/de\/wp-json\/wp\/v2\/pages\/1523\/revisions"}],"wp:attachment":[{"href":"https:\/\/www.ranc-ramarin.hr\/de\/wp-json\/wp\/v2\/media?parent=1523"}],"curies":[{"name":"wp","href":"https:\/\/api.w.org\/{rel}","templated":true}]}}