{"id":1515,"date":"2023-05-18T09:00:53","date_gmt":"2023-05-18T07:00:53","guid":{"rendered":"https:\/\/www.ranc-ramarin.hr\/?page_id=1515"},"modified":"2026-02-21T12:49:03","modified_gmt":"2026-02-21T11:49:03","slug":"pub-quiz","status":"publish","type":"page","link":"https:\/\/www.ranc-ramarin.hr\/de\/pub-quiz\/","title":{"rendered":"Pub-Quiz"},"content":{"rendered":"<div class=\"wpb-content-wrapper\"><p>[vc_row][vc_column][vc_column_text]<\/p>\n<h1 style=\"text-align: center;\">Pub-Quiz<\/h1>\n<p>[\/vc_column_text][vc_row_inner][vc_column_inner][vc_column_text]Pub-Quiz sind eine beliebte gesellschaftliche Aktivit\u00e4t, die h\u00e4ufig in der Natur, in Pubs und Bars auf der ganzen Welt organisiert wird. Die Durchf\u00fchrung eines Pub-Quiz in einem offenen Bereich der Ramarin Ranch erm\u00f6glicht es den Teilnehmern, das Quiz zu genie\u00dfen und an der frischen Luft Kontakte zu kn\u00fcpfen.<\/p>\n<p>Bei Pub Quizzes handelt es sich um einen Teamwettbewerb zur L\u00f6sung von Quizfragen mit Fragen aus verschiedenen Bereichen wie allgemeiner Kultur, Sport, Wissenschaft, Musik, Filmkunst und vielem mehr.<\/p>\n<p>Diese Veranstaltungen ziehen Menschen jeden Alters an, da sie Spa\u00df machen, herausfordernd sind und die M\u00f6glichkeit bieten, Ihr K\u00f6nnen unter Beweis zu stellen und sich mit Freunden oder anderen Teams zu messen. Die Teilnahme an einem Pub-Quiz kann eine gro\u00dfartige M\u00f6glichkeit sein, einen Abend in entspannter Atmosph\u00e4re zu verbringen, Kontakte zu kn\u00fcpfen und Ihre F\u00e4higkeiten und Kenntnisse zu testen.<\/p>\n<p>\u00dcblicherweise finden Kneipenquizze einmal pro Woche oder monatlich statt, und die Teams konkurrieren um Preise, die in bar oder in Form von kostenlosen Getr\u00e4nken oder Mahlzeiten vergeben werden k\u00f6nnen. Der Quizleiter stellt die Fragen und die Teams erarbeiten gemeinsam die Antworten. Nach jeder Runde werden die Antworten \u00fcberpr\u00fcft, die Punkte addiert und schlie\u00dflich das Gewinnerteam ermittelt.<\/p>\n<p>Pub-Quiz sind auch eine tolle M\u00f6glichkeit, Wissen zu erweitern, etwas Neues zu lernen und Gespr\u00e4che zu verschiedenen Themen anzuregen. Viele Kneipen bieten oft thematische Quizfragen an, beispielsweise Quizfragen zu Filmen, B\u00fcchern oder popul\u00e4ren kulturellen Ph\u00e4nomenen.<\/p>\n<p>Wenn Sie Wettbewerb, Kameradschaft und Herausforderungen m\u00f6gen, sind Pub-Quiz eine tolle Aktivit\u00e4t, die einen Versuch wert ist![\/vc_column_text][\/vc_column_inner][\/vc_row_inner][vc_row_inner][vc_column_inner][\/vc_column_inner][\/vc_row_inner][\/vc_column][\/vc_row]<\/p>\n<\/div>","protected":false},"excerpt":{"rendered":"<p>[vc_row][vc_column][vc_column_text] Pub-Quiz [\/vc_column_text][vc_row_inner][vc_column_inner][vc_column_text]Pub-Quiz sind eine beliebte gesellschaftliche Aktivit\u00e4t, die h\u00e4ufig in &#8230; <\/p>\n","protected":false},"author":3,"featured_media":0,"parent":0,"menu_order":0,"comment_status":"closed","ping_status":"closed","template":"","meta":{"footnotes":""},"class_list":["post-1515","page","type-page","status-publish","hentry"],"_links":{"self":[{"href":"https:\/\/www.ranc-ramarin.hr\/de\/wp-json\/wp\/v2\/pages\/1515","targetHints":{"allow":["GET"]}}],"collection":[{"href":"https:\/\/www.ranc-ramarin.hr\/de\/wp-json\/wp\/v2\/pages"}],"about":[{"href":"https:\/\/www.ranc-ramarin.hr\/de\/wp-json\/wp\/v2\/types\/page"}],"author":[{"embeddable":true,"href":"https:\/\/www.ranc-ramarin.hr\/de\/wp-json\/wp\/v2\/users\/3"}],"replies":[{"embeddable":true,"href":"https:\/\/www.ranc-ramarin.hr\/de\/wp-json\/wp\/v2\/comments?post=1515"}],"version-history":[{"count":1,"href":"https:\/\/www.ranc-ramarin.hr\/de\/wp-json\/wp\/v2\/pages\/1515\/revisions"}],"predecessor-version":[{"id":3611,"href":"https:\/\/www.ranc-ramarin.hr\/de\/wp-json\/wp\/v2\/pages\/1515\/revisions\/3611"}],"wp:attachment":[{"href":"https:\/\/www.ranc-ramarin.hr\/de\/wp-json\/wp\/v2\/media?parent=1515"}],"curies":[{"name":"wp","href":"https:\/\/api.w.org\/{rel}","templated":true}]}}