{"id":1508,"date":"2023-05-18T08:48:31","date_gmt":"2023-05-18T06:48:31","guid":{"rendered":"https:\/\/www.ranc-ramarin.hr\/?page_id=1508"},"modified":"2023-06-01T13:54:46","modified_gmt":"2023-06-01T11:54:46","slug":"yoga-meditation","status":"publish","type":"page","link":"https:\/\/www.ranc-ramarin.hr\/de\/yoga-meditation\/","title":{"rendered":"Yoga\/Meditation"},"content":{"rendered":"<div class=\"wpb-content-wrapper\"><p>[vc_row][vc_column][vc_column_text]<\/p>\n<h1 style=\"text-align: center;\">Yoga\/Meditation<\/h1>\n<p>[\/vc_column_text][vc_column_text][\/vc_column_text][\/vc_column][\/vc_row][vc_row][vc_column width=&#8220;1\/2&#8243;][vc_column_text]Der heutige Lebensstil ist schnelllebig und stressig und die Zeit, die wir uns selbst widmen, wird knapper. Genau aus diesem Grund haben wir auf der Ranch eine Aktivit\u00e4t entwickelt, deren Ziel die Entgiftung von Geist und K\u00f6rper, Frieden, Konzentration und positive Gedanken ist.<\/p>\n<p>Die Entgiftung von Geist und K\u00f6rper ist eine von professionellen Trainern geleitete Aktivit\u00e4t, bei der Sie nicht nur entspannen, sondern auch alle Sorgen und Probleme vergessen, viel lernen und gleichzeitig Spa\u00df haben werden.<\/p>\n<p>Vergessen Sie nach der Entgiftung von K\u00f6rper und Geist Stress, Energiemangel und \u00dcberlastung. Sie k\u00f6nnen die Grundtechniken der Meditation und des Yoga selbstst\u00e4ndig anwenden.[\/vc_column_text][\/vc_column][vc_column width=&#8220;1\/2&#8243;]<div id=\"cz_40037\" class=\"cz_grid_p cz_40037\"><div class=\"cz_grid cz_grid_1 clr cz_grid_c3 cz_grid_1_no_title cz_grid_1_mid tac\"><div class=\"cz_grid_item cz_grid_first\"><\/div><div class=\"cz_grid_item \"><div><a class=\"cz_grid_link \" href=\"https:\/\/www.ranc-ramarin.hr\/wp-content\/uploads\/2023\/05\/sdfsfsfsf.jpg\" data-xtra-lightbox><img decoding=\"async\" width=\"600\" height=\"600\" src=\"data:image\/svg+xml,%3Csvg%20xmlns%3D&#39;http%3A%2F%2Fwww.w3.org%2F2000%2Fsvg&#39;%20width=&#39;600&#39;%20height=&#39;600&#39;%20viewBox%3D&#39;0%200%20600%20600&#39;%2F%3E\" data-czlz data-src=\"https:\/\/www.ranc-ramarin.hr\/wp-content\/uploads\/2023\/05\/sdfsfsfsf-600x600.jpg\" class=\"attachment-codevz_600_600\" alt=\"\" title=\"ran\u010d ramarin yoga\/meditacija\" data-srcset=\"https:\/\/www.ranc-ramarin.hr\/wp-content\/uploads\/2023\/05\/sdfsfsfsf-600x600.jpg 600w, https:\/\/www.ranc-ramarin.hr\/wp-content\/uploads\/2023\/05\/sdfsfsfsf-150x150.jpg 150w\" data-sizes=\"(max-width: 600px) 100vw, 600px\"><div class=\"cz_grid_details\"><i class=\"fa fa-search cz_grid_icon\"><\/i><\/div><\/a><\/div><\/div><div class=\"cz_grid_item \"><div><a class=\"cz_grid_link \" href=\"https:\/\/www.ranc-ramarin.hr\/wp-content\/uploads\/2023\/05\/asdadadadad.jpg\" data-xtra-lightbox><img decoding=\"async\" width=\"600\" height=\"600\" src=\"data:image\/svg+xml,%3Csvg%20xmlns%3D&#39;http%3A%2F%2Fwww.w3.org%2F2000%2Fsvg&#39;%20width=&#39;600&#39;%20height=&#39;600&#39;%20viewBox%3D&#39;0%200%20600%20600&#39;%2F%3E\" data-czlz data-src=\"https:\/\/www.ranc-ramarin.hr\/wp-content\/uploads\/2023\/05\/asdadadadad-600x600.jpg\" class=\"attachment-codevz_600_600\" alt=\"\" title=\"ran\u010d ramarin yoga\/meditacija\" data-srcset=\"https:\/\/www.ranc-ramarin.hr\/wp-content\/uploads\/2023\/05\/asdadadadad-600x600.jpg 600w, https:\/\/www.ranc-ramarin.hr\/wp-content\/uploads\/2023\/05\/asdadadadad-150x150.jpg 150w\" data-sizes=\"(max-width: 600px) 100vw, 600px\"><div class=\"cz_grid_details\"><i class=\"fa fa-search cz_grid_icon\"><\/i><\/div><\/a><\/div><\/div><div class=\"cz_grid_item \"><div><a class=\"cz_grid_link \" href=\"https:\/\/www.ranc-ramarin.hr\/wp-content\/uploads\/2023\/05\/asdasdad.jpg\" data-xtra-lightbox><img decoding=\"async\" width=\"600\" height=\"600\" src=\"data:image\/svg+xml,%3Csvg%20xmlns%3D&#39;http%3A%2F%2Fwww.w3.org%2F2000%2Fsvg&#39;%20width=&#39;600&#39;%20height=&#39;600&#39;%20viewBox%3D&#39;0%200%20600%20600&#39;%2F%3E\" data-czlz data-src=\"https:\/\/www.ranc-ramarin.hr\/wp-content\/uploads\/2023\/05\/asdasdad-600x600.jpg\" class=\"attachment-codevz_600_600\" alt=\"\" title=\"ran\u010d ramarin yoga\/meditacija\" data-srcset=\"https:\/\/www.ranc-ramarin.hr\/wp-content\/uploads\/2023\/05\/asdasdad-600x600.jpg 600w, https:\/\/www.ranc-ramarin.hr\/wp-content\/uploads\/2023\/05\/asdasdad-150x150.jpg 150w\" data-sizes=\"(max-width: 600px) 100vw, 600px\"><div class=\"cz_grid_details\"><i class=\"fa fa-search cz_grid_icon\"><\/i><\/div><\/a><\/div><\/div><div class=\"cz_grid_item \"><div><a class=\"cz_grid_link \" href=\"https:\/\/www.ranc-ramarin.hr\/wp-content\/uploads\/2023\/05\/ffgfdfggffggffg.jpg\" data-xtra-lightbox><img decoding=\"async\" width=\"600\" height=\"600\" src=\"data:image\/svg+xml,%3Csvg%20xmlns%3D&#39;http%3A%2F%2Fwww.w3.org%2F2000%2Fsvg&#39;%20width=&#39;600&#39;%20height=&#39;600&#39;%20viewBox%3D&#39;0%200%20600%20600&#39;%2F%3E\" data-czlz data-src=\"https:\/\/www.ranc-ramarin.hr\/wp-content\/uploads\/2023\/05\/ffgfdfggffggffg-600x600.jpg\" class=\"attachment-codevz_600_600\" alt=\"\" title=\"ran\u010d ramarin yoga\/meditacija\" data-srcset=\"https:\/\/www.ranc-ramarin.hr\/wp-content\/uploads\/2023\/05\/ffgfdfggffggffg-600x600.jpg 600w, https:\/\/www.ranc-ramarin.hr\/wp-content\/uploads\/2023\/05\/ffgfdfggffggffg-150x150.jpg 150w\" data-sizes=\"(max-width: 600px) 100vw, 600px\"><div class=\"cz_grid_details\"><i class=\"fa fa-search cz_grid_icon\"><\/i><\/div><\/a><\/div><\/div><div class=\"cz_grid_item \"><div><a class=\"cz_grid_link \" href=\"https:\/\/www.ranc-ramarin.hr\/wp-content\/uploads\/2023\/05\/fhghgh.jpg\" data-xtra-lightbox><img decoding=\"async\" width=\"600\" height=\"600\" src=\"data:image\/svg+xml,%3Csvg%20xmlns%3D&#39;http%3A%2F%2Fwww.w3.org%2F2000%2Fsvg&#39;%20width=&#39;600&#39;%20height=&#39;600&#39;%20viewBox%3D&#39;0%200%20600%20600&#39;%2F%3E\" data-czlz data-src=\"https:\/\/www.ranc-ramarin.hr\/wp-content\/uploads\/2023\/05\/fhghgh-600x600.jpg\" class=\"attachment-codevz_600_600\" alt=\"\" title=\"fhghgh\" data-srcset=\"https:\/\/www.ranc-ramarin.hr\/wp-content\/uploads\/2023\/05\/fhghgh-600x600.jpg 600w, https:\/\/www.ranc-ramarin.hr\/wp-content\/uploads\/2023\/05\/fhghgh-150x150.jpg 150w\" data-sizes=\"(max-width: 600px) 100vw, 600px\"><div class=\"cz_grid_details\"><i class=\"fa fa-search cz_grid_icon\"><\/i><\/div><\/a><\/div><\/div><div class=\"cz_grid_item \"><div><a class=\"cz_grid_link \" href=\"https:\/\/www.ranc-ramarin.hr\/wp-content\/uploads\/2023\/05\/hhhhhh.jpg\" data-xtra-lightbox><img decoding=\"async\" width=\"600\" height=\"600\" src=\"data:image\/svg+xml,%3Csvg%20xmlns%3D&#39;http%3A%2F%2Fwww.w3.org%2F2000%2Fsvg&#39;%20width=&#39;600&#39;%20height=&#39;600&#39;%20viewBox%3D&#39;0%200%20600%20600&#39;%2F%3E\" data-czlz data-src=\"https:\/\/www.ranc-ramarin.hr\/wp-content\/uploads\/2023\/05\/hhhhhh-600x600.jpg\" class=\"attachment-codevz_600_600\" alt=\"\" title=\"hhhhhh\" data-srcset=\"https:\/\/www.ranc-ramarin.hr\/wp-content\/uploads\/2023\/05\/hhhhhh-600x600.jpg 600w, https:\/\/www.ranc-ramarin.hr\/wp-content\/uploads\/2023\/05\/hhhhhh-150x150.jpg 150w\" data-sizes=\"(max-width: 600px) 100vw, 600px\"><div class=\"cz_grid_details\"><i class=\"fa fa-search cz_grid_icon\"><\/i><\/div><\/a><\/div><\/div><div class=\"cz_grid_item \"><div><a class=\"cz_grid_link \" href=\"https:\/\/www.ranc-ramarin.hr\/wp-content\/uploads\/2023\/05\/joga.jpg\" data-xtra-lightbox><img decoding=\"async\" width=\"600\" height=\"600\" src=\"data:image\/svg+xml,%3Csvg%20xmlns%3D&#39;http%3A%2F%2Fwww.w3.org%2F2000%2Fsvg&#39;%20width=&#39;600&#39;%20height=&#39;600&#39;%20viewBox%3D&#39;0%200%20600%20600&#39;%2F%3E\" data-czlz data-src=\"https:\/\/www.ranc-ramarin.hr\/wp-content\/uploads\/2023\/05\/joga-600x600.jpg\" class=\"attachment-codevz_600_600\" alt=\"\" title=\"joga\" data-srcset=\"https:\/\/www.ranc-ramarin.hr\/wp-content\/uploads\/2023\/05\/joga-600x600.jpg 600w, https:\/\/www.ranc-ramarin.hr\/wp-content\/uploads\/2023\/05\/joga-150x150.jpg 150w\" data-sizes=\"(max-width: 600px) 100vw, 600px\"><div class=\"cz_grid_details\"><i class=\"fa fa-search cz_grid_icon\"><\/i><\/div><\/a><\/div><\/div><\/div><\/div>[\/vc_column][\/vc_row]<\/p>\n<\/div>","protected":false},"excerpt":{"rendered":"<p>[vc_row][vc_column][vc_column_text] Yoga\/Meditation [\/vc_column_text][vc_column_text][\/vc_column_text][\/vc_column][\/vc_row][vc_row][vc_column width=&#8220;1\/2&#8243;][vc_column_text]Der heutige Lebensstil ist schnelllebig und stressig und &#8230; <\/p>\n","protected":false},"author":3,"featured_media":0,"parent":0,"menu_order":0,"comment_status":"closed","ping_status":"closed","template":"","meta":{"footnotes":""},"class_list":["post-1508","page","type-page","status-publish","hentry"],"_links":{"self":[{"href":"https:\/\/www.ranc-ramarin.hr\/de\/wp-json\/wp\/v2\/pages\/1508","targetHints":{"allow":["GET"]}}],"collection":[{"href":"https:\/\/www.ranc-ramarin.hr\/de\/wp-json\/wp\/v2\/pages"}],"about":[{"href":"https:\/\/www.ranc-ramarin.hr\/de\/wp-json\/wp\/v2\/types\/page"}],"author":[{"embeddable":true,"href":"https:\/\/www.ranc-ramarin.hr\/de\/wp-json\/wp\/v2\/users\/3"}],"replies":[{"embeddable":true,"href":"https:\/\/www.ranc-ramarin.hr\/de\/wp-json\/wp\/v2\/comments?post=1508"}],"version-history":[{"count":0,"href":"https:\/\/www.ranc-ramarin.hr\/de\/wp-json\/wp\/v2\/pages\/1508\/revisions"}],"wp:attachment":[{"href":"https:\/\/www.ranc-ramarin.hr\/de\/wp-json\/wp\/v2\/media?parent=1508"}],"curies":[{"name":"wp","href":"https:\/\/api.w.org\/{rel}","templated":true}]}}