{"id":1501,"date":"2023-04-26T14:13:20","date_gmt":"2023-04-26T12:13:20","guid":{"rendered":"https:\/\/www.ranc-ramarin.hr\/blog\/"},"modified":"2026-02-21T10:45:51","modified_gmt":"2026-02-21T09:45:51","slug":"blog","status":"publish","type":"page","link":"https:\/\/www.ranc-ramarin.hr\/de\/blog\/","title":{"rendered":"Blog"},"content":{"rendered":"<div class=\"wpb-content-wrapper\"><p>[vc_row][vc_column]<div id=\"cz_19979\" class=\"cz_19979\"><div class=\"cz_grid cz_grid_1 clr cz_posts_list_1 cz_grid_1_title_sub_after cz_grid_1_has_excerpt cz_grid_1_bot tal\" data-atts='{\"action\":\"cz_ajax_posts\",\"post_class\":\"cz_grid_item\",\"post__in\":null,\"author__in\":null,\"nonce\":\"da817d1cc7\",\"nonce_id\":\"cz_19979\",\"loadmore_end\":\"Not found more posts\",\"layout\":\"cz_posts_list_1\",\"hover\":\"cz_grid_1_title_sub_after cz_grid_1_has_excerpt\",\"image_size\":\"codevz_360_320\",\"subtitles\":\"%5B%5D\",\"subtitle_pos\":\"\",\"icon\":\"fa fa-search\",\"el\":\"66\",\"title_lenght\":\"\",\"cat_tax\":\"category\",\"cat\":\"\",\"cat_exclude\":\"\",\"tag_tax\":\"post_tag\",\"tag_id\":\"\",\"tag_exclude\":\"\",\"post_type\":\"post\",\"posts_per_page\":\"\",\"order\":\"DESC\",\"orderby\":\"date\",\"tilt_data\":null,\"svg_sizes\":[\"360\",\"320\"],\"img_fx\":\"\",\"custom_size\":\"\",\"excerpt_rm\":false,\"title_tag\":\"h2\",\"s\":\"\"}'><div class=\"cz_grid_item cz_grid_first\"><\/div><div data-id=\"3375\" class=\"cz_grid_item  cz_posts_list_even 3375 post-3375 post type-post status-publish format-standard has-post-thumbnail hentry category-news tag-hotel tag-slawonia tag-wochenendurlaub\"><div class=\"clr\"><a class=\"cz_grid_link\" href=\"https:\/\/www.ranc-ramarin.hr\/de\/luxusurlaub-im-herzen-slawoniens-das-ramarin-ranch-hotel-in-garcin-eroeffnet\/\" title=\"Luxusurlaub im Herzen Slawoniens: Das Ramarin-Ranch-Hotel in Gar\u010din er\u00f6ffnet\"><img decoding=\"async\" width=\"360\" height=\"320\" src=\"data:image\/svg+xml,%3Csvg%20xmlns%3D&#39;http%3A%2F%2Fwww.w3.org%2F2000%2Fsvg&#39;%20width=&#39;360&#39;%20height=&#39;320&#39;%20viewBox%3D&#39;0%200%20360%20320&#39;%2F%3E\" data-czlz data-src=\"https:\/\/www.ranc-ramarin.hr\/wp-content\/uploads\/2025\/05\/hotel-ramarin-garcin-3-360x320.jpg\" class=\"attachment-codevz_360_320\" alt=\"Hotel Ramarin Gar\u010din (Slavonski Brod)\" title=\"Hotel Ramarin Gar\u010din (Slavonski Brod)\" \/><div class=\"cz_grid_details\"><i class=\"fa fa-search cz_grid_icon\"><\/i><\/div><\/a><div class=\"cz_grid_details cz_grid_details_outside\"><a class=\"cz_grid_title\" href=\"https:\/\/www.ranc-ramarin.hr\/de\/luxusurlaub-im-herzen-slawoniens-das-ramarin-ranch-hotel-in-garcin-eroeffnet\/\"><h2>Luxusurlaub im Herzen Slawoniens: Das Ramarin-Ranch-Hotel in Gar\u010din er\u00f6ffnet<\/h2><\/a><div class=\"cz_post_excerpt\">Die Gemeinde Gar\u010din hat nun einen weiteren gro\u00dfen Grund f\u00fcr einen Besuch. Dank eines Reiseziels, das bereits von vielen Touristen und internationalen G\u00e4sten als idealer Ort zum Entspannen erkannt wurde, kann Gar\u010din ein weiteres bedeutendes Projekt stolz pr\u00e4sentieren. Diese Woche hat die Ramarin Ranch ihr Hotel er\u00f6ffnet. Obwohl die Ranch...<\/div><\/div><\/div><\/div><div data-id=\"3379\" class=\"cz_grid_item  cz_posts_list_odd 3379 post-3379 post type-post status-publish format-standard has-post-thumbnail hentry category-news tag-hotel tag-slawonia tag-tourismus tag-urlaub\"><div class=\"clr\"><a class=\"cz_grid_link\" href=\"https:\/\/www.ranc-ramarin.hr\/de\/neues-hotel-in-slawonien-was-bietet-die-unterkunft\/\" title=\"Neues Hotel in Slawonien \u2013 Was bietet die Unterkunft?\"><img decoding=\"async\" width=\"360\" height=\"320\" src=\"data:image\/svg+xml,%3Csvg%20xmlns%3D&#39;http%3A%2F%2Fwww.w3.org%2F2000%2Fsvg&#39;%20width=&#39;360&#39;%20height=&#39;320&#39;%20viewBox%3D&#39;0%200%20360%20320&#39;%2F%3E\" data-czlz data-src=\"https:\/\/www.ranc-ramarin.hr\/wp-content\/uploads\/2025\/02\/ramarin-hotel-1-360x320.jpeg\" class=\"attachment-codevz_360_320\" alt=\"Ran\u010d Ramarin - Hotel Gar\u010din Slavonija\" title=\"Ran\u010d Ramarin - Hotel Gar\u010din Slavonija\" \/><div class=\"cz_grid_details\"><i class=\"fa fa-search cz_grid_icon\"><\/i><\/div><\/a><div class=\"cz_grid_details cz_grid_details_outside\"><a class=\"cz_grid_title\" href=\"https:\/\/www.ranc-ramarin.hr\/de\/neues-hotel-in-slawonien-was-bietet-die-unterkunft\/\"><h2>Neues Hotel in Slawonien \u2013 Was bietet die Unterkunft?<\/h2><\/a><div class=\"cz_post_excerpt\">Gute Nachrichten aus der Ramarin Ranch \u2013 ein neues Hotel \u00f6ffnet seine T\u00fcren! Wenn Sie in den letzten Monaten die Wege der Ranch erkundet haben, ist Ihnen sicherlich aufgefallen, dass die Bauarbeiten in vollem Gange sind. Dies wird ein bedeutendes Projekt, sowohl f\u00fcr Slawonien als auch f\u00fcr Kroatien insgesamt. Die...<\/div><\/div><\/div><\/div><div data-id=\"3389\" class=\"cz_grid_item  cz_posts_list_even 3389 post-3389 post type-post status-publish format-standard has-post-thumbnail hentry category-news\"><div class=\"clr\"><a class=\"cz_grid_link\" href=\"https:\/\/www.ranc-ramarin.hr\/de\/besuchen-sie-ranc-ramarin-ein-perfektes-wochenende-in-slawonien\/\" title=\"Besuchen Sie Ran\u010d Ramarin \u2013 Ein perfektes Wochenende in Slawonien\"><img decoding=\"async\" width=\"360\" height=\"320\" src=\"data:image\/svg+xml,%3Csvg%20xmlns%3D&#39;http%3A%2F%2Fwww.w3.org%2F2000%2Fsvg&#39;%20width=&#39;360&#39;%20height=&#39;320&#39;%20viewBox%3D&#39;0%200%20360%20320&#39;%2F%3E\" data-czlz data-src=\"https:\/\/www.ranc-ramarin.hr\/wp-content\/uploads\/2023\/05\/8b7ab33d-46a1-44e4-899d-f76021171fae-360x320.jpg\" class=\"attachment-codevz_360_320\" alt=\"Wochenende in Slawonien\" title=\"Wochenende in Slawonien\" \/><div class=\"cz_grid_details\"><i class=\"fa fa-search cz_grid_icon\"><\/i><\/div><\/a><div class=\"cz_grid_details cz_grid_details_outside\"><a class=\"cz_grid_title\" href=\"https:\/\/www.ranc-ramarin.hr\/de\/besuchen-sie-ranc-ramarin-ein-perfektes-wochenende-in-slawonien\/\"><h2>Besuchen Sie Ran\u010d Ramarin \u2013 Ein perfektes Wochenende in Slawonien<\/h2><\/a><div class=\"cz_post_excerpt\">Kommen Sie nach Gar\u010din, nur eine kurze Fahrt von Slavonski Brod entfernt, und genie\u00dfen Sie das authentische slavonische Ambiente mit regionalen Spezialit\u00e4ten, vielf\u00e4ltigen Aktivit\u00e4ten und erstklassiger Unterkunft f\u00fcr alle Generationen. Die Ranch bietet eine breite Palette an Aktivit\u00e4ten, beginnend mit Reitm\u00f6glichkeiten f\u00fcr Kinder, Anf\u00e4nger und erfahrene Reiter. Ob kurze Ausritte...<\/div><\/div><\/div><\/div><div data-id=\"3398\" class=\"cz_grid_item  cz_posts_list_odd 3398 post-3398 post type-post status-publish format-standard has-post-thumbnail hentry category-news\"><div class=\"clr\"><a class=\"cz_grid_link\" href=\"https:\/\/www.ranc-ramarin.hr\/de\/neue-angebote-auf-dem-ranc-ramarin\/\" title=\"Neue Angebote auf dem Ran\u010d Ramarin\"><img decoding=\"async\" width=\"360\" height=\"320\" src=\"data:image\/svg+xml,%3Csvg%20xmlns%3D&#39;http%3A%2F%2Fwww.w3.org%2F2000%2Fsvg&#39;%20width=&#39;360&#39;%20height=&#39;320&#39;%20viewBox%3D&#39;0%200%20360%20320&#39;%2F%3E\" data-czlz data-src=\"https:\/\/www.ranc-ramarin.hr\/wp-content\/uploads\/2024\/07\/ramarin-tenis-9-360x320.jpeg\" class=\"attachment-codevz_360_320\" alt=\"\" title=\"ramarin-tenis-9\"><div class=\"cz_grid_details\"><i class=\"fa fa-search cz_grid_icon\"><\/i><\/div><\/a><div class=\"cz_grid_details cz_grid_details_outside\"><a class=\"cz_grid_title\" href=\"https:\/\/www.ranc-ramarin.hr\/de\/neue-angebote-auf-dem-ranc-ramarin\/\"><h2>Neue Angebote auf dem Ran\u010d Ramarin<\/h2><\/a><div class=\"cz_post_excerpt\">[vc_row][vc_column][vc_custom_heading text=\"Padel-, Pickleball- und Tennispl\u00e4tze\" google_fonts=\"font_family:Nunito%3A300%2Cregular%2C700|font_style:700%20bold%20regular%3A700%3Anormal\" css=\"\"][vc_column_text css=\"\"]Auf unserem Ranchgel\u00e4nde stehen neu er\u00f6ffnete, modern ausgestattete Pl\u00e4tze f\u00fcr Padel, Pickleball und Tennis zur Verf\u00fcgung. Sie wurden nach h\u00f6chsten Standards gebaut und bieten ein komfortables und sicheres Spielumfeld. Versammeln Sie Ihre Freunde, genie\u00dfen Sie den Sport, treten Sie ein wenig gegeneinander an ...<\/div><\/div><\/div><\/div><div data-id=\"3407\" class=\"cz_grid_item  cz_posts_list_even 3407 post-3407 post type-post status-publish format-standard has-post-thumbnail hentry category-news tag-wochenendurlaub\"><div class=\"clr\"><a class=\"cz_grid_link\" href=\"https:\/\/www.ranc-ramarin.hr\/de\/wochenendurlaub-in-slawonien-kombination-aus-aktivitaeten-natur-und-erstklassiger-gastronomie\/\" title=\"Wochenendurlaub in Slawonien \u2013 Kombination aus Aktivit\u00e4ten, Natur und erstklassiger Gastronomie\"><img decoding=\"async\" width=\"360\" height=\"320\" src=\"data:image\/svg+xml,%3Csvg%20xmlns%3D&#39;http%3A%2F%2Fwww.w3.org%2F2000%2Fsvg&#39;%20width=&#39;360&#39;%20height=&#39;320&#39;%20viewBox%3D&#39;0%200%20360%20320&#39;%2F%3E\" data-czlz data-src=\"https:\/\/www.ranc-ramarin.hr\/wp-content\/uploads\/2024\/03\/ranc-ramarin-pogled-360x320.jpg\" class=\"attachment-codevz_360_320\" alt=\"\" title=\"ranc-ramarin-ausblick\"><div class=\"cz_grid_details\"><i class=\"fa fa-search cz_grid_icon\"><\/i><\/div><\/a><div class=\"cz_grid_details cz_grid_details_outside\"><a class=\"cz_grid_title\" href=\"https:\/\/www.ranc-ramarin.hr\/de\/wochenendurlaub-in-slawonien-kombination-aus-aktivitaeten-natur-und-erstklassiger-gastronomie\/\"><h2>Wochenendurlaub in Slawonien \u2013 Kombination aus Aktivit\u00e4ten, Natur und erstklassiger Gastronomie<\/h2><\/a><div class=\"cz_post_excerpt\">Im schnellen Alltag vergessen wir oft die Erholung, die K\u00f6rper und Geist wirklich brauchen. Wenn Sie ein Wochenendabenteuer fernab der Stadt, Ruhe in der Natur und ein authentisches slawonisches Erlebnis suchen, ist die Ramarin Ranch in Gar\u010din die perfekte Destination. Aktiver Urlaub inmitten der Natur Auf der Ramarin Ranch steht...<\/div><\/div><\/div><\/div><div data-id=\"1653\" class=\"cz_grid_item  cz_posts_list_odd 1653 post-1653 post type-post status-publish format-standard hentry category-nachricht tag-distanzreiten tag-dressurreiten tag-endurance tag-hindernisse tag-reiten tag-reiter\"><div class=\"clr\"><a class=\"cz_grid_link\" href=\"https:\/\/www.ranc-ramarin.hr\/de\/sportreiten\/\" title=\"Turnierreiten \u2013 Mehr als nur ein Sport\"><img decoding=\"async\" src=\"data:image\/svg+xml,%3Csvg%20xmlns%3D&#39;http%3A%2F%2Fwww.w3.org%2F2000%2Fsvg&#39;%20width=&#39;1000&#39;%20height=&#39;1000&#39;%20viewBox%3D&#39;0%200%201000%201000&#39;%2F%3E\" data-czlz data-src=\"https:\/\/www.ranc-ramarin.hr\/wp-content\/plugins\/codevz-plus\/assets\/img\/p.svg\" class=\"xtra-placeholder \" width=\"1000\" height=\"1000\" alt=\"image\" title=\"\"><div class=\"cz_grid_details\"><i class=\"fa fa-search cz_grid_icon\"><\/i><\/div><\/a><div class=\"cz_grid_details cz_grid_details_outside\"><a class=\"cz_grid_title\" href=\"https:\/\/www.ranc-ramarin.hr\/de\/sportreiten\/\"><h2>Turnierreiten \u2013 Mehr als nur ein Sport<\/h2><\/a><div class=\"cz_post_excerpt\">Turnierreiten ist eine wundersch\u00f6ne Sportart, die auf verschiedenen Leistungsniveaus ausge\u00fcbt werden kann. Abh\u00e4ngig von Ihrer Erfahrung und Ihren Ambitionen k\u00f6nnen Sie auf unterschiedlichen Ebenen antreten \u2013 von lokalen bis hin zu internationalen Wettbewerben. Diese Art des Reitens erfordert viel Engagement, Disziplin und Training, um Erfolge zu erzielen. Es ist wichtig...<\/div><\/div><\/div><\/div><\/div><\/div>[\/vc_column][\/vc_row]<\/p>\n<\/div>","protected":false},"excerpt":{"rendered":"<p>[vc_row][vc_column][\/vc_column][\/vc_row] &#8230; <a class=\"cz_readmore\" href=\"https:\/\/www.ranc-ramarin.hr\/de\/sportreiten\/\"><i class=\"fa fa-angle-right\" aria-hidden=\"true\"><\/i><span>Read More<\/span><\/a><\/p>\n","protected":false},"author":3,"featured_media":0,"parent":0,"menu_order":0,"comment_status":"closed","ping_status":"closed","template":"","meta":{"footnotes":""},"class_list":["post-1501","page","type-page","status-publish","hentry"],"_links":{"self":[{"href":"https:\/\/www.ranc-ramarin.hr\/de\/wp-json\/wp\/v2\/pages\/1501","targetHints":{"allow":["GET"]}}],"collection":[{"href":"https:\/\/www.ranc-ramarin.hr\/de\/wp-json\/wp\/v2\/pages"}],"about":[{"href":"https:\/\/www.ranc-ramarin.hr\/de\/wp-json\/wp\/v2\/types\/page"}],"author":[{"embeddable":true,"href":"https:\/\/www.ranc-ramarin.hr\/de\/wp-json\/wp\/v2\/users\/3"}],"replies":[{"embeddable":true,"href":"https:\/\/www.ranc-ramarin.hr\/de\/wp-json\/wp\/v2\/comments?post=1501"}],"version-history":[{"count":2,"href":"https:\/\/www.ranc-ramarin.hr\/de\/wp-json\/wp\/v2\/pages\/1501\/revisions"}],"predecessor-version":[{"id":3579,"href":"https:\/\/www.ranc-ramarin.hr\/de\/wp-json\/wp\/v2\/pages\/1501\/revisions\/3579"}],"wp:attachment":[{"href":"https:\/\/www.ranc-ramarin.hr\/de\/wp-json\/wp\/v2\/media?parent=1501"}],"curies":[{"name":"wp","href":"https:\/\/api.w.org\/{rel}","templated":true}]}}