{"id":1496,"date":"2022-08-23T09:30:00","date_gmt":"2022-08-23T07:30:00","guid":{"rendered":"https:\/\/www.ranc-ramarin.hr\/?page_id=1496"},"modified":"2023-06-01T13:49:05","modified_gmt":"2023-06-01T11:49:05","slug":"erklaerung-zur-barrierefreiheit","status":"publish","type":"page","link":"https:\/\/www.ranc-ramarin.hr\/de\/erklaerung-zur-barrierefreiheit\/","title":{"rendered":"Erkl\u00e4rung zur Barrierefreiheit"},"content":{"rendered":"<p>Basierend auf Artikel 9 des Gesetzes \u00fcber die Barrierefreiheit von Websites und Softwarel\u00f6sungen f\u00fcr mobile Ger\u00e4te \u00f6ffentlicher Stellen (\u201eNarodne novine\u201c, Nr. 17\/19)<\/p>\n<p>Erkl\u00e4rung zur Barrierefreiheit<\/p>\n<p>Ramarin Ranch ist bestrebt, seine Website im Einklang mit dem Gesetz \u00fcber die Barrierefreiheit von Websites und Softwarel\u00f6sungen f\u00fcr mobile Ger\u00e4te \u00f6ffentlicher Stellen (Amtsblatt Nr. 17\/2019) zur Umsetzung der Richtlinie (EU) 2016\/2102 des Europ\u00e4ischen Parlaments zug\u00e4nglich zu machen des Rates.<\/p>\n<p>Diese Erkl\u00e4rung gilt f\u00fcr die Website: www.ranc-ramarin.hr<\/p>\n<p>Grad der Konformit\u00e4t<br \/>\nDiese Website entspricht teilweise dem Gesetz \u00fcber die Barrierefreiheit von Websites und Softwarel\u00f6sungen f\u00fcr mobile Ger\u00e4te \u00f6ffentlicher Stellen (Amtsblatt 17\/19) und der Richtlinie (EU) 2016\/2102 des Europ\u00e4ischen Parlaments und des Rates. Die Abweichungen sind unten aufgef\u00fchrt.<\/p>\n<p>Unzug\u00e4nglicher Inhalt<\/p>\n<p>Gem\u00e4\u00df Artikel 8 des Gesetzes \u00fcber die Barrierefreiheit von Websites und Softwarel\u00f6sungen f\u00fcr mobile Ger\u00e4te \u00f6ffentlicher Stellen (Amtsblatt 17\/19) und Artikel 5 der Richtlinie (EU) 2016\/2012 des Europ\u00e4ischen Parlaments und des Rates, Ranch Ramarin hat am 22. August 2022 eine erste Konformit\u00e4tsbewertung seiner Website mit den Barrierefreiheitsanforderungen durchgef\u00fchrt. Die festgestellten Inkonsistenzen wurden korrigiert, sodass am 23. August 2022 mit einer neuen Bewertung der Einhaltung der Barrierefreiheitsanforderungen begonnen wurde und festgestellt wurde, dass bestimmte Teile der Website entsprechen nicht den Angaben.<\/p>\n<p>Das sind folgende Teile:<\/p>\n<p>Die Website ist teilweise nicht an HTML5-Standards angepasst. Aufgrund der technischen Einschr\u00e4nkungen der Website ist eine vollst\u00e4ndige Einhaltung nicht m\u00f6glich, sie hindert Benutzer jedoch nicht daran, unabh\u00e4ngig von ihren F\u00e4higkeiten auf die Website zuzugreifen und sie zu nutzen.<br \/>\nEin Teil der Fotos und\/oder nicht-textlichen Inhalte der Ranch Ramarin-Internetseiten hat dekorativen Charakter oder dient lediglich der visuellen Gestaltung, so dass gem\u00e4\u00df Punkt 5.1.3.6. Die europ\u00e4ischen Normen EN 301 549 V2.1.2 (2018-08), festgelegt durch Artikel 7 Absatz 1 des Barrierefreiheitsgesetzes, haben keine alternative Beschreibung (und m\u00fcssen diese auch nicht haben). Allerdings verf\u00fcgt ein kleiner Teil der Bilder nicht \u00fcber eine passende Textbeschreibung (Alt-Text);<br \/>\nEin Teil der Links ist nicht unterstrichen, enth\u00e4lt also keine passenden Textbeschreibungen.<\/p>\n<p>Erstellung dieser Erkl\u00e4rung zur Barrierefreiheit<br \/>\nDiese Erkl\u00e4rung wurde urspr\u00fcnglich am 22. August 2022 auf der Grundlage einer von Ranch Ramarin durchgef\u00fchrten Selbsteinsch\u00e4tzung erstellt.<\/p>\n<p>Feedback und Kontaktinformationen<br \/>\nDurch das Absenden einer Anfrage k\u00f6nnen Sie Feedback erhalten und\/oder festgestellte Unregelm\u00e4\u00dfigkeiten im Sinne des Gesetzes \u00fcber die Barrierefreiheit von Websites und Softwarel\u00f6sungen f\u00fcr mobile Ger\u00e4te \u00f6ffentlicher Stellen (OG 17\/19) und der Richtlinie (EU) 2016\/2012 melden Europ\u00e4isches Parlament und Rat. Sie k\u00f6nnen den Antrag schriftlich an Ranch Ramarin unter folgender Adresse richten:<\/p>\n<p>Gardunska ulica 18, 35212 Gar\u010din, Kroatien<\/p>\n<p>Verfahren zur \u00dcberwachung der Umsetzung von Vorschriften<br \/>\nDie Aufsicht \u00fcber die Umsetzung des Gesetzes \u00fcber die Barrierefreiheit von Websites und Softwarel\u00f6sungen f\u00fcr mobile Ger\u00e4te \u00f6ffentlicher Stellen (Amtsblatt 17\/19) obliegt dem Informationsbeauftragten der Republik Kroatien.<br \/>\nInspektoren und andere befugte Beamte des Amtes des Kommissars \u00fcben die Inspektionsaufsicht \u00fcber die Umsetzung des Gesetzes \u00fcber die Barrierefreiheit von Websites und Softwarel\u00f6sungen f\u00fcr mobile Ger\u00e4te \u00f6ffentlicher Stellen (Amtsblatt 17\/19) aus.<br \/>\nF\u00fcr die Aufsicht gelten die Bestimmungen des Gesetzes \u00fcber das Recht auf Zugang zu Informationen (Amtsblatt 25\/13 und 85\/15).<br \/>\nIm Falle unbefriedigender Antworten auf die Mitteilung oder die Bitte um Feedback zur Barrierefreiheit dieser Website k\u00f6nnen sich Benutzer an den Datenschutzbeauftragten wenden<\/p>\n<p>telefonisch unter der Nummer: 01 4609 041<br \/>\n\u2022 per Post an die Adresse: Juri\u0161i\u0107eva 19, 10000 Zagreb, Kroatien<br \/>\n\u2022 per E-Mail: http:\/\/pristupacnost@pristupinfo.hr<\/p>\n","protected":false},"excerpt":{"rendered":"<p>Basierend auf Artikel 9 des Gesetzes \u00fcber die Barrierefreiheit von Websites &#8230; <\/p>\n","protected":false},"author":3,"featured_media":0,"parent":0,"menu_order":0,"comment_status":"closed","ping_status":"closed","template":"","meta":{"footnotes":""},"class_list":["post-1496","page","type-page","status-publish","hentry"],"_links":{"self":[{"href":"https:\/\/www.ranc-ramarin.hr\/de\/wp-json\/wp\/v2\/pages\/1496","targetHints":{"allow":["GET"]}}],"collection":[{"href":"https:\/\/www.ranc-ramarin.hr\/de\/wp-json\/wp\/v2\/pages"}],"about":[{"href":"https:\/\/www.ranc-ramarin.hr\/de\/wp-json\/wp\/v2\/types\/page"}],"author":[{"embeddable":true,"href":"https:\/\/www.ranc-ramarin.hr\/de\/wp-json\/wp\/v2\/users\/3"}],"replies":[{"embeddable":true,"href":"https:\/\/www.ranc-ramarin.hr\/de\/wp-json\/wp\/v2\/comments?post=1496"}],"version-history":[{"count":0,"href":"https:\/\/www.ranc-ramarin.hr\/de\/wp-json\/wp\/v2\/pages\/1496\/revisions"}],"wp:attachment":[{"href":"https:\/\/www.ranc-ramarin.hr\/de\/wp-json\/wp\/v2\/media?parent=1496"}],"curies":[{"name":"wp","href":"https:\/\/api.w.org\/{rel}","templated":true}]}}