{"id":1490,"date":"2022-08-16T06:08:17","date_gmt":"2022-08-16T04:08:17","guid":{"rendered":"https:\/\/www.ranc-ramarin.hr\/unterkunft\/"},"modified":"2025-12-18T04:29:04","modified_gmt":"2025-12-18T03:29:04","slug":"unterkunft","status":"publish","type":"page","link":"https:\/\/www.ranc-ramarin.hr\/de\/unterkunft\/","title":{"rendered":"Unterkunft"},"content":{"rendered":"<div class=\"wpb-content-wrapper\"><p>[vc_row][vc_column width=&#8220;1\/3&#8243;]<a class=\"cz_content_box_link\" href=\"https:\/\/ranc-ramarin.hr\/smjestaj\/bungalov\/\" title=\"Bungalov\" aria-label=\"Bungalov\"><div class=\"cz_eqh cz_content_box_parent_fx  \"><div id=\"cz_66106\" class=\"cz_66106 cz_content_box clr cz_split_box_top\"><div class=\"cz_split_box\"><img decoding=\"async\" src=\"data:image\/svg+xml,%3Csvg%20xmlns%3D&#39;http%3A%2F%2Fwww.w3.org%2F2000%2Fsvg&#39;%20width=&#39;_w_&#39;%20height=&#39;_h_&#39;%20viewBox%3D&#39;0%200%20_w_%20_h_&#39;%2F%3E\" data-czlz data-src=\"https:\/\/www.ranc-ramarin.hr\/wp-content\/uploads\/2022\/08\/smjestaj_bungalov.jpg\" alt=\"#\" title=\"\"><\/div><div class=\"cz_box_front clr\"><div class=\"cz_box_front_inner clr \"><span><\/span><div><div id=\"cz_48480\" class=\"cz_48480 cz_title clr cz_title_pos_inline\"><div class=\"cz_title_content\"><div class=\"cz_wpe_content\"><h3>BUNGALOW<\/h3>\n<p>Voll ausgestattete Bungalows warten nur auf Sie! Erleben Sie Slawonien und die Ramarin Ranch auf eine moderne, aber traditionelle Art und Weise, die Sie v\u00f6llig \u00fcberkommen wird\u2026<\/p>\n<\/div><\/div><\/div><\/div><\/div><\/div><\/div><\/div><\/a>[\/vc_column][vc_column width=&#8220;1\/3&#8243;]<a class=\"cz_content_box_link\" href=\"https:\/\/ranc-ramarin.hr\/kamp-parkiraliste\/\" title=\"Kamp parkirali\u0161te\" aria-label=\"Kamp parkirali\u0161te\"><div class=\"cz_eqh cz_content_box_parent_fx  \"><div id=\"cz_57107\" class=\"cz_57107 cz_content_box clr cz_split_box_top\"><div class=\"cz_split_box\"><img decoding=\"async\" src=\"data:image\/svg+xml,%3Csvg%20xmlns%3D&#39;http%3A%2F%2Fwww.w3.org%2F2000%2Fsvg&#39;%20width=&#39;_w_&#39;%20height=&#39;_h_&#39;%20viewBox%3D&#39;0%200%20_w_%20_h_&#39;%2F%3E\" data-czlz data-src=\"https:\/\/www.ranc-ramarin.hr\/wp-content\/uploads\/2022\/08\/smjestaj_kamp.jpg\" alt=\"#\" title=\"\"><\/div><div class=\"cz_box_front clr\"><div class=\"cz_box_front_inner clr \"><span><\/span><div><div id=\"cz_49841\" class=\"cz_49841 cz_title clr cz_title_pos_inline\"><div class=\"cz_title_content\"><div class=\"cz_wpe_content\"><h3>CAMPING-PARKPLATZ<\/h3>\n<p>Die Ramarin Ranch verf\u00fcgt auch \u00fcber einen CAMPING-Parkplatz! Ein ideales Reiseziel f\u00fcr alle Camper, die es lieben, Natur mit Moderne zu verbinden. 8 Camping-Stellpl\u00e4tze\u2026<\/p>\n<\/div><\/div><\/div><\/div><\/div><\/div><\/div><\/div><\/a>[\/vc_column][vc_column width=&#8220;1\/3&#8243;]<a class=\"cz_content_box_link\" href=\"https:\/\/www.ranc-ramarin.hr\/de\/hotel\/\" title=\"Hostel\" aria-label=\"Hostel\"><div class=\"cz_eqh cz_content_box_parent_fx  \"><div id=\"cz_106822\" class=\"cz_106822 cz_content_box clr cz_split_box_top\"><div class=\"cz_split_box\"><img decoding=\"async\" src=\"data:image\/svg+xml,%3Csvg%20xmlns%3D&#39;http%3A%2F%2Fwww.w3.org%2F2000%2Fsvg&#39;%20width=&#39;_w_&#39;%20height=&#39;_h_&#39;%20viewBox%3D&#39;0%200%20_w_%20_h_&#39;%2F%3E\" data-czlz data-src=\"https:\/\/www.ranc-ramarin.hr\/wp-content\/uploads\/2025\/05\/ramarin-hotel-garcin-29.jpeg\" alt=\"#\" title=\"\"><\/div><div class=\"cz_box_front clr\"><div class=\"cz_box_front_inner clr \"><span><\/span><div><div id=\"cz_86351\" class=\"cz_86351 cz_title clr cz_title_pos_inline\"><div href=\"https:\/\/www.ranc-ramarin.hr\/de\/hotel\/\"><div class=\"cz_title_content\"><div class=\"cz_wpe_content\"><h3>HOTEL<\/h3>\n<p>Mit bis zu <strong>18 modernen und luxuri\u00f6s ausgestatteten Zimmern<\/strong> und einem Wellnesscenter bietet Ihnen das Hotel Ramarin ein unvergessliches Urlaubserlebnis.<\/p>\n<\/div><\/div><\/div><\/div><\/div><\/div><\/div><\/div><\/div><\/a>[\/vc_column][vc_column]<div class=\"cz_gap clr  hide_on_tablet hide_on_mobile\" style=\"height: 75px\"><\/div><div class=\"cz_gap show_on_tablet clr  show_only_tablet\" style=\"height: 55px\"><\/div><div class=\"cz_gap show_on_mobile clr\" style=\"height: 35px\"><\/div>[\/vc_column][\/vc_row][vc_row][vc_column]<div class=\"codevz-page-content-element\"><div data-cz-style='.vc_custom_1660740476395{background-color: #bb9458 !important;}.vc_custom_1660740307274{background-image: url(https:\/\/ranc-ramarin.hr\/wp-content\/uploads\/2022\/08\/Ranc_Ramarin_143.jpg?id=215) !important;background-position: center !important;background-repeat: no-repeat !important;background-size: cover !important;}'>[vc_row full_width=\"stretch_row_content_no_spaces\" equal_height=\"yes\" content_placement=\"middle\" css=\".vc_custom_1660740476395{background-color: #bb9458 !important;}\"][vc_column width=\"1\/2\" css=\".vc_custom_1660740307274{background-image: url(https:\/\/ranc-ramarin.hr\/wp-content\/uploads\/2022\/08\/Ranc_Ramarin_143.jpg?id=215) !important;background-position: center !important;background-repeat: no-repeat !important;background-size: cover !important;}\"]<div class=\"cz_gap clr  hide_on_tablet hide_on_mobile\" style=\"height: 350px\"><\/div><div class=\"cz_gap show_on_tablet clr  show_only_tablet\" style=\"height: 150px\"><\/div><div class=\"cz_gap show_on_mobile clr\" style=\"height: 100px\"><\/div>[\/vc_column][vc_column width=\"1\/2\" el_class=\"cta_text\"]<div class=\"cz_eqh cz_content_box_parent_fx  \"><div id=\"cz_100451\" class=\"cz_100451 cz_content_box clr\"><div class=\"cz_box_front clr\"><div class=\"cz_box_front_inner clr \"><span><\/span><div>[vc_column_text]\r\n<h2>Kontaktieren Sie uns f\u00fcr weitere Informationen<\/h2>\r\n[\/vc_column_text][vc_column_text css=\"\"]<a class=\"nazovi\" href=\"tel:+385915492237\">Rufen Sie uns an<\/a> <a class=\"poslaji\" href=\"mailto:info@ranc-ramarin.hr\">Senden Sie eine Anfrage<\/a>[\/vc_column_text]<\/div><\/div><\/div><\/div><\/div>[\/vc_column][\/vc_row]<\/div><\/div>[\/vc_column][\/vc_row]<\/p>\n<\/div>","protected":false},"excerpt":{"rendered":"<p>[vc_row][vc_column width=&#8220;1\/3&#8243;][\/vc_column][vc_column width=&#8220;1\/3&#8243;][\/vc_column][vc_column width=&#8220;1\/3&#8243;][\/vc_column][vc_column][\/vc_column][\/vc_row][vc_row][vc_column][\/vc_column][\/vc_row] &#8230; <\/p>\n","protected":false},"author":123,"featured_media":0,"parent":0,"menu_order":0,"comment_status":"closed","ping_status":"closed","template":"","meta":{"footnotes":""},"class_list":["post-1490","page","type-page","status-publish","hentry"],"_links":{"self":[{"href":"https:\/\/www.ranc-ramarin.hr\/de\/wp-json\/wp\/v2\/pages\/1490","targetHints":{"allow":["GET"]}}],"collection":[{"href":"https:\/\/www.ranc-ramarin.hr\/de\/wp-json\/wp\/v2\/pages"}],"about":[{"href":"https:\/\/www.ranc-ramarin.hr\/de\/wp-json\/wp\/v2\/types\/page"}],"author":[{"embeddable":true,"href":"https:\/\/www.ranc-ramarin.hr\/de\/wp-json\/wp\/v2\/users\/123"}],"replies":[{"embeddable":true,"href":"https:\/\/www.ranc-ramarin.hr\/de\/wp-json\/wp\/v2\/comments?post=1490"}],"version-history":[{"count":3,"href":"https:\/\/www.ranc-ramarin.hr\/de\/wp-json\/wp\/v2\/pages\/1490\/revisions"}],"predecessor-version":[{"id":3350,"href":"https:\/\/www.ranc-ramarin.hr\/de\/wp-json\/wp\/v2\/pages\/1490\/revisions\/3350"}],"wp:attachment":[{"href":"https:\/\/www.ranc-ramarin.hr\/de\/wp-json\/wp\/v2\/media?parent=1490"}],"curies":[{"name":"wp","href":"https:\/\/api.w.org\/{rel}","templated":true}]}}