{"id":1482,"date":"2022-08-16T14:37:06","date_gmt":"2022-08-16T12:37:06","guid":{"rendered":"https:\/\/www.ranc-ramarin.hr\/radfahren\/"},"modified":"2026-01-10T10:31:41","modified_gmt":"2026-01-10T09:31:41","slug":"radfahren","status":"publish","type":"page","link":"https:\/\/www.ranc-ramarin.hr\/de\/radfahren\/","title":{"rendered":"Radfahren"},"content":{"rendered":"<div class=\"wpb-content-wrapper\"><p>[vc_row][vc_column][vc_column_text css=&#8220;&#8220;]<\/p>\n<h2>Radfahren auf der Ranch Ramarin<\/h2>\n<p>[\/vc_column_text][vc_column_text css=&#8220;&#8220;]Wenn Sie auf der Suche nach Abenteuer sind, besuchen Sie die Ranch Ramarin und reservieren Sie unsere E-Bikes! Es ist die perfekte Art, einen aktiven Urlaub in der Natur zu verbringen und dem Alltagsstress zu entfliehen. Eine Fahrradtour durch die slawonischen Ebenen, W\u00e4lder und Felder ist ein echtes Erlebnis. F\u00fcr zus\u00e4tzliche Sicherheit und ein intensiveres Erlebnis sorgt die Begleitung durch einen professionellen Guide. Entdecken Sie <a href=\"https:\/\/www.slavonia-bike.com\/rute\/sb-istok\" target=\"_blank\" rel=\"noopener\">die sch\u00f6nsten Fahrradrouten in Slawonien<\/a> und genie\u00dfen Sie jeden Kilometer.[\/vc_column_text][vc_column_text css=&#8220;&#8220;]<\/p>\n<p style=\"text-align: left;\"><strong><a href=\"https:\/\/tzbpz.hr\/aktivni-turizam\/\" target=\"_blank\" rel=\"noopener\">Was k\u00f6nnen Sie in der Gespanschaft Brod-Posavina besichtigen? <\/a><\/strong><\/p>\n<p>[\/vc_column_text]<div class=\"cz_gap clr \" style=\"height: 50px\"><\/div>[\/vc_column][\/vc_row][vc_row][vc_column][vc_column_text css=&#8220;&#8220;]<\/p>\n<h2>Fahrradverleih auf der Ranch Ramarin<\/h2>\n<p>[\/vc_column_text][\/vc_column][\/vc_row][vc_row][vc_column width=&#8220;1\/2&#8243;][vc_column_text css=&#8220;&#8220;]<span style=\"font-weight: 400;\">Unsere Fahrr\u00e4der sind hochwertig und werden regelm\u00e4\u00dfig gewartet, damit Sie sich w\u00e4hrend der Fahrt sicher und komfortabel f\u00fchlen. Wir bieten Fahrr\u00e4der f\u00fcr alle Altersgruppen und Erfahrungsstufen an, sodass jeder das passende Modell findet.  <\/span><\/p>\n<p><span style=\"font-weight: 400;\">Mit einem Guide, der sich semi-professionell mit dem Radsport besch\u00e4ftigt, ist eine aktive und abwechslungsreiche Tour garantiert. Die Strecken bieten wundersch\u00f6ne Landschaften und einen panoramischen Blick auf Slawonien.  <\/span><\/p>\n<p><span style=\"font-weight: 400;\">Dar\u00fcber hinaus k\u00f6nnen Sie abgelegenere Gebiete erkunden und die lokale Kultur sowie Sehensw\u00fcrdigkeiten kennenlernen. Der Fahrradverleih ist ideal f\u00fcr Familien, Paare oder Freundesgruppen, die die Natur auf eine besondere Weise entdecken m\u00f6chten. <\/span><\/p>\n<p><span style=\"font-weight: 400;\">Au\u00dferdem bietet unsere Ranch weitere Aktivit\u00e4ten des l\u00e4ndlichen Tourismus in der Natur an, wie <a href=\"https:\/\/www.ranc-ramarin.hr\/de\/reiten\/\">Reiten<\/a>, <a href=\"https:\/\/www.ranc-ramarin.hr\/aerodrom\/\">Rundfl\u00fcge mit dem Flugzeug<\/a> oder attraktive Sportaktivit\u00e4ten. Besuchen Sie uns und entdecken Sie die Natursch\u00f6nheiten rund um unsere Ranch. <\/span>[\/vc_column_text][vc_column_text][\/vc_column_text][\/vc_column][vc_column width=&#8220;1\/2&#8243;][vc_column_text css=&#8220;&#8220;]In unserem <strong>Fahrradverleih <\/strong>bieten wir auch E-Bikes an. Derzeit stehen 6 Fahrr\u00e4der zur Verf\u00fcgung. Unsere Modelle sind E-Revox Edition S, M und L.  Technische Daten:<\/p>\n<ul>\n<li>Laufr\u00e4der: 29&#8243;<\/li>\n<li>Akkukapazit\u00e4t: 400 Wh und 500 Wh<\/li>\n<li>Motorposition: Mittelmotor<\/li>\n<li>G\u00e4nge: 9-Gang-Schaltung<\/li>\n<li>Bremsen: hydraulisch<\/li>\n<li><strong>Mountainbike<\/strong><\/li>\n<li>Federung: Vorderradfederung<\/li>\n<li>Rahmen: Aluminium<\/li>\n<\/ul>\n<p>[\/vc_column_text][\/vc_column][\/vc_row][vc_row][vc_column width=&#8220;1\/2&#8243;][vc_column_text css=&#8220;&#8220;]<strong><em>Ihre Sicherheit und Ihr Komfort stehen f\u00fcr uns an erster Stelle \u2013 deshalb sind unsere Fahrr\u00e4der stets fahrbereit.<\/em><\/strong><\/p>\n<p>Verf\u00fcgbare Pakete: Tagesausflug, Halbtagesausflug, privates Fahrradarrangement<\/p>\n<p>Verleih eines elektrischen Mountainbikes: 30 EUR \/ Person<br \/>\n<strong>Fahrradguide<\/strong><strong> <\/strong>20 EUR \/ Person<\/p>\n<p>Privates Fahrradarrangement<\/p>\n<p>Fahrradverleih: 30 EUR \/ Tag<br \/>\nFahrradguide: 40 EUR \/ Tag[\/vc_column_text][\/vc_column][vc_column width=&#8220;1\/2&#8243;]<div id=\"cz_61275\" class=\"cz_grid_p cz_61275\"><div class=\"cz_grid cz_grid_1 clr cz_grid_c3 cz_grid_1_no_title cz_grid_1_mid tac\"><div class=\"cz_grid_item cz_grid_first\"><\/div><div class=\"cz_grid_item \"><div><a class=\"cz_grid_link \" href=\"https:\/\/www.ranc-ramarin.hr\/wp-content\/uploads\/2023\/05\/asdad.jpg\" data-xtra-lightbox><img decoding=\"async\" width=\"600\" height=\"600\" src=\"data:image\/svg+xml,%3Csvg%20xmlns%3D&#39;http%3A%2F%2Fwww.w3.org%2F2000%2Fsvg&#39;%20width=&#39;600&#39;%20height=&#39;600&#39;%20viewBox%3D&#39;0%200%20600%20600&#39;%2F%3E\" data-czlz data-src=\"https:\/\/www.ranc-ramarin.hr\/wp-content\/uploads\/2023\/05\/asdad-600x600.jpg\" class=\"attachment-codevz_600_600\" alt=\"\" title=\"ran\u010d ramarin biciklizam\" data-srcset=\"https:\/\/www.ranc-ramarin.hr\/wp-content\/uploads\/2023\/05\/asdad-600x600.jpg 600w, https:\/\/www.ranc-ramarin.hr\/wp-content\/uploads\/2023\/05\/asdad-150x150.jpg 150w\" data-sizes=\"(max-width: 600px) 100vw, 600px\"><div class=\"cz_grid_details\"><i class=\"fa fa-search cz_grid_icon\"><\/i><\/div><\/a><\/div><\/div><div class=\"cz_grid_item \"><div><a class=\"cz_grid_link \" href=\"https:\/\/www.ranc-ramarin.hr\/wp-content\/uploads\/2023\/05\/asdadad.jpg\" data-xtra-lightbox><img decoding=\"async\" width=\"600\" height=\"600\" src=\"data:image\/svg+xml,%3Csvg%20xmlns%3D&#39;http%3A%2F%2Fwww.w3.org%2F2000%2Fsvg&#39;%20width=&#39;600&#39;%20height=&#39;600&#39;%20viewBox%3D&#39;0%200%20600%20600&#39;%2F%3E\" data-czlz data-src=\"https:\/\/www.ranc-ramarin.hr\/wp-content\/uploads\/2023\/05\/asdadad-600x600.jpg\" class=\"attachment-codevz_600_600\" alt=\"\" title=\"ran\u010d ramarin biciklizam\" data-srcset=\"https:\/\/www.ranc-ramarin.hr\/wp-content\/uploads\/2023\/05\/asdadad-600x600.jpg 600w, https:\/\/www.ranc-ramarin.hr\/wp-content\/uploads\/2023\/05\/asdadad-150x150.jpg 150w\" data-sizes=\"(max-width: 600px) 100vw, 600px\"><div class=\"cz_grid_details\"><i class=\"fa fa-search cz_grid_icon\"><\/i><\/div><\/a><\/div><\/div><div class=\"cz_grid_item \"><div><a class=\"cz_grid_link \" href=\"https:\/\/www.ranc-ramarin.hr\/wp-content\/uploads\/2023\/05\/bicki.jpg\" data-xtra-lightbox><img decoding=\"async\" width=\"600\" height=\"600\" src=\"data:image\/svg+xml,%3Csvg%20xmlns%3D&#39;http%3A%2F%2Fwww.w3.org%2F2000%2Fsvg&#39;%20width=&#39;600&#39;%20height=&#39;600&#39;%20viewBox%3D&#39;0%200%20600%20600&#39;%2F%3E\" data-czlz data-src=\"https:\/\/www.ranc-ramarin.hr\/wp-content\/uploads\/2023\/05\/bicki-600x600.jpg\" class=\"attachment-codevz_600_600\" alt=\"\" title=\"ran\u010d ramarin biciklizam\" data-srcset=\"https:\/\/www.ranc-ramarin.hr\/wp-content\/uploads\/2023\/05\/bicki-600x600.jpg 600w, https:\/\/www.ranc-ramarin.hr\/wp-content\/uploads\/2023\/05\/bicki-150x150.jpg 150w\" data-sizes=\"(max-width: 600px) 100vw, 600px\"><div class=\"cz_grid_details\"><i class=\"fa fa-search cz_grid_icon\"><\/i><\/div><\/a><\/div><\/div><div class=\"cz_grid_item \"><div><a class=\"cz_grid_link \" href=\"https:\/\/www.ranc-ramarin.hr\/wp-content\/uploads\/2023\/05\/asdasd.jpg\" data-xtra-lightbox><img decoding=\"async\" width=\"600\" height=\"600\" src=\"data:image\/svg+xml,%3Csvg%20xmlns%3D&#39;http%3A%2F%2Fwww.w3.org%2F2000%2Fsvg&#39;%20width=&#39;600&#39;%20height=&#39;600&#39;%20viewBox%3D&#39;0%200%20600%20600&#39;%2F%3E\" data-czlz data-src=\"https:\/\/www.ranc-ramarin.hr\/wp-content\/uploads\/2023\/05\/asdasd-600x600.jpg\" class=\"attachment-codevz_600_600\" alt=\"\" title=\"ran\u010d ramarin biciklizam\" data-srcset=\"https:\/\/www.ranc-ramarin.hr\/wp-content\/uploads\/2023\/05\/asdasd-600x600.jpg 600w, https:\/\/www.ranc-ramarin.hr\/wp-content\/uploads\/2023\/05\/asdasd-150x150.jpg 150w\" data-sizes=\"(max-width: 600px) 100vw, 600px\"><div class=\"cz_grid_details\"><i class=\"fa fa-search cz_grid_icon\"><\/i><\/div><\/a><\/div><\/div><div class=\"cz_grid_item \"><div><a class=\"cz_grid_link \" href=\"https:\/\/www.ranc-ramarin.hr\/wp-content\/uploads\/2023\/07\/BIciklizam-scaled.jpg\" data-xtra-lightbox><img decoding=\"async\" width=\"600\" height=\"600\" src=\"data:image\/svg+xml,%3Csvg%20xmlns%3D&#39;http%3A%2F%2Fwww.w3.org%2F2000%2Fsvg&#39;%20width=&#39;600&#39;%20height=&#39;600&#39;%20viewBox%3D&#39;0%200%20600%20600&#39;%2F%3E\" data-czlz data-src=\"https:\/\/www.ranc-ramarin.hr\/wp-content\/uploads\/2023\/07\/BIciklizam-600x600.jpg\" class=\"attachment-codevz_600_600\" alt=\"\" title=\"hdrpl\" data-srcset=\"https:\/\/www.ranc-ramarin.hr\/wp-content\/uploads\/2023\/07\/BIciklizam-600x600.jpg 600w, https:\/\/www.ranc-ramarin.hr\/wp-content\/uploads\/2023\/07\/BIciklizam-150x150.jpg 150w\" data-sizes=\"(max-width: 600px) 100vw, 600px\"><div class=\"cz_grid_details\"><i class=\"fa fa-search cz_grid_icon\"><\/i><\/div><\/a><\/div><\/div><div class=\"cz_grid_item \"><div><a class=\"cz_grid_link \" href=\"https:\/\/www.ranc-ramarin.hr\/wp-content\/uploads\/2023\/07\/Biciklizam-2-scaled.jpg\" data-xtra-lightbox><img decoding=\"async\" width=\"600\" height=\"600\" src=\"data:image\/svg+xml,%3Csvg%20xmlns%3D&#39;http%3A%2F%2Fwww.w3.org%2F2000%2Fsvg&#39;%20width=&#39;600&#39;%20height=&#39;600&#39;%20viewBox%3D&#39;0%200%20600%20600&#39;%2F%3E\" data-czlz data-src=\"https:\/\/www.ranc-ramarin.hr\/wp-content\/uploads\/2023\/07\/Biciklizam-2-600x600.jpg\" class=\"attachment-codevz_600_600\" alt=\"Radfahren in Slawonien auf der Ranch Ramarin\" title=\"Radfahren in Slawonien auf der Ranch Ramarin\" data-srcset=\"https:\/\/www.ranc-ramarin.hr\/wp-content\/uploads\/2023\/07\/Biciklizam-2-600x600.jpg 600w, https:\/\/www.ranc-ramarin.hr\/wp-content\/uploads\/2023\/07\/Biciklizam-2-150x150.jpg 150w\" data-sizes=\"(max-width: 600px) 100vw, 600px\" \/><div class=\"cz_grid_details\"><i class=\"fa fa-search cz_grid_icon\"><\/i><\/div><\/a><\/div><\/div><div class=\"cz_grid_item \"><div><a class=\"cz_grid_link \" href=\"https:\/\/www.ranc-ramarin.hr\/wp-content\/uploads\/2024\/04\/IMG_4012-scaled.jpeg\" data-xtra-lightbox><img decoding=\"async\" width=\"600\" height=\"600\" src=\"data:image\/svg+xml,%3Csvg%20xmlns%3D&#39;http%3A%2F%2Fwww.w3.org%2F2000%2Fsvg&#39;%20width=&#39;600&#39;%20height=&#39;600&#39;%20viewBox%3D&#39;0%200%20600%20600&#39;%2F%3E\" data-czlz data-src=\"https:\/\/www.ranc-ramarin.hr\/wp-content\/uploads\/2024\/04\/IMG_4012-600x600.jpeg\" class=\"attachment-codevz_600_600\" alt=\"\" title=\"IMG_4012\" data-srcset=\"https:\/\/www.ranc-ramarin.hr\/wp-content\/uploads\/2024\/04\/IMG_4012-600x600.jpeg 600w, https:\/\/www.ranc-ramarin.hr\/wp-content\/uploads\/2024\/04\/IMG_4012-150x150.jpeg 150w\" data-sizes=\"(max-width: 600px) 100vw, 600px\"><div class=\"cz_grid_details\"><i class=\"fa fa-search cz_grid_icon\"><\/i><\/div><\/a><\/div><\/div><div class=\"cz_grid_item \"><div><a class=\"cz_grid_link \" href=\"https:\/\/www.ranc-ramarin.hr\/wp-content\/uploads\/2024\/04\/IMG_4008-scaled.jpeg\" data-xtra-lightbox><img decoding=\"async\" width=\"600\" height=\"600\" src=\"data:image\/svg+xml,%3Csvg%20xmlns%3D&#39;http%3A%2F%2Fwww.w3.org%2F2000%2Fsvg&#39;%20width=&#39;600&#39;%20height=&#39;600&#39;%20viewBox%3D&#39;0%200%20600%20600&#39;%2F%3E\" data-czlz data-src=\"https:\/\/www.ranc-ramarin.hr\/wp-content\/uploads\/2024\/04\/IMG_4008-600x600.jpeg\" class=\"attachment-codevz_600_600\" alt=\"\" title=\"IMG_4008\" data-srcset=\"https:\/\/www.ranc-ramarin.hr\/wp-content\/uploads\/2024\/04\/IMG_4008-600x600.jpeg 600w, https:\/\/www.ranc-ramarin.hr\/wp-content\/uploads\/2024\/04\/IMG_4008-150x150.jpeg 150w\" data-sizes=\"(max-width: 600px) 100vw, 600px\"><div class=\"cz_grid_details\"><i class=\"fa fa-search cz_grid_icon\"><\/i><\/div><\/a><\/div><\/div><div class=\"cz_grid_item \"><div><a class=\"cz_grid_link \" href=\"https:\/\/www.ranc-ramarin.hr\/wp-content\/uploads\/2024\/04\/IMG_4005-scaled.jpeg\" data-xtra-lightbox><img decoding=\"async\" width=\"600\" height=\"600\" src=\"data:image\/svg+xml,%3Csvg%20xmlns%3D&#39;http%3A%2F%2Fwww.w3.org%2F2000%2Fsvg&#39;%20width=&#39;600&#39;%20height=&#39;600&#39;%20viewBox%3D&#39;0%200%20600%20600&#39;%2F%3E\" data-czlz data-src=\"https:\/\/www.ranc-ramarin.hr\/wp-content\/uploads\/2024\/04\/IMG_4005-600x600.jpeg\" class=\"attachment-codevz_600_600\" alt=\"\" title=\"IMG_4005\" data-srcset=\"https:\/\/www.ranc-ramarin.hr\/wp-content\/uploads\/2024\/04\/IMG_4005-600x600.jpeg 600w, https:\/\/www.ranc-ramarin.hr\/wp-content\/uploads\/2024\/04\/IMG_4005-150x150.jpeg 150w\" data-sizes=\"(max-width: 600px) 100vw, 600px\"><div class=\"cz_grid_details\"><i class=\"fa fa-search cz_grid_icon\"><\/i><\/div><\/a><\/div><\/div><\/div><\/div><div class=\"cz_gap clr \" style=\"height: 50px\"><\/div>[\/vc_column][\/vc_row][vc_row][vc_column]<div class=\"cz_gap clr  hide_on_tablet hide_on_mobile\" style=\"height: 75px\"><\/div><div class=\"cz_gap show_on_tablet clr  show_only_tablet\" style=\"height: 55px\"><\/div><div class=\"cz_gap show_on_mobile clr\" style=\"height: 35px\"><\/div><div class=\"codevz-page-content-element\"><div data-cz-style='.vc_custom_1660740476395{background-color: #bb9458 !important;}.vc_custom_1660740307274{background-image: url(https:\/\/ranc-ramarin.hr\/wp-content\/uploads\/2022\/08\/Ranc_Ramarin_143.jpg?id=215) !important;background-position: center !important;background-repeat: no-repeat !important;background-size: cover !important;}'>[vc_row full_width=\"stretch_row_content_no_spaces\" equal_height=\"yes\" content_placement=\"middle\" css=\".vc_custom_1660740476395{background-color: #bb9458 !important;}\"][vc_column width=\"1\/2\" css=\".vc_custom_1660740307274{background-image: url(https:\/\/ranc-ramarin.hr\/wp-content\/uploads\/2022\/08\/Ranc_Ramarin_143.jpg?id=215) !important;background-position: center !important;background-repeat: no-repeat !important;background-size: cover !important;}\"]<div class=\"cz_gap clr  hide_on_tablet hide_on_mobile\" style=\"height: 350px\"><\/div><div class=\"cz_gap show_on_tablet clr  show_only_tablet\" style=\"height: 150px\"><\/div><div class=\"cz_gap show_on_mobile clr\" style=\"height: 100px\"><\/div>[\/vc_column][vc_column width=\"1\/2\" el_class=\"cta_text\"]<div class=\"cz_eqh cz_content_box_parent_fx  \"><div id=\"cz_100451\" class=\"cz_100451 cz_content_box clr\"><div class=\"cz_box_front clr\"><div class=\"cz_box_front_inner clr \"><span><\/span><div>[vc_column_text]\r\n<h2>Kontaktieren Sie uns f\u00fcr weitere Informationen<\/h2>\r\n[\/vc_column_text][vc_column_text css=\"\"]<a class=\"nazovi\" href=\"tel:+385915492237\">Rufen Sie uns an<\/a> <a class=\"poslaji\" href=\"mailto:info@ranc-ramarin.hr\">Senden Sie eine Anfrage<\/a>[\/vc_column_text]<\/div><\/div><\/div><\/div><\/div>[\/vc_column][\/vc_row]<\/div><\/div>[\/vc_column][\/vc_row]<\/p>\n<\/div>","protected":false},"excerpt":{"rendered":"<p>[vc_row][vc_column][vc_column_text css=&#8220;&#8220;] Radfahren auf der Ranch Ramarin [\/vc_column_text][vc_column_text css=&#8220;&#8220;]Wenn Sie auf &#8230; <\/p>\n","protected":false},"author":123,"featured_media":1693,"parent":0,"menu_order":0,"comment_status":"closed","ping_status":"closed","template":"","meta":{"footnotes":""},"class_list":["post-1482","page","type-page","status-publish","has-post-thumbnail","hentry"],"_links":{"self":[{"href":"https:\/\/www.ranc-ramarin.hr\/de\/wp-json\/wp\/v2\/pages\/1482","targetHints":{"allow":["GET"]}}],"collection":[{"href":"https:\/\/www.ranc-ramarin.hr\/de\/wp-json\/wp\/v2\/pages"}],"about":[{"href":"https:\/\/www.ranc-ramarin.hr\/de\/wp-json\/wp\/v2\/types\/page"}],"author":[{"embeddable":true,"href":"https:\/\/www.ranc-ramarin.hr\/de\/wp-json\/wp\/v2\/users\/123"}],"replies":[{"embeddable":true,"href":"https:\/\/www.ranc-ramarin.hr\/de\/wp-json\/wp\/v2\/comments?post=1482"}],"version-history":[{"count":3,"href":"https:\/\/www.ranc-ramarin.hr\/de\/wp-json\/wp\/v2\/pages\/1482\/revisions"}],"predecessor-version":[{"id":3466,"href":"https:\/\/www.ranc-ramarin.hr\/de\/wp-json\/wp\/v2\/pages\/1482\/revisions\/3466"}],"wp:featuredmedia":[{"embeddable":true,"href":"https:\/\/www.ranc-ramarin.hr\/de\/wp-json\/wp\/v2\/media\/1693"}],"wp:attachment":[{"href":"https:\/\/www.ranc-ramarin.hr\/de\/wp-json\/wp\/v2\/media?parent=1482"}],"curies":[{"name":"wp","href":"https:\/\/api.w.org\/{rel}","templated":true}]}}